{"id":13079,"date":"2020-08-19T21:55:28","date_gmt":"2020-08-19T21:55:28","guid":{"rendered":"https:\/\/torebunia.pl\/sklep\/produkt\/47brand-czapka-7\/"},"modified":"2021-01-27T13:56:18","modified_gmt":"2021-01-27T13:56:18","slug":"47brand-czapka-7","status":"publish","type":"product","link":"https:\/\/torebunia.pl\/sklep\/produkt\/47brand-czapka-7\/","title":{"rendered":"47brand &#8211; Czapka"},"content":{"rendered":"<p>Parametry produktu:<\/p>\n<ul>\n<li>cena: <strong>89.9 PLN<\/strong><\/li>\n<li>marka: <strong>47brand<\/strong><\/li>\n<li>p\u0142e\u0107: <strong>Female<\/strong><\/li>\n<li>kategoria: <strong>ONA \/ ON \/ Akcesoria \/ Czapki i kapelusze<\/strong><\/li>\n<li>kolor: <strong>czarny<\/strong><\/li>\n<\/ul>\n<p>Opis:<br \/>\nCzapka z daszkiem typu baseball z kolekcji 47brand. Model wykonany z g\u0142adkiej tkaniny ze wstawkami. Wz\u00f3r: aplikacja Materia\u0142: z domieszk\u0105 we\u0142ny Sk\u0142ad: 85 % Akryl, 15 % We\u0142na ID produktu: 4901-CAU01G Kod producenta: H.MVP04WBV.BKA<\/p>\n","protected":false},"excerpt":{"rendered":"<p>Parametry produktu: cena: 89.9 PLN marka: 47brand p\u0142e\u0107: Female kategoria: ONA \/ ON \/ Akcesoria \/ Czapki i kapelusze kolor: czarny Opis: Czapka z daszkiem typu baseball z kolekcji 47brand.<\/p>\n","protected":false},"featured_media":13080,"comment_status":"closed","ping_status":"open","template":"","meta":[],"class_list":{"0":"post-13079","1":"product","2":"type-product","3":"status-publish","5":"hentry","6":"product_cat-akcesoria","7":"product_cat-czapki-i-kapelusze","8":"product_cat-on","9":"product_cat-ona","10":"product_tag-47brand","11":"product_tag-47brand-czapka"},"yoast_head":"<!-- This site is optimized with the Yoast SEO plugin v15.6.2 - https:\/\/yoast.com\/wordpress\/plugins\/seo\/ -->\n<title>47brand - Czapka<\/title>\n<meta name=\"robots\" content=\"index, follow, max-snippet:-1, max-image-preview:large, max-video-preview:-1\" \/>\n<link rel=\"canonical\" href=\"https:\/\/torebunia.pl\/sklep\/produkt\/47brand-czapka-7\/\" \/>\n<meta property=\"og:locale\" content=\"pl_PL\" \/>\n<meta property=\"og:type\" content=\"article\" \/>\n<meta property=\"og:title\" content=\"47brand - Czapka\" \/>\n<meta property=\"og:description\" content=\"Parametry produktu: cena: 89.9 PLN marka: 47brand p\u0142e\u0107: Female kategoria: ONA \/ ON \/ Akcesoria \/ Czapki i kapelusze kolor: czarny Opis: Czapka z daszkiem typu baseball z kolekcji 47brand.\" \/>\n<meta property=\"og:url\" content=\"https:\/\/torebunia.pl\/sklep\/produkt\/47brand-czapka-7\/\" \/>\n<meta property=\"og:site_name\" content=\"Moje Blog\" \/>\n<meta property=\"article:modified_time\" content=\"2021-01-27T13:56:18+00:00\" \/>\n<meta property=\"og:image\" content=\"https:\/\/torebunia.pl\/sklep\/wp-content\/uploads\/2021\/01\/ff909bb08ae5609f0d705c80ab195c66532ea8e9.jpg\" \/>\n\t<meta property=\"og:image:width\" content=\"855\" \/>\n\t<meta property=\"og:image:height\" content=\"1290\" \/>\n<meta name=\"twitter:card\" content=\"summary_large_image\" \/>\n<script type=\"application\/ld+json\" class=\"yoast-schema-graph\">{\"@context\":\"https:\/\/schema.org\",\"@graph\":[{\"@type\":\"WebSite\",\"@id\":\"https:\/\/torebunia.pl\/sklep\/#website\",\"url\":\"https:\/\/torebunia.pl\/sklep\/\",\"name\":\"Moje Blog\",\"description\":\"Kolejna witryna WordPress\",\"potentialAction\":[{\"@type\":\"SearchAction\",\"target\":\"https:\/\/torebunia.pl\/sklep\/?s={search_term_string}\",\"query-input\":\"required name=search_term_string\"}],\"inLanguage\":\"pl-PL\"},{\"@type\":\"ImageObject\",\"@id\":\"https:\/\/torebunia.pl\/sklep\/produkt\/47brand-czapka-7\/#primaryimage\",\"inLanguage\":\"pl-PL\",\"url\":\"https:\/\/torebunia.pl\/sklep\/wp-content\/uploads\/2021\/01\/ff909bb08ae5609f0d705c80ab195c66532ea8e9.jpg\",\"width\":855,\"height\":1290,\"caption\":\"47brand - Czapka\"},{\"@type\":\"WebPage\",\"@id\":\"https:\/\/torebunia.pl\/sklep\/produkt\/47brand-czapka-7\/#webpage\",\"url\":\"https:\/\/torebunia.pl\/sklep\/produkt\/47brand-czapka-7\/\",\"name\":\"47brand - Czapka\",\"isPartOf\":{\"@id\":\"https:\/\/torebunia.pl\/sklep\/#website\"},\"primaryImageOfPage\":{\"@id\":\"https:\/\/torebunia.pl\/sklep\/produkt\/47brand-czapka-7\/#primaryimage\"},\"datePublished\":\"2020-08-19T21:55:28+00:00\",\"dateModified\":\"2021-01-27T13:56:18+00:00\",\"inLanguage\":\"pl-PL\",\"potentialAction\":[{\"@type\":\"ReadAction\",\"target\":[\"https:\/\/torebunia.pl\/sklep\/produkt\/47brand-czapka-7\/\"]}]}]}<\/script>\n<!-- \/ Yoast SEO plugin. -->","_links":{"self":[{"href":"https:\/\/torebunia.pl\/sklep\/wp-json\/wp\/v2\/product\/13079","targetHints":{"allow":["GET"]}}],"collection":[{"href":"https:\/\/torebunia.pl\/sklep\/wp-json\/wp\/v2\/product"}],"about":[{"href":"https:\/\/torebunia.pl\/sklep\/wp-json\/wp\/v2\/types\/product"}],"replies":[{"embeddable":true,"href":"https:\/\/torebunia.pl\/sklep\/wp-json\/wp\/v2\/comments?post=13079"}],"wp:featuredmedia":[{"embeddable":true,"href":"https:\/\/torebunia.pl\/sklep\/wp-json\/wp\/v2\/media\/13080"}],"wp:attachment":[{"href":"https:\/\/torebunia.pl\/sklep\/wp-json\/wp\/v2\/media?parent=13079"}],"curies":[{"name":"wp","href":"https:\/\/api.w.org\/{rel}","templated":true}]}}