{"id":13031,"date":"2020-12-08T11:17:19","date_gmt":"2020-12-08T11:17:19","guid":{"rendered":"https:\/\/torebunia.pl\/sklep\/produkt\/mango-kardigan-vinson\/"},"modified":"2021-01-27T13:55:41","modified_gmt":"2021-01-27T13:55:41","slug":"mango-kardigan-vinson","status":"publish","type":"product","link":"https:\/\/torebunia.pl\/sklep\/produkt\/mango-kardigan-vinson\/","title":{"rendered":"Mango &#8211; Kardigan VINSON"},"content":{"rendered":"<p>Parametry produktu:<\/p>\n<ul>\n<li>cena: <strong>139.99 PLN<\/strong><\/li>\n<li>marka: <strong>Mango<\/strong><\/li>\n<li>p\u0142e\u0107: <strong>Female<\/strong><\/li>\n<li>kategoria: <strong>ONA \/ Odzie\u017c \/ Swetry \/ Rozpinane<\/strong><\/li>\n<li>kolor: <strong>\u017c\u00f3\u0142ty<\/strong><\/li>\n<\/ul>\n<p>Opis:<br \/>\nKardigan z kolekcji Mango. Model ze spiczastym dekoltem, wykonany z g\u0142adkiej dzianiny. &#8211; Lu\u017any fason. &#8211; Obni\u017cona linia ramion. &#8211; D\u0142ugi r\u0119kaw. &#8211; Zapi\u0119cie na guziki. &#8211; Gruba, elastyczna dzianina. Sk\u0142ad: 61 % Akryl, 2 % Elastan, 10 % Poliamid, 15 % Poliester, 7 % We\u0142na, 5 % Alpaka ID produktu: -100-SWD03N Kod producenta: 77087609<\/p>\n","protected":false},"excerpt":{"rendered":"<p>Parametry produktu: cena: 139.99 PLN marka: Mango p\u0142e\u0107: Female kategoria: ONA \/ Odzie\u017c \/ Swetry \/ Rozpinane kolor: \u017c\u00f3\u0142ty Opis: Kardigan z kolekcji Mango. Model ze spiczastym dekoltem, wykonany z<\/p>\n","protected":false},"featured_media":13032,"comment_status":"closed","ping_status":"open","template":"","meta":[],"class_list":{"0":"post-13031","1":"product","2":"type-product","3":"status-publish","5":"hentry","6":"product_cat-odziez","7":"product_cat-ona","8":"product_cat-rozpinane","9":"product_cat-swetry","10":"product_tag-mango","11":"product_tag-mango-kardigan-vinson"},"yoast_head":"<!-- This site is optimized with the Yoast SEO plugin v15.6.2 - https:\/\/yoast.com\/wordpress\/plugins\/seo\/ -->\n<title>Mango - Kardigan VINSON<\/title>\n<meta name=\"robots\" content=\"index, follow, max-snippet:-1, max-image-preview:large, max-video-preview:-1\" \/>\n<link rel=\"canonical\" href=\"https:\/\/torebunia.pl\/sklep\/produkt\/mango-kardigan-vinson\/\" \/>\n<meta property=\"og:locale\" content=\"pl_PL\" \/>\n<meta property=\"og:type\" content=\"article\" \/>\n<meta property=\"og:title\" content=\"Mango - Kardigan VINSON\" \/>\n<meta property=\"og:description\" content=\"Parametry produktu: cena: 139.99 PLN marka: Mango p\u0142e\u0107: Female kategoria: ONA \/ Odzie\u017c \/ Swetry \/ Rozpinane kolor: \u017c\u00f3\u0142ty Opis: Kardigan z kolekcji Mango. Model ze spiczastym dekoltem, wykonany z\" \/>\n<meta property=\"og:url\" content=\"https:\/\/torebunia.pl\/sklep\/produkt\/mango-kardigan-vinson\/\" \/>\n<meta property=\"og:site_name\" content=\"Moje Blog\" \/>\n<meta property=\"article:modified_time\" content=\"2021-01-27T13:55:41+00:00\" \/>\n<meta property=\"og:image\" content=\"https:\/\/torebunia.pl\/sklep\/wp-content\/uploads\/2021\/01\/2317302b21ad6b74ae913784843756a1eb4f4223.jpg\" \/>\n\t<meta property=\"og:image:width\" content=\"855\" \/>\n\t<meta property=\"og:image:height\" content=\"1290\" \/>\n<meta name=\"twitter:card\" content=\"summary_large_image\" \/>\n<script type=\"application\/ld+json\" class=\"yoast-schema-graph\">{\"@context\":\"https:\/\/schema.org\",\"@graph\":[{\"@type\":\"WebSite\",\"@id\":\"https:\/\/torebunia.pl\/sklep\/#website\",\"url\":\"https:\/\/torebunia.pl\/sklep\/\",\"name\":\"Moje Blog\",\"description\":\"Kolejna witryna WordPress\",\"potentialAction\":[{\"@type\":\"SearchAction\",\"target\":\"https:\/\/torebunia.pl\/sklep\/?s={search_term_string}\",\"query-input\":\"required name=search_term_string\"}],\"inLanguage\":\"pl-PL\"},{\"@type\":\"ImageObject\",\"@id\":\"https:\/\/torebunia.pl\/sklep\/produkt\/mango-kardigan-vinson\/#primaryimage\",\"inLanguage\":\"pl-PL\",\"url\":\"https:\/\/torebunia.pl\/sklep\/wp-content\/uploads\/2021\/01\/2317302b21ad6b74ae913784843756a1eb4f4223.jpg\",\"width\":855,\"height\":1290,\"caption\":\"Mango - Kardigan VINSON\"},{\"@type\":\"WebPage\",\"@id\":\"https:\/\/torebunia.pl\/sklep\/produkt\/mango-kardigan-vinson\/#webpage\",\"url\":\"https:\/\/torebunia.pl\/sklep\/produkt\/mango-kardigan-vinson\/\",\"name\":\"Mango - Kardigan VINSON\",\"isPartOf\":{\"@id\":\"https:\/\/torebunia.pl\/sklep\/#website\"},\"primaryImageOfPage\":{\"@id\":\"https:\/\/torebunia.pl\/sklep\/produkt\/mango-kardigan-vinson\/#primaryimage\"},\"datePublished\":\"2020-12-08T11:17:19+00:00\",\"dateModified\":\"2021-01-27T13:55:41+00:00\",\"inLanguage\":\"pl-PL\",\"potentialAction\":[{\"@type\":\"ReadAction\",\"target\":[\"https:\/\/torebunia.pl\/sklep\/produkt\/mango-kardigan-vinson\/\"]}]}]}<\/script>\n<!-- \/ Yoast SEO plugin. -->","_links":{"self":[{"href":"https:\/\/torebunia.pl\/sklep\/wp-json\/wp\/v2\/product\/13031","targetHints":{"allow":["GET"]}}],"collection":[{"href":"https:\/\/torebunia.pl\/sklep\/wp-json\/wp\/v2\/product"}],"about":[{"href":"https:\/\/torebunia.pl\/sklep\/wp-json\/wp\/v2\/types\/product"}],"replies":[{"embeddable":true,"href":"https:\/\/torebunia.pl\/sklep\/wp-json\/wp\/v2\/comments?post=13031"}],"wp:featuredmedia":[{"embeddable":true,"href":"https:\/\/torebunia.pl\/sklep\/wp-json\/wp\/v2\/media\/13032"}],"wp:attachment":[{"href":"https:\/\/torebunia.pl\/sklep\/wp-json\/wp\/v2\/media?parent=13031"}],"curies":[{"name":"wp","href":"https:\/\/api.w.org\/{rel}","templated":true}]}}