{"id":12691,"date":"2020-05-02T16:31:43","date_gmt":"2020-05-02T16:31:43","guid":{"rendered":"https:\/\/torebunia.pl\/sklep\/produkt\/coach-portfel\/"},"modified":"2021-01-25T19:32:30","modified_gmt":"2021-01-25T19:32:30","slug":"coach-portfel","status":"publish","type":"product","link":"https:\/\/torebunia.pl\/sklep\/produkt\/coach-portfel\/","title":{"rendered":"Coach &#8211; Portfel"},"content":{"rendered":"<p>Parametry produktu:<\/p>\n<ul>\n<li>cena: <strong>219.9 PLN<\/strong><\/li>\n<li>marka: <strong>COACH<\/strong><\/li>\n<li>p\u0142e\u0107: <strong>Female<\/strong><\/li>\n<li>kategoria: <strong>ONA \/ Akcesoria \/ Portfele<\/strong><\/li>\n<li>kolor: <strong>br\u0105zowy<\/strong><\/li>\n<\/ul>\n<p>Opis:<br \/>\nMa\u0142y portfel z kolekcji Coach. Model wykonany z po\u0142\u0105czenia sk\u00f3ry naturalnej i sk\u00f3ry ekologicznej. &#8211; Wymiary: 7,8 x 10,2 cm. Materia\u0142: sk\u00f3ra ekologiczna Sk\u0142ad: Materia\u0142 syntetyczny, Sk\u00f3ra naturalna ID produktu: 4910-PFD08Z Kod producenta: 31541<\/p>\n","protected":false},"excerpt":{"rendered":"<p>Parametry produktu: cena: 219.9 PLN marka: COACH p\u0142e\u0107: Female kategoria: ONA \/ Akcesoria \/ Portfele kolor: br\u0105zowy Opis: Ma\u0142y portfel z kolekcji Coach. Model wykonany z po\u0142\u0105czenia sk\u00f3ry naturalnej i<\/p>\n","protected":false},"featured_media":12692,"comment_status":"closed","ping_status":"open","template":"","meta":[],"class_list":{"0":"post-12691","1":"product","2":"type-product","3":"status-publish","5":"hentry","6":"product_cat-akcesoria","7":"product_cat-ona","8":"product_cat-portfele","9":"product_tag-coach","10":"product_tag-coach-portfel"},"yoast_head":"<!-- This site is optimized with the Yoast SEO plugin v15.6.2 - https:\/\/yoast.com\/wordpress\/plugins\/seo\/ -->\n<title>Coach - Portfel<\/title>\n<meta name=\"robots\" content=\"index, follow, max-snippet:-1, max-image-preview:large, max-video-preview:-1\" \/>\n<link rel=\"canonical\" href=\"https:\/\/torebunia.pl\/sklep\/produkt\/coach-portfel\/\" \/>\n<meta property=\"og:locale\" content=\"pl_PL\" \/>\n<meta property=\"og:type\" content=\"article\" \/>\n<meta property=\"og:title\" content=\"Coach - Portfel\" \/>\n<meta property=\"og:description\" content=\"Parametry produktu: cena: 219.9 PLN marka: COACH p\u0142e\u0107: Female kategoria: ONA \/ Akcesoria \/ Portfele kolor: br\u0105zowy Opis: Ma\u0142y portfel z kolekcji Coach. Model wykonany z po\u0142\u0105czenia sk\u00f3ry naturalnej i\" \/>\n<meta property=\"og:url\" content=\"https:\/\/torebunia.pl\/sklep\/produkt\/coach-portfel\/\" \/>\n<meta property=\"og:site_name\" content=\"Moje Blog\" \/>\n<meta property=\"article:modified_time\" content=\"2021-01-25T19:32:30+00:00\" \/>\n<meta property=\"og:image\" content=\"https:\/\/torebunia.pl\/sklep\/wp-content\/uploads\/2021\/01\/7c822b33b8baa92792785ae630efab435f1a03c3.jpg\" \/>\n\t<meta property=\"og:image:width\" content=\"855\" \/>\n\t<meta property=\"og:image:height\" content=\"1290\" \/>\n<meta name=\"twitter:card\" content=\"summary_large_image\" \/>\n<script type=\"application\/ld+json\" class=\"yoast-schema-graph\">{\"@context\":\"https:\/\/schema.org\",\"@graph\":[{\"@type\":\"WebSite\",\"@id\":\"https:\/\/torebunia.pl\/sklep\/#website\",\"url\":\"https:\/\/torebunia.pl\/sklep\/\",\"name\":\"Moje Blog\",\"description\":\"Kolejna witryna WordPress\",\"potentialAction\":[{\"@type\":\"SearchAction\",\"target\":\"https:\/\/torebunia.pl\/sklep\/?s={search_term_string}\",\"query-input\":\"required name=search_term_string\"}],\"inLanguage\":\"pl-PL\"},{\"@type\":\"ImageObject\",\"@id\":\"https:\/\/torebunia.pl\/sklep\/produkt\/coach-portfel\/#primaryimage\",\"inLanguage\":\"pl-PL\",\"url\":\"https:\/\/torebunia.pl\/sklep\/wp-content\/uploads\/2021\/01\/7c822b33b8baa92792785ae630efab435f1a03c3.jpg\",\"width\":855,\"height\":1290,\"caption\":\"Coach - Portfel\"},{\"@type\":\"WebPage\",\"@id\":\"https:\/\/torebunia.pl\/sklep\/produkt\/coach-portfel\/#webpage\",\"url\":\"https:\/\/torebunia.pl\/sklep\/produkt\/coach-portfel\/\",\"name\":\"Coach - Portfel\",\"isPartOf\":{\"@id\":\"https:\/\/torebunia.pl\/sklep\/#website\"},\"primaryImageOfPage\":{\"@id\":\"https:\/\/torebunia.pl\/sklep\/produkt\/coach-portfel\/#primaryimage\"},\"datePublished\":\"2020-05-02T16:31:43+00:00\",\"dateModified\":\"2021-01-25T19:32:30+00:00\",\"inLanguage\":\"pl-PL\",\"potentialAction\":[{\"@type\":\"ReadAction\",\"target\":[\"https:\/\/torebunia.pl\/sklep\/produkt\/coach-portfel\/\"]}]}]}<\/script>\n<!-- \/ Yoast SEO plugin. -->","_links":{"self":[{"href":"https:\/\/torebunia.pl\/sklep\/wp-json\/wp\/v2\/product\/12691","targetHints":{"allow":["GET"]}}],"collection":[{"href":"https:\/\/torebunia.pl\/sklep\/wp-json\/wp\/v2\/product"}],"about":[{"href":"https:\/\/torebunia.pl\/sklep\/wp-json\/wp\/v2\/types\/product"}],"replies":[{"embeddable":true,"href":"https:\/\/torebunia.pl\/sklep\/wp-json\/wp\/v2\/comments?post=12691"}],"wp:featuredmedia":[{"embeddable":true,"href":"https:\/\/torebunia.pl\/sklep\/wp-json\/wp\/v2\/media\/12692"}],"wp:attachment":[{"href":"https:\/\/torebunia.pl\/sklep\/wp-json\/wp\/v2\/media?parent=12691"}],"curies":[{"name":"wp","href":"https:\/\/api.w.org\/{rel}","templated":true}]}}