{"id":12675,"date":"2020-08-26T06:17:25","date_gmt":"2020-08-26T06:17:25","guid":{"rendered":"https:\/\/torebunia.pl\/sklep\/produkt\/desigual-torebka-8\/"},"modified":"2021-01-25T19:32:02","modified_gmt":"2021-01-25T19:32:02","slug":"desigual-torebka-8","status":"publish","type":"product","link":"https:\/\/torebunia.pl\/sklep\/produkt\/desigual-torebka-8\/","title":{"rendered":"Desigual &#8211; Torebka"},"content":{"rendered":"<p>Parametry produktu:<\/p>\n<ul>\n<li>cena: <strong>299.9 PLN<\/strong><\/li>\n<li>marka: <strong>Desigual<\/strong><\/li>\n<li>p\u0142e\u0107: <strong>Female<\/strong><\/li>\n<li>kategoria: <strong>ONA \/ Akcesoria \/ Torebki \/ Crossbody i listonoszki<\/strong><\/li>\n<li>kolor: <strong>be\u017cowy<\/strong><\/li>\n<\/ul>\n<p>Opis:<br \/>\nMa\u0142a torebka z kolekcji Desigual. Zapinany wykonany ze sk\u00f3ry ekologicznej. &#8211; Zapi\u0119cie na magnes. &#8211; Torebka do noszenia na ramieniu. &#8211; Nieodpinany d\u0142ugi pasek z regulacj\u0105. &#8211; Nie mie\u015bci formatu A4. &#8211; G\u0142\u0119boko\u015b\u0107: 8 cm. &#8211; Wysoko\u015b\u0107: 20 cm. &#8211; Szeroko\u015b\u0107 u podstawy: 25 cm. Wz\u00f3r: aplikacja Wielko\u015b\u0107: nie mie\u015bci A4 Materia\u0142: imitacja sk\u00f3ry licowej Sk\u0142ad: Podszewka: 100 % Bawe\u0142na, Materia\u0142 zasadniczy: 100 % Poliuretan, Wskaz\u00f3wki piel\u0119gnacyjne: nie suszy\u0107 w suszarce b\u0119bnowej, nie wybiela\u0107, nie prasowa\u0107, Nie pra\u0107, Nie czy\u015bci\u0107 chemicznie ID produktu: 4901-TOD05M Kod producenta: 20SAXP87<\/p>\n","protected":false},"excerpt":{"rendered":"<p>Parametry produktu: cena: 299.9 PLN marka: Desigual p\u0142e\u0107: Female kategoria: ONA \/ Akcesoria \/ Torebki \/ Crossbody i listonoszki kolor: be\u017cowy Opis: Ma\u0142a torebka z kolekcji Desigual. Zapinany wykonany ze<\/p>\n","protected":false},"featured_media":12676,"comment_status":"closed","ping_status":"open","template":"","meta":[],"class_list":{"0":"post-12675","1":"product","2":"type-product","3":"status-publish","5":"hentry","6":"product_cat-akcesoria","7":"product_cat-crossbody-i-listonoszki","8":"product_cat-ona","9":"product_cat-torebki","10":"product_tag-desigual","11":"product_tag-desigual-torebka"},"yoast_head":"<!-- This site is optimized with the Yoast SEO plugin v15.6.2 - https:\/\/yoast.com\/wordpress\/plugins\/seo\/ -->\n<title>Desigual - Torebka<\/title>\n<meta name=\"robots\" content=\"index, follow, max-snippet:-1, max-image-preview:large, max-video-preview:-1\" \/>\n<link rel=\"canonical\" href=\"https:\/\/torebunia.pl\/sklep\/produkt\/desigual-torebka-8\/\" \/>\n<meta property=\"og:locale\" content=\"pl_PL\" \/>\n<meta property=\"og:type\" content=\"article\" \/>\n<meta property=\"og:title\" content=\"Desigual - Torebka\" \/>\n<meta property=\"og:description\" content=\"Parametry produktu: cena: 299.9 PLN marka: Desigual p\u0142e\u0107: Female kategoria: ONA \/ Akcesoria \/ Torebki \/ Crossbody i listonoszki kolor: be\u017cowy Opis: Ma\u0142a torebka z kolekcji Desigual. Zapinany wykonany ze\" \/>\n<meta property=\"og:url\" content=\"https:\/\/torebunia.pl\/sklep\/produkt\/desigual-torebka-8\/\" \/>\n<meta property=\"og:site_name\" content=\"Moje Blog\" \/>\n<meta property=\"article:modified_time\" content=\"2021-01-25T19:32:02+00:00\" \/>\n<meta property=\"og:image\" content=\"https:\/\/torebunia.pl\/sklep\/wp-content\/uploads\/2021\/01\/848ac87d3a28fb26dd3f28fdc5380338eeb8a8b3.jpg\" \/>\n\t<meta property=\"og:image:width\" content=\"855\" \/>\n\t<meta property=\"og:image:height\" content=\"1290\" \/>\n<meta name=\"twitter:card\" content=\"summary_large_image\" \/>\n<meta name=\"twitter:label1\" content=\"Est. reading time\">\n\t<meta name=\"twitter:data1\" content=\"1 minuta\">\n<script type=\"application\/ld+json\" class=\"yoast-schema-graph\">{\"@context\":\"https:\/\/schema.org\",\"@graph\":[{\"@type\":\"WebSite\",\"@id\":\"https:\/\/torebunia.pl\/sklep\/#website\",\"url\":\"https:\/\/torebunia.pl\/sklep\/\",\"name\":\"Moje Blog\",\"description\":\"Kolejna witryna WordPress\",\"potentialAction\":[{\"@type\":\"SearchAction\",\"target\":\"https:\/\/torebunia.pl\/sklep\/?s={search_term_string}\",\"query-input\":\"required name=search_term_string\"}],\"inLanguage\":\"pl-PL\"},{\"@type\":\"ImageObject\",\"@id\":\"https:\/\/torebunia.pl\/sklep\/produkt\/desigual-torebka-8\/#primaryimage\",\"inLanguage\":\"pl-PL\",\"url\":\"https:\/\/torebunia.pl\/sklep\/wp-content\/uploads\/2021\/01\/848ac87d3a28fb26dd3f28fdc5380338eeb8a8b3.jpg\",\"width\":855,\"height\":1290,\"caption\":\"Desigual - Torebka\"},{\"@type\":\"WebPage\",\"@id\":\"https:\/\/torebunia.pl\/sklep\/produkt\/desigual-torebka-8\/#webpage\",\"url\":\"https:\/\/torebunia.pl\/sklep\/produkt\/desigual-torebka-8\/\",\"name\":\"Desigual - Torebka\",\"isPartOf\":{\"@id\":\"https:\/\/torebunia.pl\/sklep\/#website\"},\"primaryImageOfPage\":{\"@id\":\"https:\/\/torebunia.pl\/sklep\/produkt\/desigual-torebka-8\/#primaryimage\"},\"datePublished\":\"2020-08-26T06:17:25+00:00\",\"dateModified\":\"2021-01-25T19:32:02+00:00\",\"inLanguage\":\"pl-PL\",\"potentialAction\":[{\"@type\":\"ReadAction\",\"target\":[\"https:\/\/torebunia.pl\/sklep\/produkt\/desigual-torebka-8\/\"]}]}]}<\/script>\n<!-- \/ Yoast SEO plugin. -->","_links":{"self":[{"href":"https:\/\/torebunia.pl\/sklep\/wp-json\/wp\/v2\/product\/12675","targetHints":{"allow":["GET"]}}],"collection":[{"href":"https:\/\/torebunia.pl\/sklep\/wp-json\/wp\/v2\/product"}],"about":[{"href":"https:\/\/torebunia.pl\/sklep\/wp-json\/wp\/v2\/types\/product"}],"replies":[{"embeddable":true,"href":"https:\/\/torebunia.pl\/sklep\/wp-json\/wp\/v2\/comments?post=12675"}],"wp:featuredmedia":[{"embeddable":true,"href":"https:\/\/torebunia.pl\/sklep\/wp-json\/wp\/v2\/media\/12676"}],"wp:attachment":[{"href":"https:\/\/torebunia.pl\/sklep\/wp-json\/wp\/v2\/media?parent=12675"}],"curies":[{"name":"wp","href":"https:\/\/api.w.org\/{rel}","templated":true}]}}