{"id":12641,"date":"2020-03-13T02:33:47","date_gmt":"2020-03-13T02:33:47","guid":{"rendered":"https:\/\/torebunia.pl\/sklep\/produkt\/karl-lagerfeld-bluzka\/"},"modified":"2021-01-25T19:31:02","modified_gmt":"2021-01-25T19:31:02","slug":"karl-lagerfeld-bluzka","status":"publish","type":"product","link":"https:\/\/torebunia.pl\/sklep\/produkt\/karl-lagerfeld-bluzka\/","title":{"rendered":"Karl Lagerfeld &#8211; Bluzka"},"content":{"rendered":"<p>Parametry produktu:<\/p>\n<ul>\n<li>cena: <strong>1139.0 PLN<\/strong><\/li>\n<li>marka: <strong>Karl Lagerfeld<\/strong><\/li>\n<li>p\u0142e\u0107: <strong>Female<\/strong><\/li>\n<li>kategoria: <strong>ONA \/ Odzie\u017c \/ Bluzki i koszule \/ Bluzki<\/strong><\/li>\n<li>kolor: <strong>czarny<\/strong><\/li>\n<\/ul>\n<p>Opis:<br \/>\nBluzka z kolekcji Karl Lagerfeld. Model wykonany z lekko elastycznej tkaniny. Posiada okr\u0105g\u0142y dekolt. &#8211; Prosty fason. &#8211; Okr\u0105g\u0142y dekolt. &#8211; Kr\u00f3tkie zapi\u0119cie na suwak. &#8211; D\u0142ugi r\u0119kaw. &#8211; G\u0142adka tkanina. &#8211; D\u0142ugo\u015b\u0107 r\u0119kawa: 50 cm. &#8211; D\u0142ugo\u015b\u0107: 63 cm. &#8211; Szeroko\u015b\u0107 pod pachami: 46 cm. &#8211; Wymiary podane dla rozmiaru: 36. Wz\u00f3r: g\u0142adkie Fason: regular R\u0119kaw: d\u0142ugi Dekolt: okr\u0105g\u0142y Okazje: eleganckie Okazje: casual Sk\u0142ad: Materia\u0142 1: 100 % Poliuretan, Materia\u0142 2: 100 % Poliester ID produktu: 4900-BDD08K Kod producenta: 201W1614<\/p>\n","protected":false},"excerpt":{"rendered":"<p>Parametry produktu: cena: 1139.0 PLN marka: Karl Lagerfeld p\u0142e\u0107: Female kategoria: ONA \/ Odzie\u017c \/ Bluzki i koszule \/ Bluzki kolor: czarny Opis: Bluzka z kolekcji Karl Lagerfeld. Model wykonany<\/p>\n","protected":false},"featured_media":12642,"comment_status":"closed","ping_status":"open","template":"","meta":[],"class_list":{"0":"post-12641","1":"product","2":"type-product","3":"status-publish","5":"hentry","6":"product_cat-bluzki","7":"product_cat-bluzki-i-koszule","8":"product_cat-odziez","9":"product_cat-ona","10":"product_tag-karl-lagerfeld","11":"product_tag-karl-lagerfeld-bluzka"},"yoast_head":"<!-- This site is optimized with the Yoast SEO plugin v15.6.2 - https:\/\/yoast.com\/wordpress\/plugins\/seo\/ -->\n<title>Karl Lagerfeld - Bluzka<\/title>\n<meta name=\"robots\" content=\"index, follow, max-snippet:-1, max-image-preview:large, max-video-preview:-1\" \/>\n<link rel=\"canonical\" href=\"https:\/\/torebunia.pl\/sklep\/produkt\/karl-lagerfeld-bluzka\/\" \/>\n<meta property=\"og:locale\" content=\"pl_PL\" \/>\n<meta property=\"og:type\" content=\"article\" \/>\n<meta property=\"og:title\" content=\"Karl Lagerfeld - Bluzka\" \/>\n<meta property=\"og:description\" content=\"Parametry produktu: cena: 1139.0 PLN marka: Karl Lagerfeld p\u0142e\u0107: Female kategoria: ONA \/ Odzie\u017c \/ Bluzki i koszule \/ Bluzki kolor: czarny Opis: Bluzka z kolekcji Karl Lagerfeld. Model wykonany\" \/>\n<meta property=\"og:url\" content=\"https:\/\/torebunia.pl\/sklep\/produkt\/karl-lagerfeld-bluzka\/\" \/>\n<meta property=\"og:site_name\" content=\"Moje Blog\" \/>\n<meta property=\"article:modified_time\" content=\"2021-01-25T19:31:02+00:00\" \/>\n<meta property=\"og:image\" content=\"https:\/\/torebunia.pl\/sklep\/wp-content\/uploads\/2021\/01\/24d472c6cfb76666b2984fa364d0f8b99c285925.jpg\" \/>\n\t<meta property=\"og:image:width\" content=\"855\" \/>\n\t<meta property=\"og:image:height\" content=\"1290\" \/>\n<meta name=\"twitter:card\" content=\"summary_large_image\" \/>\n<meta name=\"twitter:label1\" content=\"Est. reading time\">\n\t<meta name=\"twitter:data1\" content=\"1 minuta\">\n<script type=\"application\/ld+json\" class=\"yoast-schema-graph\">{\"@context\":\"https:\/\/schema.org\",\"@graph\":[{\"@type\":\"WebSite\",\"@id\":\"https:\/\/torebunia.pl\/sklep\/#website\",\"url\":\"https:\/\/torebunia.pl\/sklep\/\",\"name\":\"Moje Blog\",\"description\":\"Kolejna witryna WordPress\",\"potentialAction\":[{\"@type\":\"SearchAction\",\"target\":\"https:\/\/torebunia.pl\/sklep\/?s={search_term_string}\",\"query-input\":\"required name=search_term_string\"}],\"inLanguage\":\"pl-PL\"},{\"@type\":\"ImageObject\",\"@id\":\"https:\/\/torebunia.pl\/sklep\/produkt\/karl-lagerfeld-bluzka\/#primaryimage\",\"inLanguage\":\"pl-PL\",\"url\":\"https:\/\/torebunia.pl\/sklep\/wp-content\/uploads\/2021\/01\/24d472c6cfb76666b2984fa364d0f8b99c285925.jpg\",\"width\":855,\"height\":1290,\"caption\":\"Karl Lagerfeld - Bluzka\"},{\"@type\":\"WebPage\",\"@id\":\"https:\/\/torebunia.pl\/sklep\/produkt\/karl-lagerfeld-bluzka\/#webpage\",\"url\":\"https:\/\/torebunia.pl\/sklep\/produkt\/karl-lagerfeld-bluzka\/\",\"name\":\"Karl Lagerfeld - Bluzka\",\"isPartOf\":{\"@id\":\"https:\/\/torebunia.pl\/sklep\/#website\"},\"primaryImageOfPage\":{\"@id\":\"https:\/\/torebunia.pl\/sklep\/produkt\/karl-lagerfeld-bluzka\/#primaryimage\"},\"datePublished\":\"2020-03-13T02:33:47+00:00\",\"dateModified\":\"2021-01-25T19:31:02+00:00\",\"inLanguage\":\"pl-PL\",\"potentialAction\":[{\"@type\":\"ReadAction\",\"target\":[\"https:\/\/torebunia.pl\/sklep\/produkt\/karl-lagerfeld-bluzka\/\"]}]}]}<\/script>\n<!-- \/ Yoast SEO plugin. -->","_links":{"self":[{"href":"https:\/\/torebunia.pl\/sklep\/wp-json\/wp\/v2\/product\/12641","targetHints":{"allow":["GET"]}}],"collection":[{"href":"https:\/\/torebunia.pl\/sklep\/wp-json\/wp\/v2\/product"}],"about":[{"href":"https:\/\/torebunia.pl\/sklep\/wp-json\/wp\/v2\/types\/product"}],"replies":[{"embeddable":true,"href":"https:\/\/torebunia.pl\/sklep\/wp-json\/wp\/v2\/comments?post=12641"}],"wp:featuredmedia":[{"embeddable":true,"href":"https:\/\/torebunia.pl\/sklep\/wp-json\/wp\/v2\/media\/12642"}],"wp:attachment":[{"href":"https:\/\/torebunia.pl\/sklep\/wp-json\/wp\/v2\/media?parent=12641"}],"curies":[{"name":"wp","href":"https:\/\/api.w.org\/{rel}","templated":true}]}}