{"id":12601,"date":"2020-11-07T08:52:14","date_gmt":"2020-11-07T08:52:14","guid":{"rendered":"https:\/\/torebunia.pl\/sklep\/produkt\/vans-bluza-5\/"},"modified":"2021-01-25T19:29:49","modified_gmt":"2021-01-25T19:29:49","slug":"vans-bluza-5","status":"publish","type":"product","link":"https:\/\/torebunia.pl\/sklep\/produkt\/vans-bluza-5\/","title":{"rendered":"Vans &#8211; Bluza"},"content":{"rendered":"<p>Parametry produktu:<\/p>\n<ul>\n<li>cena: <strong>289.9 PLN<\/strong><\/li>\n<li>marka: <strong>Vans<\/strong><\/li>\n<li>p\u0142e\u0107: <strong>Female<\/strong><\/li>\n<li>kategoria: <strong>ONA \/ Odzie\u017c \/ Bluzy \/ Przez g\u0142ow\u0119<\/strong><\/li>\n<li>kolor: <strong>r\u00f3\u017cowy<\/strong><\/li>\n<\/ul>\n<p>Opis:<br \/>\nBluza z kapturem z kolekcji Vans. Model wykonany z lekko elastycznej dzianiny. &#8211; Kaptur \u015bci\u0105gany troczkami. &#8211; Prosty fason. &#8211; Obni\u017cona linia ramion. &#8211; Wyko\u0144czenie ze \u015bci\u0105gacza. &#8211; Model z nadrukiem. &#8211; D\u0142ugo\u015b\u0107 r\u0119kawa(mierzona od kaptura): 85 cm. &#8211; D\u0142ugo\u015b\u0107: 55 cm. &#8211; Szeroko\u015b\u0107 pod pachami: 54 cm. &#8211; Wymiary podane dla rozmiaru: S. Wz\u00f3r: nadruk Materia\u0142: bawe\u0142na Kaptur: z kapturem Sk\u0142ad: 100 % Bawe\u0142na ID produktu: 4900-BLD0A5 Kod producenta: VN0A4S9PZL01<\/p>\n","protected":false},"excerpt":{"rendered":"<p>Parametry produktu: cena: 289.9 PLN marka: Vans p\u0142e\u0107: Female kategoria: ONA \/ Odzie\u017c \/ Bluzy \/ Przez g\u0142ow\u0119 kolor: r\u00f3\u017cowy Opis: Bluza z kapturem z kolekcji Vans. Model wykonany z<\/p>\n","protected":false},"featured_media":12602,"comment_status":"closed","ping_status":"open","template":"","meta":[],"class_list":{"0":"post-12601","1":"product","2":"type-product","3":"status-publish","5":"hentry","6":"product_cat-bluzy","7":"product_cat-odziez","8":"product_cat-ona","9":"product_cat-przez-glowe","10":"product_tag-vans","11":"product_tag-vans-bluza"},"yoast_head":"<!-- This site is optimized with the Yoast SEO plugin v15.6.2 - https:\/\/yoast.com\/wordpress\/plugins\/seo\/ -->\n<title>Vans - Bluza<\/title>\n<meta name=\"robots\" content=\"index, follow, max-snippet:-1, max-image-preview:large, max-video-preview:-1\" \/>\n<link rel=\"canonical\" href=\"https:\/\/torebunia.pl\/sklep\/produkt\/vans-bluza-5\/\" \/>\n<meta property=\"og:locale\" content=\"pl_PL\" \/>\n<meta property=\"og:type\" content=\"article\" \/>\n<meta property=\"og:title\" content=\"Vans - Bluza\" \/>\n<meta property=\"og:description\" content=\"Parametry produktu: cena: 289.9 PLN marka: Vans p\u0142e\u0107: Female kategoria: ONA \/ Odzie\u017c \/ Bluzy \/ Przez g\u0142ow\u0119 kolor: r\u00f3\u017cowy Opis: Bluza z kapturem z kolekcji Vans. Model wykonany z\" \/>\n<meta property=\"og:url\" content=\"https:\/\/torebunia.pl\/sklep\/produkt\/vans-bluza-5\/\" \/>\n<meta property=\"og:site_name\" content=\"Moje Blog\" \/>\n<meta property=\"article:modified_time\" content=\"2021-01-25T19:29:49+00:00\" \/>\n<meta property=\"og:image\" content=\"https:\/\/torebunia.pl\/sklep\/wp-content\/uploads\/2021\/01\/da7ab42ee35ecafb74e87cdafd05525b7873d152-1.jpg\" \/>\n\t<meta property=\"og:image:width\" content=\"855\" \/>\n\t<meta property=\"og:image:height\" content=\"1290\" \/>\n<meta name=\"twitter:card\" content=\"summary_large_image\" \/>\n<meta name=\"twitter:label1\" content=\"Est. reading time\">\n\t<meta name=\"twitter:data1\" content=\"1 minuta\">\n<script type=\"application\/ld+json\" class=\"yoast-schema-graph\">{\"@context\":\"https:\/\/schema.org\",\"@graph\":[{\"@type\":\"WebSite\",\"@id\":\"https:\/\/torebunia.pl\/sklep\/#website\",\"url\":\"https:\/\/torebunia.pl\/sklep\/\",\"name\":\"Moje Blog\",\"description\":\"Kolejna witryna WordPress\",\"potentialAction\":[{\"@type\":\"SearchAction\",\"target\":\"https:\/\/torebunia.pl\/sklep\/?s={search_term_string}\",\"query-input\":\"required name=search_term_string\"}],\"inLanguage\":\"pl-PL\"},{\"@type\":\"ImageObject\",\"@id\":\"https:\/\/torebunia.pl\/sklep\/produkt\/vans-bluza-5\/#primaryimage\",\"inLanguage\":\"pl-PL\",\"url\":\"https:\/\/torebunia.pl\/sklep\/wp-content\/uploads\/2021\/01\/da7ab42ee35ecafb74e87cdafd05525b7873d152-1.jpg\",\"width\":855,\"height\":1290,\"caption\":\"Vans - Bluza\"},{\"@type\":\"WebPage\",\"@id\":\"https:\/\/torebunia.pl\/sklep\/produkt\/vans-bluza-5\/#webpage\",\"url\":\"https:\/\/torebunia.pl\/sklep\/produkt\/vans-bluza-5\/\",\"name\":\"Vans - Bluza\",\"isPartOf\":{\"@id\":\"https:\/\/torebunia.pl\/sklep\/#website\"},\"primaryImageOfPage\":{\"@id\":\"https:\/\/torebunia.pl\/sklep\/produkt\/vans-bluza-5\/#primaryimage\"},\"datePublished\":\"2020-11-07T08:52:14+00:00\",\"dateModified\":\"2021-01-25T19:29:49+00:00\",\"inLanguage\":\"pl-PL\",\"potentialAction\":[{\"@type\":\"ReadAction\",\"target\":[\"https:\/\/torebunia.pl\/sklep\/produkt\/vans-bluza-5\/\"]}]}]}<\/script>\n<!-- \/ Yoast SEO plugin. -->","_links":{"self":[{"href":"https:\/\/torebunia.pl\/sklep\/wp-json\/wp\/v2\/product\/12601","targetHints":{"allow":["GET"]}}],"collection":[{"href":"https:\/\/torebunia.pl\/sklep\/wp-json\/wp\/v2\/product"}],"about":[{"href":"https:\/\/torebunia.pl\/sklep\/wp-json\/wp\/v2\/types\/product"}],"replies":[{"embeddable":true,"href":"https:\/\/torebunia.pl\/sklep\/wp-json\/wp\/v2\/comments?post=12601"}],"wp:featuredmedia":[{"embeddable":true,"href":"https:\/\/torebunia.pl\/sklep\/wp-json\/wp\/v2\/media\/12602"}],"wp:attachment":[{"href":"https:\/\/torebunia.pl\/sklep\/wp-json\/wp\/v2\/media?parent=12601"}],"curies":[{"name":"wp","href":"https:\/\/api.w.org\/{rel}","templated":true}]}}