{"id":12583,"date":"2020-09-09T09:36:06","date_gmt":"2020-09-09T09:36:06","guid":{"rendered":"https:\/\/torebunia.pl\/sklep\/produkt\/allsaints-szorty\/"},"modified":"2021-01-25T19:29:22","modified_gmt":"2021-01-25T19:29:22","slug":"allsaints-szorty","status":"publish","type":"product","link":"https:\/\/torebunia.pl\/sklep\/produkt\/allsaints-szorty\/","title":{"rendered":"AllSaints &#8211; Szorty"},"content":{"rendered":"<p>Parametry produktu:<\/p>\n<ul>\n<li>cena: <strong>439.9 PLN<\/strong><\/li>\n<li>marka: <strong>AllSaints<\/strong><\/li>\n<li>p\u0142e\u0107: <strong>Female<\/strong><\/li>\n<li>kategoria: <strong>ONA \/ Odzie\u017c \/ Szorty<\/strong><\/li>\n<li>kolor: <strong>czarny<\/strong><\/li>\n<\/ul>\n<p>Opis:<br \/>\nSzorty z kolekcji AllSaints. Model wykonany z denimu. &#8211; Prosty fason. &#8211; Podwy\u017cszona talia. &#8211; Zapi\u0119cie na guzik i suwak. &#8211; W talii pasek. &#8211; Wsuwane kieszenie. &#8211; Ozdobne wystrz\u0119pienia. Wz\u00f3r: g\u0142adkie Materia\u0142: jeans Okazje: casual Talia: high Sk\u0142ad: 100 % Bawe\u0142na ID produktu: 4900-SJD0ET Kod producenta: WE508S<\/p>\n","protected":false},"excerpt":{"rendered":"<p>Parametry produktu: cena: 439.9 PLN marka: AllSaints p\u0142e\u0107: Female kategoria: ONA \/ Odzie\u017c \/ Szorty kolor: czarny Opis: Szorty z kolekcji AllSaints. Model wykonany z denimu. &#8211; Prosty fason. &#8211;<\/p>\n","protected":false},"featured_media":12584,"comment_status":"closed","ping_status":"open","template":"","meta":[],"class_list":{"0":"post-12583","1":"product","2":"type-product","3":"status-publish","5":"hentry","6":"product_cat-odziez","7":"product_cat-ona","8":"product_cat-szorty","9":"product_tag-allsaints","10":"product_tag-allsaints-szorty"},"yoast_head":"<!-- This site is optimized with the Yoast SEO plugin v15.6.2 - https:\/\/yoast.com\/wordpress\/plugins\/seo\/ -->\n<title>AllSaints - Szorty<\/title>\n<meta name=\"robots\" content=\"index, follow, max-snippet:-1, max-image-preview:large, max-video-preview:-1\" \/>\n<link rel=\"canonical\" href=\"https:\/\/torebunia.pl\/sklep\/produkt\/allsaints-szorty\/\" \/>\n<meta property=\"og:locale\" content=\"pl_PL\" \/>\n<meta property=\"og:type\" content=\"article\" \/>\n<meta property=\"og:title\" content=\"AllSaints - Szorty\" \/>\n<meta property=\"og:description\" content=\"Parametry produktu: cena: 439.9 PLN marka: AllSaints p\u0142e\u0107: Female kategoria: ONA \/ Odzie\u017c \/ Szorty kolor: czarny Opis: Szorty z kolekcji AllSaints. Model wykonany z denimu. &#8211; Prosty fason. &#8211;\" \/>\n<meta property=\"og:url\" content=\"https:\/\/torebunia.pl\/sklep\/produkt\/allsaints-szorty\/\" \/>\n<meta property=\"og:site_name\" content=\"Moje Blog\" \/>\n<meta property=\"article:modified_time\" content=\"2021-01-25T19:29:22+00:00\" \/>\n<meta property=\"og:image\" content=\"https:\/\/torebunia.pl\/sklep\/wp-content\/uploads\/2021\/01\/4e196986146be77918b1853a11afa131c60c3798.jpg\" \/>\n\t<meta property=\"og:image:width\" content=\"855\" \/>\n\t<meta property=\"og:image:height\" content=\"1290\" \/>\n<meta name=\"twitter:card\" content=\"summary_large_image\" \/>\n<script type=\"application\/ld+json\" class=\"yoast-schema-graph\">{\"@context\":\"https:\/\/schema.org\",\"@graph\":[{\"@type\":\"WebSite\",\"@id\":\"https:\/\/torebunia.pl\/sklep\/#website\",\"url\":\"https:\/\/torebunia.pl\/sklep\/\",\"name\":\"Moje Blog\",\"description\":\"Kolejna witryna WordPress\",\"potentialAction\":[{\"@type\":\"SearchAction\",\"target\":\"https:\/\/torebunia.pl\/sklep\/?s={search_term_string}\",\"query-input\":\"required name=search_term_string\"}],\"inLanguage\":\"pl-PL\"},{\"@type\":\"ImageObject\",\"@id\":\"https:\/\/torebunia.pl\/sklep\/produkt\/allsaints-szorty\/#primaryimage\",\"inLanguage\":\"pl-PL\",\"url\":\"https:\/\/torebunia.pl\/sklep\/wp-content\/uploads\/2021\/01\/4e196986146be77918b1853a11afa131c60c3798.jpg\",\"width\":855,\"height\":1290,\"caption\":\"AllSaints - Szorty\"},{\"@type\":\"WebPage\",\"@id\":\"https:\/\/torebunia.pl\/sklep\/produkt\/allsaints-szorty\/#webpage\",\"url\":\"https:\/\/torebunia.pl\/sklep\/produkt\/allsaints-szorty\/\",\"name\":\"AllSaints - Szorty\",\"isPartOf\":{\"@id\":\"https:\/\/torebunia.pl\/sklep\/#website\"},\"primaryImageOfPage\":{\"@id\":\"https:\/\/torebunia.pl\/sklep\/produkt\/allsaints-szorty\/#primaryimage\"},\"datePublished\":\"2020-09-09T09:36:06+00:00\",\"dateModified\":\"2021-01-25T19:29:22+00:00\",\"inLanguage\":\"pl-PL\",\"potentialAction\":[{\"@type\":\"ReadAction\",\"target\":[\"https:\/\/torebunia.pl\/sklep\/produkt\/allsaints-szorty\/\"]}]}]}<\/script>\n<!-- \/ Yoast SEO plugin. -->","_links":{"self":[{"href":"https:\/\/torebunia.pl\/sklep\/wp-json\/wp\/v2\/product\/12583","targetHints":{"allow":["GET"]}}],"collection":[{"href":"https:\/\/torebunia.pl\/sklep\/wp-json\/wp\/v2\/product"}],"about":[{"href":"https:\/\/torebunia.pl\/sklep\/wp-json\/wp\/v2\/types\/product"}],"replies":[{"embeddable":true,"href":"https:\/\/torebunia.pl\/sklep\/wp-json\/wp\/v2\/comments?post=12583"}],"wp:featuredmedia":[{"embeddable":true,"href":"https:\/\/torebunia.pl\/sklep\/wp-json\/wp\/v2\/media\/12584"}],"wp:attachment":[{"href":"https:\/\/torebunia.pl\/sklep\/wp-json\/wp\/v2\/media?parent=12583"}],"curies":[{"name":"wp","href":"https:\/\/api.w.org\/{rel}","templated":true}]}}