{"id":12403,"date":"2020-11-25T05:04:54","date_gmt":"2020-11-25T05:04:54","guid":{"rendered":"https:\/\/torebunia.pl\/sklep\/produkt\/etam-koszula-nocna-camomille\/"},"modified":"2021-01-25T19:24:34","modified_gmt":"2021-01-25T19:24:34","slug":"etam-koszula-nocna-camomille","status":"publish","type":"product","link":"https:\/\/torebunia.pl\/sklep\/produkt\/etam-koszula-nocna-camomille\/","title":{"rendered":"Etam &#8211; Koszula nocna Camomille"},"content":{"rendered":"<p>Parametry produktu:<\/p>\n<ul>\n<li>cena: <strong>169.9 PLN<\/strong><\/li>\n<li>marka: <strong>Etam<\/strong><\/li>\n<li>p\u0142e\u0107: <strong>Female<\/strong><\/li>\n<li>kategoria: <strong>ONA \/ Odzie\u017c \/ Bielizna \/ Pi\u017camy<\/strong><\/li>\n<li>kolor: <strong>pastelowy r\u00f3\u017cowy<\/strong><\/li>\n<\/ul>\n<p>Opis:<br \/>\nKoszula pi\u017camowa z kolekcji Etam. Model wykonany z dzianiny. &#8211; Prosty fason. &#8211; Model na rami\u0105czkach. &#8211; Spiczasty dekolt. &#8211; Koronkowe wstawki. Wz\u00f3r: g\u0142adkie Materia\u0142: dzianina Rodzaj: koszulka nocna Sk\u0142ad: Materia\u0142 zasadniczy: 100 % Poliester, Inne materia\u0142y: 5 % Elastan, 95 % Poliamid ID produktu: 4900-BID0PG Kod producenta: 652058194<\/p>\n","protected":false},"excerpt":{"rendered":"<p>Parametry produktu: cena: 169.9 PLN marka: Etam p\u0142e\u0107: Female kategoria: ONA \/ Odzie\u017c \/ Bielizna \/ Pi\u017camy kolor: pastelowy r\u00f3\u017cowy Opis: Koszula pi\u017camowa z kolekcji Etam. Model wykonany z dzianiny.<\/p>\n","protected":false},"featured_media":12404,"comment_status":"closed","ping_status":"open","template":"","meta":[],"class_list":{"0":"post-12403","1":"product","2":"type-product","3":"status-publish","5":"hentry","6":"product_cat-bielizna","7":"product_cat-odziez","8":"product_cat-ona","9":"product_cat-pizamy","10":"product_tag-etam","11":"product_tag-etam-koszula-nocna-camomille"},"yoast_head":"<!-- This site is optimized with the Yoast SEO plugin v15.6.2 - https:\/\/yoast.com\/wordpress\/plugins\/seo\/ -->\n<title>Etam - Koszula nocna Camomille<\/title>\n<meta name=\"robots\" content=\"index, follow, max-snippet:-1, max-image-preview:large, max-video-preview:-1\" \/>\n<link rel=\"canonical\" href=\"https:\/\/torebunia.pl\/sklep\/produkt\/etam-koszula-nocna-camomille\/\" \/>\n<meta property=\"og:locale\" content=\"pl_PL\" \/>\n<meta property=\"og:type\" content=\"article\" \/>\n<meta property=\"og:title\" content=\"Etam - Koszula nocna Camomille\" \/>\n<meta property=\"og:description\" content=\"Parametry produktu: cena: 169.9 PLN marka: Etam p\u0142e\u0107: Female kategoria: ONA \/ Odzie\u017c \/ Bielizna \/ Pi\u017camy kolor: pastelowy r\u00f3\u017cowy Opis: Koszula pi\u017camowa z kolekcji Etam. Model wykonany z dzianiny.\" \/>\n<meta property=\"og:url\" content=\"https:\/\/torebunia.pl\/sklep\/produkt\/etam-koszula-nocna-camomille\/\" \/>\n<meta property=\"og:site_name\" content=\"Moje Blog\" \/>\n<meta property=\"article:modified_time\" content=\"2021-01-25T19:24:34+00:00\" \/>\n<meta property=\"og:image\" content=\"https:\/\/torebunia.pl\/sklep\/wp-content\/uploads\/2021\/01\/f31b0573d6effc41f1a3b0c4c0f660af5bbf04ff.jpg\" \/>\n\t<meta property=\"og:image:width\" content=\"855\" \/>\n\t<meta property=\"og:image:height\" content=\"1290\" \/>\n<meta name=\"twitter:card\" content=\"summary_large_image\" \/>\n<script type=\"application\/ld+json\" class=\"yoast-schema-graph\">{\"@context\":\"https:\/\/schema.org\",\"@graph\":[{\"@type\":\"WebSite\",\"@id\":\"https:\/\/torebunia.pl\/sklep\/#website\",\"url\":\"https:\/\/torebunia.pl\/sklep\/\",\"name\":\"Moje Blog\",\"description\":\"Kolejna witryna WordPress\",\"potentialAction\":[{\"@type\":\"SearchAction\",\"target\":\"https:\/\/torebunia.pl\/sklep\/?s={search_term_string}\",\"query-input\":\"required name=search_term_string\"}],\"inLanguage\":\"pl-PL\"},{\"@type\":\"ImageObject\",\"@id\":\"https:\/\/torebunia.pl\/sklep\/produkt\/etam-koszula-nocna-camomille\/#primaryimage\",\"inLanguage\":\"pl-PL\",\"url\":\"https:\/\/torebunia.pl\/sklep\/wp-content\/uploads\/2021\/01\/f31b0573d6effc41f1a3b0c4c0f660af5bbf04ff.jpg\",\"width\":855,\"height\":1290,\"caption\":\"Etam - Koszula nocna Camomille\"},{\"@type\":\"WebPage\",\"@id\":\"https:\/\/torebunia.pl\/sklep\/produkt\/etam-koszula-nocna-camomille\/#webpage\",\"url\":\"https:\/\/torebunia.pl\/sklep\/produkt\/etam-koszula-nocna-camomille\/\",\"name\":\"Etam - Koszula nocna Camomille\",\"isPartOf\":{\"@id\":\"https:\/\/torebunia.pl\/sklep\/#website\"},\"primaryImageOfPage\":{\"@id\":\"https:\/\/torebunia.pl\/sklep\/produkt\/etam-koszula-nocna-camomille\/#primaryimage\"},\"datePublished\":\"2020-11-25T05:04:54+00:00\",\"dateModified\":\"2021-01-25T19:24:34+00:00\",\"inLanguage\":\"pl-PL\",\"potentialAction\":[{\"@type\":\"ReadAction\",\"target\":[\"https:\/\/torebunia.pl\/sklep\/produkt\/etam-koszula-nocna-camomille\/\"]}]}]}<\/script>\n<!-- \/ Yoast SEO plugin. -->","_links":{"self":[{"href":"https:\/\/torebunia.pl\/sklep\/wp-json\/wp\/v2\/product\/12403","targetHints":{"allow":["GET"]}}],"collection":[{"href":"https:\/\/torebunia.pl\/sklep\/wp-json\/wp\/v2\/product"}],"about":[{"href":"https:\/\/torebunia.pl\/sklep\/wp-json\/wp\/v2\/types\/product"}],"replies":[{"embeddable":true,"href":"https:\/\/torebunia.pl\/sklep\/wp-json\/wp\/v2\/comments?post=12403"}],"wp:featuredmedia":[{"embeddable":true,"href":"https:\/\/torebunia.pl\/sklep\/wp-json\/wp\/v2\/media\/12404"}],"wp:attachment":[{"href":"https:\/\/torebunia.pl\/sklep\/wp-json\/wp\/v2\/media?parent=12403"}],"curies":[{"name":"wp","href":"https:\/\/api.w.org\/{rel}","templated":true}]}}