{"id":12401,"date":"2020-05-07T02:26:05","date_gmt":"2020-05-07T02:26:05","guid":{"rendered":"https:\/\/torebunia.pl\/sklep\/produkt\/puma-buty-carina-leo\/"},"modified":"2021-01-25T19:24:31","modified_gmt":"2021-01-25T19:24:31","slug":"puma-buty-carina-leo","status":"publish","type":"product","link":"https:\/\/torebunia.pl\/sklep\/produkt\/puma-buty-carina-leo\/","title":{"rendered":"Puma &#8211; Buty Carina Leo"},"content":{"rendered":"<p>Parametry produktu:<\/p>\n<ul>\n<li>cena: <strong>269.9 PLN<\/strong><\/li>\n<li>marka: <strong>Puma<\/strong><\/li>\n<li>p\u0142e\u0107: <strong>Female<\/strong><\/li>\n<li>kategoria: <strong>ONA \/ Obuwie \/ Sneakersy i sportowe \/ Sneakersy<\/strong><\/li>\n<li>kolor: <strong>bia\u0142y<\/strong><\/li>\n<\/ul>\n<p>Opis:<br \/>\nButy z kolekcji Puma. Model wykonany ze sk\u00f3ry ekologicznej. &#8211; SoftFoam to mi\u0119kka i amortyzuj\u0105ca wk\u0142adka, kt\u00f3ra idealnie dopasowuje si\u0119 do stopy. &#8211; Okr\u0105g\u0142y, usztywniony nosek. &#8211; Gumowa podeszwa. &#8211; Usztywniony zapi\u0119tek. &#8211; Tekstylna wk\u0142adka. &#8211; Model na platformie. &#8211; Sznurowany model. &#8211; Wysoko\u015b\u0107 platformy: 3,5 cm. &#8211; D\u0142ugo\u015b\u0107 wk\u0142adki wynosi: 23 cm. &#8211; Wymiary podane dla rozmiaru: 37. Obcas: platforma Materia\u0142: imitacja sk\u00f3ry licowej Sk\u0142ad: Cholewka: Materia\u0142 syntetyczny, Wn\u0119trze: Materia\u0142 tekstylny, Podeszwa: Materia\u0142 syntetyczny ID produktu: 4900-OBD1LJ Kod producenta: 373228<\/p>\n","protected":false},"excerpt":{"rendered":"<p>Parametry produktu: cena: 269.9 PLN marka: Puma p\u0142e\u0107: Female kategoria: ONA \/ Obuwie \/ Sneakersy i sportowe \/ Sneakersy kolor: bia\u0142y Opis: Buty z kolekcji Puma. Model wykonany ze sk\u00f3ry<\/p>\n","protected":false},"featured_media":12402,"comment_status":"closed","ping_status":"open","template":"","meta":[],"class_list":{"0":"post-12401","1":"product","2":"type-product","3":"status-publish","5":"hentry","6":"product_cat-obuwie","7":"product_cat-ona","8":"product_cat-sneakersy","9":"product_cat-sneakersy-i-sportowe","10":"product_tag-puma","11":"product_tag-puma-buty-carina-leo"},"yoast_head":"<!-- This site is optimized with the Yoast SEO plugin v15.6.2 - https:\/\/yoast.com\/wordpress\/plugins\/seo\/ -->\n<title>Puma - Buty Carina Leo<\/title>\n<meta name=\"robots\" content=\"index, follow, max-snippet:-1, max-image-preview:large, max-video-preview:-1\" \/>\n<link rel=\"canonical\" href=\"https:\/\/torebunia.pl\/sklep\/produkt\/puma-buty-carina-leo\/\" \/>\n<meta property=\"og:locale\" content=\"pl_PL\" \/>\n<meta property=\"og:type\" content=\"article\" \/>\n<meta property=\"og:title\" content=\"Puma - Buty Carina Leo\" \/>\n<meta property=\"og:description\" content=\"Parametry produktu: cena: 269.9 PLN marka: Puma p\u0142e\u0107: Female kategoria: ONA \/ Obuwie \/ Sneakersy i sportowe \/ Sneakersy kolor: bia\u0142y Opis: Buty z kolekcji Puma. Model wykonany ze sk\u00f3ry\" \/>\n<meta property=\"og:url\" content=\"https:\/\/torebunia.pl\/sklep\/produkt\/puma-buty-carina-leo\/\" \/>\n<meta property=\"og:site_name\" content=\"Moje Blog\" \/>\n<meta property=\"article:modified_time\" content=\"2021-01-25T19:24:31+00:00\" \/>\n<meta property=\"og:image\" content=\"https:\/\/torebunia.pl\/sklep\/wp-content\/uploads\/2021\/01\/804944d765c9293a4fc838c36a1324f6dd129a3a.jpg\" \/>\n\t<meta property=\"og:image:width\" content=\"855\" \/>\n\t<meta property=\"og:image:height\" content=\"1290\" \/>\n<meta name=\"twitter:card\" content=\"summary_large_image\" \/>\n<meta name=\"twitter:label1\" content=\"Est. reading time\">\n\t<meta name=\"twitter:data1\" content=\"1 minuta\">\n<script type=\"application\/ld+json\" class=\"yoast-schema-graph\">{\"@context\":\"https:\/\/schema.org\",\"@graph\":[{\"@type\":\"WebSite\",\"@id\":\"https:\/\/torebunia.pl\/sklep\/#website\",\"url\":\"https:\/\/torebunia.pl\/sklep\/\",\"name\":\"Moje Blog\",\"description\":\"Kolejna witryna WordPress\",\"potentialAction\":[{\"@type\":\"SearchAction\",\"target\":\"https:\/\/torebunia.pl\/sklep\/?s={search_term_string}\",\"query-input\":\"required name=search_term_string\"}],\"inLanguage\":\"pl-PL\"},{\"@type\":\"ImageObject\",\"@id\":\"https:\/\/torebunia.pl\/sklep\/produkt\/puma-buty-carina-leo\/#primaryimage\",\"inLanguage\":\"pl-PL\",\"url\":\"https:\/\/torebunia.pl\/sklep\/wp-content\/uploads\/2021\/01\/804944d765c9293a4fc838c36a1324f6dd129a3a.jpg\",\"width\":855,\"height\":1290,\"caption\":\"Puma - Buty Carina Leo\"},{\"@type\":\"WebPage\",\"@id\":\"https:\/\/torebunia.pl\/sklep\/produkt\/puma-buty-carina-leo\/#webpage\",\"url\":\"https:\/\/torebunia.pl\/sklep\/produkt\/puma-buty-carina-leo\/\",\"name\":\"Puma - Buty Carina Leo\",\"isPartOf\":{\"@id\":\"https:\/\/torebunia.pl\/sklep\/#website\"},\"primaryImageOfPage\":{\"@id\":\"https:\/\/torebunia.pl\/sklep\/produkt\/puma-buty-carina-leo\/#primaryimage\"},\"datePublished\":\"2020-05-07T02:26:05+00:00\",\"dateModified\":\"2021-01-25T19:24:31+00:00\",\"inLanguage\":\"pl-PL\",\"potentialAction\":[{\"@type\":\"ReadAction\",\"target\":[\"https:\/\/torebunia.pl\/sklep\/produkt\/puma-buty-carina-leo\/\"]}]}]}<\/script>\n<!-- \/ Yoast SEO plugin. -->","_links":{"self":[{"href":"https:\/\/torebunia.pl\/sklep\/wp-json\/wp\/v2\/product\/12401","targetHints":{"allow":["GET"]}}],"collection":[{"href":"https:\/\/torebunia.pl\/sklep\/wp-json\/wp\/v2\/product"}],"about":[{"href":"https:\/\/torebunia.pl\/sklep\/wp-json\/wp\/v2\/types\/product"}],"replies":[{"embeddable":true,"href":"https:\/\/torebunia.pl\/sklep\/wp-json\/wp\/v2\/comments?post=12401"}],"wp:featuredmedia":[{"embeddable":true,"href":"https:\/\/torebunia.pl\/sklep\/wp-json\/wp\/v2\/media\/12402"}],"wp:attachment":[{"href":"https:\/\/torebunia.pl\/sklep\/wp-json\/wp\/v2\/media?parent=12401"}],"curies":[{"name":"wp","href":"https:\/\/api.w.org\/{rel}","templated":true}]}}