{"id":12389,"date":"2020-11-22T00:02:14","date_gmt":"2020-11-22T00:02:14","guid":{"rendered":"https:\/\/torebunia.pl\/sklep\/produkt\/miss-sixty-legginsy\/"},"modified":"2021-01-25T19:24:12","modified_gmt":"2021-01-25T19:24:12","slug":"miss-sixty-legginsy","status":"publish","type":"product","link":"https:\/\/torebunia.pl\/sklep\/produkt\/miss-sixty-legginsy\/","title":{"rendered":"Miss Sixty &#8211; Legginsy"},"content":{"rendered":"<p>Parametry produktu:<\/p>\n<ul>\n<li>cena: <strong>429.9 PLN<\/strong><\/li>\n<li>marka: <strong>Miss Sixty<\/strong><\/li>\n<li>p\u0142e\u0107: <strong>Female<\/strong><\/li>\n<li>kategoria: <strong>ONA \/ Odzie\u017c \/ Spodnie i legginsy \/ Legginsy<\/strong><\/li>\n<li>kolor: <strong>czarny<\/strong><\/li>\n<\/ul>\n<p>Opis:<br \/>\nDost\u0119pne rozmiary s\u0105 przeliczone z w\u0142oskiej rozmiar\u00f3wki producenta na standardow\u0105 rozmiar\u00f3wk\u0119 europejsk\u0105. Zamawiany rozmiar mo\u017ce r\u00f3\u017cni\u0107 si\u0119 od widocznego na metce (IT 38\/XXS = EU XS). Dla pewno\u015bci prosimy o zapoznanie si\u0119 z tabel\u0105 rozmiarow\u0105. Legginsy z kolekcji Miss Sixty. Model wykonany z grubej, elastycznej dzianiny. Uwaga: oryginalna rozmiar\u00f3wka produkt\u00f3w tej marki jest rozmiar\u00f3wk\u0105 w\u0142osk\u0105. Informujemy, \u017ce rozmiary na metkach mog\u0105 r\u00f3\u017cni\u0107 si\u0119 od zamawianych ze wzgl\u0119du na zastosowany przelicznik. &#8211; Dopasowany model. &#8211; Podwy\u017cszona talia. &#8211; Elastyczna listwa w pasie. &#8211; Gruba, elastyczna dzianina. &#8211; Szeroko\u015b\u0107 w pasie: 32,5 cm. &#8211; Wysoko\u015b\u0107 stanu: 29 cm. &#8211; D\u0142ugo\u015b\u0107: 94 cm. &#8211; Wymiary podane dla rozmiaru: S. Wz\u00f3r: g\u0142adkie Materia\u0142: dzianina Materia\u0142: z elastanem Sk\u0142ad: Materia\u0142 zasadniczy: 14 % Elastan, 86 % Poliamid, Wyko\u0144czenie: 9 % Elastan, 56 % Poliamid, 35 % Poliester ID produktu: 4900-LGD02K Kod producenta: 603PJ1860000<\/p>\n","protected":false},"excerpt":{"rendered":"<p>Parametry produktu: cena: 429.9 PLN marka: Miss Sixty p\u0142e\u0107: Female kategoria: ONA \/ Odzie\u017c \/ Spodnie i legginsy \/ Legginsy kolor: czarny Opis: Dost\u0119pne rozmiary s\u0105 przeliczone z w\u0142oskiej rozmiar\u00f3wki<\/p>\n","protected":false},"featured_media":12390,"comment_status":"closed","ping_status":"open","template":"","meta":[],"class_list":{"0":"post-12389","1":"product","2":"type-product","3":"status-publish","5":"hentry","6":"product_cat-legginsy","7":"product_cat-odziez","8":"product_cat-ona","9":"product_cat-spodnie-i-legginsy","10":"product_tag-miss-sixty","11":"product_tag-miss-sixty-legginsy"},"yoast_head":"<!-- This site is optimized with the Yoast SEO plugin v15.6.2 - https:\/\/yoast.com\/wordpress\/plugins\/seo\/ -->\n<title>Miss Sixty - Legginsy<\/title>\n<meta name=\"robots\" content=\"index, follow, max-snippet:-1, max-image-preview:large, max-video-preview:-1\" \/>\n<link rel=\"canonical\" href=\"https:\/\/torebunia.pl\/sklep\/produkt\/miss-sixty-legginsy\/\" \/>\n<meta property=\"og:locale\" content=\"pl_PL\" \/>\n<meta property=\"og:type\" content=\"article\" \/>\n<meta property=\"og:title\" content=\"Miss Sixty - Legginsy\" \/>\n<meta property=\"og:description\" content=\"Parametry produktu: cena: 429.9 PLN marka: Miss Sixty p\u0142e\u0107: Female kategoria: ONA \/ Odzie\u017c \/ Spodnie i legginsy \/ Legginsy kolor: czarny Opis: Dost\u0119pne rozmiary s\u0105 przeliczone z w\u0142oskiej rozmiar\u00f3wki\" \/>\n<meta property=\"og:url\" content=\"https:\/\/torebunia.pl\/sklep\/produkt\/miss-sixty-legginsy\/\" \/>\n<meta property=\"og:site_name\" content=\"Moje Blog\" \/>\n<meta property=\"article:modified_time\" content=\"2021-01-25T19:24:12+00:00\" \/>\n<meta property=\"og:image\" content=\"https:\/\/torebunia.pl\/sklep\/wp-content\/uploads\/2021\/01\/2d78d81dec98791bfbd52a698f06f99fff470ffc.jpg\" \/>\n\t<meta property=\"og:image:width\" content=\"855\" \/>\n\t<meta property=\"og:image:height\" content=\"1290\" \/>\n<meta name=\"twitter:card\" content=\"summary_large_image\" \/>\n<meta name=\"twitter:label1\" content=\"Est. reading time\">\n\t<meta name=\"twitter:data1\" content=\"1 minuta\">\n<script type=\"application\/ld+json\" class=\"yoast-schema-graph\">{\"@context\":\"https:\/\/schema.org\",\"@graph\":[{\"@type\":\"WebSite\",\"@id\":\"https:\/\/torebunia.pl\/sklep\/#website\",\"url\":\"https:\/\/torebunia.pl\/sklep\/\",\"name\":\"Moje Blog\",\"description\":\"Kolejna witryna WordPress\",\"potentialAction\":[{\"@type\":\"SearchAction\",\"target\":\"https:\/\/torebunia.pl\/sklep\/?s={search_term_string}\",\"query-input\":\"required name=search_term_string\"}],\"inLanguage\":\"pl-PL\"},{\"@type\":\"ImageObject\",\"@id\":\"https:\/\/torebunia.pl\/sklep\/produkt\/miss-sixty-legginsy\/#primaryimage\",\"inLanguage\":\"pl-PL\",\"url\":\"https:\/\/torebunia.pl\/sklep\/wp-content\/uploads\/2021\/01\/2d78d81dec98791bfbd52a698f06f99fff470ffc.jpg\",\"width\":855,\"height\":1290,\"caption\":\"Miss Sixty - Legginsy\"},{\"@type\":\"WebPage\",\"@id\":\"https:\/\/torebunia.pl\/sklep\/produkt\/miss-sixty-legginsy\/#webpage\",\"url\":\"https:\/\/torebunia.pl\/sklep\/produkt\/miss-sixty-legginsy\/\",\"name\":\"Miss Sixty - Legginsy\",\"isPartOf\":{\"@id\":\"https:\/\/torebunia.pl\/sklep\/#website\"},\"primaryImageOfPage\":{\"@id\":\"https:\/\/torebunia.pl\/sklep\/produkt\/miss-sixty-legginsy\/#primaryimage\"},\"datePublished\":\"2020-11-22T00:02:14+00:00\",\"dateModified\":\"2021-01-25T19:24:12+00:00\",\"inLanguage\":\"pl-PL\",\"potentialAction\":[{\"@type\":\"ReadAction\",\"target\":[\"https:\/\/torebunia.pl\/sklep\/produkt\/miss-sixty-legginsy\/\"]}]}]}<\/script>\n<!-- \/ Yoast SEO plugin. -->","_links":{"self":[{"href":"https:\/\/torebunia.pl\/sklep\/wp-json\/wp\/v2\/product\/12389","targetHints":{"allow":["GET"]}}],"collection":[{"href":"https:\/\/torebunia.pl\/sklep\/wp-json\/wp\/v2\/product"}],"about":[{"href":"https:\/\/torebunia.pl\/sklep\/wp-json\/wp\/v2\/types\/product"}],"replies":[{"embeddable":true,"href":"https:\/\/torebunia.pl\/sklep\/wp-json\/wp\/v2\/comments?post=12389"}],"wp:featuredmedia":[{"embeddable":true,"href":"https:\/\/torebunia.pl\/sklep\/wp-json\/wp\/v2\/media\/12390"}],"wp:attachment":[{"href":"https:\/\/torebunia.pl\/sklep\/wp-json\/wp\/v2\/media?parent=12389"}],"curies":[{"name":"wp","href":"https:\/\/api.w.org\/{rel}","templated":true}]}}