{"id":12157,"date":"2020-07-16T18:39:46","date_gmt":"2020-07-16T18:39:46","guid":{"rendered":"https:\/\/torebunia.pl\/sklep\/produkt\/tamaris-botki-9\/"},"modified":"2021-01-27T13:30:41","modified_gmt":"2021-01-27T13:30:41","slug":"tamaris-botki-9","status":"publish","type":"product","link":"https:\/\/torebunia.pl\/sklep\/produkt\/tamaris-botki-9\/","title":{"rendered":"Tamaris &#8211; Botki"},"content":{"rendered":"<p>Parametry produktu:<\/p>\n<ul>\n<li>cena: <strong>449.9 PLN<\/strong><\/li>\n<li>marka: <strong>Tamaris<\/strong><\/li>\n<li>p\u0142e\u0107: <strong>Female<\/strong><\/li>\n<li>kategoria: <strong>ONA \/ Obuwie \/ Kozaki i botki \/ Botki<\/strong><\/li>\n<li>kolor: <strong>czarny<\/strong><\/li>\n<\/ul>\n<p>Opis:<br \/>\nBotki z kolekcji Tamaris. Model wykonany z po\u0142\u0105czenia sk\u00f3ry zamszowej i materia\u0142u tekstylnego. &#8211; Zapi\u0119cie na suwak. &#8211; Usztywniony nosek. &#8211; Gumowa podeszwa. &#8211; Komfortowe wn\u0119trze. &#8211; Usztywniony zapi\u0119tek. &#8211; Model na platformie. &#8211; Sznurowany model. &#8211; Wysoko\u015b\u0107 platformy: 4,5 cm. &#8211; D\u0142ugo\u015b\u0107 wk\u0142adki wynosi: 23,5 cm. &#8211; Wymiary podane dla rozmiaru: 37. Obcas: platforma Materia\u0142: syntetyczny Ocieplenie: ocieplane Materia\u0142: sk\u00f3ra licowa Wysoko\u015b\u0107 obcasa: do 5 cm Zapi\u0119cie: sznurowanie Zapi\u0119cie: na zamek Sk\u0142ad: Cholewka: Materia\u0142 syntetyczny, Sk\u00f3ra zamszowa, Wn\u0119trze: Materia\u0142 tekstylny, Podeszwa: Materia\u0142 syntetyczny ID produktu: 4900-OBD21G Kod producenta: 1.1.26292.25.098<\/p>\n","protected":false},"excerpt":{"rendered":"<p>Parametry produktu: cena: 449.9 PLN marka: Tamaris p\u0142e\u0107: Female kategoria: ONA \/ Obuwie \/ Kozaki i botki \/ Botki kolor: czarny Opis: Botki z kolekcji Tamaris. Model wykonany z po\u0142\u0105czenia<\/p>\n","protected":false},"featured_media":12158,"comment_status":"closed","ping_status":"open","template":"","meta":[],"class_list":{"0":"post-12157","1":"product","2":"type-product","3":"status-publish","5":"hentry","6":"product_cat-botki","7":"product_cat-kozaki-i-botki","8":"product_cat-obuwie","9":"product_cat-ona","10":"product_tag-tamaris","11":"product_tag-tamaris-botki"},"yoast_head":"<!-- This site is optimized with the Yoast SEO plugin v15.6.2 - https:\/\/yoast.com\/wordpress\/plugins\/seo\/ -->\n<title>Tamaris - Botki<\/title>\n<meta name=\"robots\" content=\"index, follow, max-snippet:-1, max-image-preview:large, max-video-preview:-1\" \/>\n<link rel=\"canonical\" href=\"https:\/\/torebunia.pl\/sklep\/produkt\/tamaris-botki-9\/\" \/>\n<meta property=\"og:locale\" content=\"pl_PL\" \/>\n<meta property=\"og:type\" content=\"article\" \/>\n<meta property=\"og:title\" content=\"Tamaris - Botki\" \/>\n<meta property=\"og:description\" content=\"Parametry produktu: cena: 449.9 PLN marka: Tamaris p\u0142e\u0107: Female kategoria: ONA \/ Obuwie \/ Kozaki i botki \/ Botki kolor: czarny Opis: Botki z kolekcji Tamaris. Model wykonany z po\u0142\u0105czenia\" \/>\n<meta property=\"og:url\" content=\"https:\/\/torebunia.pl\/sklep\/produkt\/tamaris-botki-9\/\" \/>\n<meta property=\"og:site_name\" content=\"Moje Blog\" \/>\n<meta property=\"article:modified_time\" content=\"2021-01-27T13:30:41+00:00\" \/>\n<meta property=\"og:image\" content=\"https:\/\/torebunia.pl\/sklep\/wp-content\/uploads\/2021\/01\/df377a4ed517503ce6eddf020caa54465937c86c.jpg\" \/>\n\t<meta property=\"og:image:width\" content=\"855\" \/>\n\t<meta property=\"og:image:height\" content=\"1290\" \/>\n<meta name=\"twitter:card\" content=\"summary_large_image\" \/>\n<meta name=\"twitter:label1\" content=\"Est. reading time\">\n\t<meta name=\"twitter:data1\" content=\"1 minuta\">\n<script type=\"application\/ld+json\" class=\"yoast-schema-graph\">{\"@context\":\"https:\/\/schema.org\",\"@graph\":[{\"@type\":\"WebSite\",\"@id\":\"https:\/\/torebunia.pl\/sklep\/#website\",\"url\":\"https:\/\/torebunia.pl\/sklep\/\",\"name\":\"Moje Blog\",\"description\":\"Kolejna witryna WordPress\",\"potentialAction\":[{\"@type\":\"SearchAction\",\"target\":\"https:\/\/torebunia.pl\/sklep\/?s={search_term_string}\",\"query-input\":\"required name=search_term_string\"}],\"inLanguage\":\"pl-PL\"},{\"@type\":\"ImageObject\",\"@id\":\"https:\/\/torebunia.pl\/sklep\/produkt\/tamaris-botki-9\/#primaryimage\",\"inLanguage\":\"pl-PL\",\"url\":\"https:\/\/torebunia.pl\/sklep\/wp-content\/uploads\/2021\/01\/df377a4ed517503ce6eddf020caa54465937c86c.jpg\",\"width\":855,\"height\":1290,\"caption\":\"Tamaris - Botki\"},{\"@type\":\"WebPage\",\"@id\":\"https:\/\/torebunia.pl\/sklep\/produkt\/tamaris-botki-9\/#webpage\",\"url\":\"https:\/\/torebunia.pl\/sklep\/produkt\/tamaris-botki-9\/\",\"name\":\"Tamaris - Botki\",\"isPartOf\":{\"@id\":\"https:\/\/torebunia.pl\/sklep\/#website\"},\"primaryImageOfPage\":{\"@id\":\"https:\/\/torebunia.pl\/sklep\/produkt\/tamaris-botki-9\/#primaryimage\"},\"datePublished\":\"2020-07-16T18:39:46+00:00\",\"dateModified\":\"2021-01-27T13:30:41+00:00\",\"inLanguage\":\"pl-PL\",\"potentialAction\":[{\"@type\":\"ReadAction\",\"target\":[\"https:\/\/torebunia.pl\/sklep\/produkt\/tamaris-botki-9\/\"]}]}]}<\/script>\n<!-- \/ Yoast SEO plugin. -->","_links":{"self":[{"href":"https:\/\/torebunia.pl\/sklep\/wp-json\/wp\/v2\/product\/12157","targetHints":{"allow":["GET"]}}],"collection":[{"href":"https:\/\/torebunia.pl\/sklep\/wp-json\/wp\/v2\/product"}],"about":[{"href":"https:\/\/torebunia.pl\/sklep\/wp-json\/wp\/v2\/types\/product"}],"replies":[{"embeddable":true,"href":"https:\/\/torebunia.pl\/sklep\/wp-json\/wp\/v2\/comments?post=12157"}],"wp:featuredmedia":[{"embeddable":true,"href":"https:\/\/torebunia.pl\/sklep\/wp-json\/wp\/v2\/media\/12158"}],"wp:attachment":[{"href":"https:\/\/torebunia.pl\/sklep\/wp-json\/wp\/v2\/media?parent=12157"}],"curies":[{"name":"wp","href":"https:\/\/api.w.org\/{rel}","templated":true}]}}