{"id":12149,"date":"2020-12-20T13:16:30","date_gmt":"2020-12-20T13:16:30","guid":{"rendered":"https:\/\/torebunia.pl\/sklep\/produkt\/mango-bluzka-roman\/"},"modified":"2021-01-27T13:30:34","modified_gmt":"2021-01-27T13:30:34","slug":"mango-bluzka-roman","status":"publish","type":"product","link":"https:\/\/torebunia.pl\/sklep\/produkt\/mango-bluzka-roman\/","title":{"rendered":"Mango &#8211; Bluzka Roman"},"content":{"rendered":"<p>Parametry produktu:<\/p>\n<ul>\n<li>cena: <strong>119.9 PLN<\/strong><\/li>\n<li>marka: <strong>Mango<\/strong><\/li>\n<li>p\u0142e\u0107: <strong>Female<\/strong><\/li>\n<li>kategoria: <strong>ONA \/ Odzie\u017c \/ Bluzki i koszule \/ Bluzki<\/strong><\/li>\n<li>kolor: <strong>czarny<\/strong><\/li>\n<\/ul>\n<p>Opis:<br \/>\nBluzka z kolekcji Mango. Model wykonany z g\u0142adkiego materia\u0142u. Posiada st\u00f3jk\u0119. &#8211; Model z ozdobnymi falbanami. &#8211; R\u0119kawy wyko\u0144czone \u015bci\u0105gaczem. &#8211; Model ze st\u00f3jk\u0105. &#8211; Z ty\u0142u zapi\u0119cie na guzik. &#8211; G\u0142adki materia\u0142. &#8211; Ozdobne marszczenia. &#8211; Wymiary: rozmiar klatka piersiowa\/pas XS 82\/62 S 86\/66 M 92\/72 L 98\/78 XL 104\/85. Wz\u00f3r: g\u0142adkie Fason: regular R\u0119kaw: d\u0142ugi Dekolt: st\u00f3jka Sk\u0142ad: 100 % Poliester ID produktu: 5901-TSD02B Kod producenta: 67014758<\/p>\n","protected":false},"excerpt":{"rendered":"<p>Parametry produktu: cena: 119.9 PLN marka: Mango p\u0142e\u0107: Female kategoria: ONA \/ Odzie\u017c \/ Bluzki i koszule \/ Bluzki kolor: czarny Opis: Bluzka z kolekcji Mango. Model wykonany z g\u0142adkiego<\/p>\n","protected":false},"featured_media":12150,"comment_status":"closed","ping_status":"open","template":"","meta":[],"class_list":{"0":"post-12149","1":"product","2":"type-product","3":"status-publish","5":"hentry","6":"product_cat-bluzki","7":"product_cat-bluzki-i-koszule","8":"product_cat-odziez","9":"product_cat-ona","10":"product_tag-mango","11":"product_tag-mango-bluzka-roman"},"yoast_head":"<!-- This site is optimized with the Yoast SEO plugin v15.6.2 - https:\/\/yoast.com\/wordpress\/plugins\/seo\/ -->\n<title>Mango - Bluzka Roman<\/title>\n<meta name=\"robots\" content=\"index, follow, max-snippet:-1, max-image-preview:large, max-video-preview:-1\" \/>\n<link rel=\"canonical\" href=\"https:\/\/torebunia.pl\/sklep\/produkt\/mango-bluzka-roman\/\" \/>\n<meta property=\"og:locale\" content=\"pl_PL\" \/>\n<meta property=\"og:type\" content=\"article\" \/>\n<meta property=\"og:title\" content=\"Mango - Bluzka Roman\" \/>\n<meta property=\"og:description\" content=\"Parametry produktu: cena: 119.9 PLN marka: Mango p\u0142e\u0107: Female kategoria: ONA \/ Odzie\u017c \/ Bluzki i koszule \/ Bluzki kolor: czarny Opis: Bluzka z kolekcji Mango. Model wykonany z g\u0142adkiego\" \/>\n<meta property=\"og:url\" content=\"https:\/\/torebunia.pl\/sklep\/produkt\/mango-bluzka-roman\/\" \/>\n<meta property=\"og:site_name\" content=\"Moje Blog\" \/>\n<meta property=\"article:modified_time\" content=\"2021-01-27T13:30:34+00:00\" \/>\n<meta property=\"og:image\" content=\"https:\/\/torebunia.pl\/sklep\/wp-content\/uploads\/2021\/01\/b96ed1152e4b5958c6862d2ca51b51d4166fa033.jpg\" \/>\n\t<meta property=\"og:image:width\" content=\"855\" \/>\n\t<meta property=\"og:image:height\" content=\"1290\" \/>\n<meta name=\"twitter:card\" content=\"summary_large_image\" \/>\n<script type=\"application\/ld+json\" class=\"yoast-schema-graph\">{\"@context\":\"https:\/\/schema.org\",\"@graph\":[{\"@type\":\"WebSite\",\"@id\":\"https:\/\/torebunia.pl\/sklep\/#website\",\"url\":\"https:\/\/torebunia.pl\/sklep\/\",\"name\":\"Moje Blog\",\"description\":\"Kolejna witryna WordPress\",\"potentialAction\":[{\"@type\":\"SearchAction\",\"target\":\"https:\/\/torebunia.pl\/sklep\/?s={search_term_string}\",\"query-input\":\"required name=search_term_string\"}],\"inLanguage\":\"pl-PL\"},{\"@type\":\"ImageObject\",\"@id\":\"https:\/\/torebunia.pl\/sklep\/produkt\/mango-bluzka-roman\/#primaryimage\",\"inLanguage\":\"pl-PL\",\"url\":\"https:\/\/torebunia.pl\/sklep\/wp-content\/uploads\/2021\/01\/b96ed1152e4b5958c6862d2ca51b51d4166fa033.jpg\",\"width\":855,\"height\":1290,\"caption\":\"Mango - Bluzka Roman\"},{\"@type\":\"WebPage\",\"@id\":\"https:\/\/torebunia.pl\/sklep\/produkt\/mango-bluzka-roman\/#webpage\",\"url\":\"https:\/\/torebunia.pl\/sklep\/produkt\/mango-bluzka-roman\/\",\"name\":\"Mango - Bluzka Roman\",\"isPartOf\":{\"@id\":\"https:\/\/torebunia.pl\/sklep\/#website\"},\"primaryImageOfPage\":{\"@id\":\"https:\/\/torebunia.pl\/sklep\/produkt\/mango-bluzka-roman\/#primaryimage\"},\"datePublished\":\"2020-12-20T13:16:30+00:00\",\"dateModified\":\"2021-01-27T13:30:34+00:00\",\"inLanguage\":\"pl-PL\",\"potentialAction\":[{\"@type\":\"ReadAction\",\"target\":[\"https:\/\/torebunia.pl\/sklep\/produkt\/mango-bluzka-roman\/\"]}]}]}<\/script>\n<!-- \/ Yoast SEO plugin. -->","_links":{"self":[{"href":"https:\/\/torebunia.pl\/sklep\/wp-json\/wp\/v2\/product\/12149","targetHints":{"allow":["GET"]}}],"collection":[{"href":"https:\/\/torebunia.pl\/sklep\/wp-json\/wp\/v2\/product"}],"about":[{"href":"https:\/\/torebunia.pl\/sklep\/wp-json\/wp\/v2\/types\/product"}],"replies":[{"embeddable":true,"href":"https:\/\/torebunia.pl\/sklep\/wp-json\/wp\/v2\/comments?post=12149"}],"wp:featuredmedia":[{"embeddable":true,"href":"https:\/\/torebunia.pl\/sklep\/wp-json\/wp\/v2\/media\/12150"}],"wp:attachment":[{"href":"https:\/\/torebunia.pl\/sklep\/wp-json\/wp\/v2\/media?parent=12149"}],"curies":[{"name":"wp","href":"https:\/\/api.w.org\/{rel}","templated":true}]}}