{"id":12041,"date":"2020-07-19T09:26:08","date_gmt":"2020-07-19T09:26:08","guid":{"rendered":"https:\/\/torebunia.pl\/sklep\/produkt\/lauren-ralph-lauren-dres\/"},"modified":"2021-01-27T13:29:10","modified_gmt":"2021-01-27T13:29:10","slug":"lauren-ralph-lauren-dres","status":"publish","type":"product","link":"https:\/\/torebunia.pl\/sklep\/produkt\/lauren-ralph-lauren-dres\/","title":{"rendered":"Lauren Ralph Lauren &#8211; Dres"},"content":{"rendered":"<p>Parametry produktu:<\/p>\n<ul>\n<li>cena: <strong>519.9 PLN<\/strong><\/li>\n<li>marka: <strong>Lauren Ralph Lauren<\/strong><\/li>\n<li>p\u0142e\u0107: <strong>Female<\/strong><\/li>\n<li>kategoria: <strong>ONA \/ Odzie\u017c \/ Komplety<\/strong><\/li>\n<li>kolor: <strong>czarny<\/strong><\/li>\n<\/ul>\n<p>Opis:<br \/>\nKomplet dresowy z kolekcji Lauren Ralph Lauren. Model wykonany z dzianiny. &#8211; D\u0142ugi r\u0119kaw. &#8211; Prosty fason. &#8211; Wsuwane kieszenie. &#8211; W pasie troczki. &#8211; Elastyczna listwa w pasie. &#8211; Cienka, elastyczna dzianina. &#8211; D\u0142ugo\u015b\u0107 r\u0119kawa(mierzona od dekoltu): 68 cm. &#8211; D\u0142ugo\u015b\u0107: 56 cm. &#8211; Szeroko\u015b\u0107 pod pachami: 46 cm. &#8211; Szeroko\u015b\u0107 w pasie: 38 cm. &#8211; Szeroko\u015b\u0107 w biodrach: 50 cm. &#8211; Szeroko\u015b\u0107 nogawki na dole: 10 cm. &#8211; Szeroko\u015b\u0107 nogawki: 32 cm. &#8211; D\u0142ugo\u015b\u0107 nogawki: 75 cm. &#8211; Wymiary podane dla rozmiaru: S. Wz\u00f3r: g\u0142adkie Materia\u0142: dzianina Sk\u0142ad: Materia\u0142 1: 77 % Poliester, 23 % Rayon, Materia\u0142 2: 69 % Poliester, 31 % Rayon ID produktu: 4900-BID0JR Kod producenta: ILN92044<\/p>\n","protected":false},"excerpt":{"rendered":"<p>Parametry produktu: cena: 519.9 PLN marka: Lauren Ralph Lauren p\u0142e\u0107: Female kategoria: ONA \/ Odzie\u017c \/ Komplety kolor: czarny Opis: Komplet dresowy z kolekcji Lauren Ralph Lauren. Model wykonany z<\/p>\n","protected":false},"featured_media":12042,"comment_status":"closed","ping_status":"open","template":"","meta":[],"class_list":{"0":"post-12041","1":"product","2":"type-product","3":"status-publish","5":"hentry","6":"product_cat-komplety","7":"product_cat-odziez","8":"product_cat-ona","9":"product_tag-lauren-ralph-lauren","10":"product_tag-lauren-ralph-lauren-dres"},"yoast_head":"<!-- This site is optimized with the Yoast SEO plugin v15.6.2 - https:\/\/yoast.com\/wordpress\/plugins\/seo\/ -->\n<title>Lauren Ralph Lauren - Dres<\/title>\n<meta name=\"robots\" content=\"index, follow, max-snippet:-1, max-image-preview:large, max-video-preview:-1\" \/>\n<link rel=\"canonical\" href=\"https:\/\/torebunia.pl\/sklep\/produkt\/lauren-ralph-lauren-dres\/\" \/>\n<meta property=\"og:locale\" content=\"pl_PL\" \/>\n<meta property=\"og:type\" content=\"article\" \/>\n<meta property=\"og:title\" content=\"Lauren Ralph Lauren - Dres\" \/>\n<meta property=\"og:description\" content=\"Parametry produktu: cena: 519.9 PLN marka: Lauren Ralph Lauren p\u0142e\u0107: Female kategoria: ONA \/ Odzie\u017c \/ Komplety kolor: czarny Opis: Komplet dresowy z kolekcji Lauren Ralph Lauren. Model wykonany z\" \/>\n<meta property=\"og:url\" content=\"https:\/\/torebunia.pl\/sklep\/produkt\/lauren-ralph-lauren-dres\/\" \/>\n<meta property=\"og:site_name\" content=\"Moje Blog\" \/>\n<meta property=\"article:modified_time\" content=\"2021-01-27T13:29:10+00:00\" \/>\n<meta property=\"og:image\" content=\"https:\/\/torebunia.pl\/sklep\/wp-content\/uploads\/2021\/01\/b3d80148dc227d51a5bf293cdb59a8d3e95e1540.jpg\" \/>\n\t<meta property=\"og:image:width\" content=\"855\" \/>\n\t<meta property=\"og:image:height\" content=\"1290\" \/>\n<meta name=\"twitter:card\" content=\"summary_large_image\" \/>\n<meta name=\"twitter:label1\" content=\"Est. reading time\">\n\t<meta name=\"twitter:data1\" content=\"1 minuta\">\n<script type=\"application\/ld+json\" class=\"yoast-schema-graph\">{\"@context\":\"https:\/\/schema.org\",\"@graph\":[{\"@type\":\"WebSite\",\"@id\":\"https:\/\/torebunia.pl\/sklep\/#website\",\"url\":\"https:\/\/torebunia.pl\/sklep\/\",\"name\":\"Moje Blog\",\"description\":\"Kolejna witryna WordPress\",\"potentialAction\":[{\"@type\":\"SearchAction\",\"target\":\"https:\/\/torebunia.pl\/sklep\/?s={search_term_string}\",\"query-input\":\"required name=search_term_string\"}],\"inLanguage\":\"pl-PL\"},{\"@type\":\"ImageObject\",\"@id\":\"https:\/\/torebunia.pl\/sklep\/produkt\/lauren-ralph-lauren-dres\/#primaryimage\",\"inLanguage\":\"pl-PL\",\"url\":\"https:\/\/torebunia.pl\/sklep\/wp-content\/uploads\/2021\/01\/b3d80148dc227d51a5bf293cdb59a8d3e95e1540.jpg\",\"width\":855,\"height\":1290,\"caption\":\"Lauren Ralph Lauren - Dres\"},{\"@type\":\"WebPage\",\"@id\":\"https:\/\/torebunia.pl\/sklep\/produkt\/lauren-ralph-lauren-dres\/#webpage\",\"url\":\"https:\/\/torebunia.pl\/sklep\/produkt\/lauren-ralph-lauren-dres\/\",\"name\":\"Lauren Ralph Lauren - Dres\",\"isPartOf\":{\"@id\":\"https:\/\/torebunia.pl\/sklep\/#website\"},\"primaryImageOfPage\":{\"@id\":\"https:\/\/torebunia.pl\/sklep\/produkt\/lauren-ralph-lauren-dres\/#primaryimage\"},\"datePublished\":\"2020-07-19T09:26:08+00:00\",\"dateModified\":\"2021-01-27T13:29:10+00:00\",\"inLanguage\":\"pl-PL\",\"potentialAction\":[{\"@type\":\"ReadAction\",\"target\":[\"https:\/\/torebunia.pl\/sklep\/produkt\/lauren-ralph-lauren-dres\/\"]}]}]}<\/script>\n<!-- \/ Yoast SEO plugin. -->","_links":{"self":[{"href":"https:\/\/torebunia.pl\/sklep\/wp-json\/wp\/v2\/product\/12041","targetHints":{"allow":["GET"]}}],"collection":[{"href":"https:\/\/torebunia.pl\/sklep\/wp-json\/wp\/v2\/product"}],"about":[{"href":"https:\/\/torebunia.pl\/sklep\/wp-json\/wp\/v2\/types\/product"}],"replies":[{"embeddable":true,"href":"https:\/\/torebunia.pl\/sklep\/wp-json\/wp\/v2\/comments?post=12041"}],"wp:featuredmedia":[{"embeddable":true,"href":"https:\/\/torebunia.pl\/sklep\/wp-json\/wp\/v2\/media\/12042"}],"wp:attachment":[{"href":"https:\/\/torebunia.pl\/sklep\/wp-json\/wp\/v2\/media?parent=12041"}],"curies":[{"name":"wp","href":"https:\/\/api.w.org\/{rel}","templated":true}]}}