{"id":11985,"date":"2020-08-05T09:44:52","date_gmt":"2020-08-05T09:44:52","guid":{"rendered":"https:\/\/torebunia.pl\/sklep\/produkt\/tommy-hilfiger-torebka-dwustronna-by-gigi-hadid\/"},"modified":"2021-01-27T13:28:29","modified_gmt":"2021-01-27T13:28:29","slug":"tommy-hilfiger-torebka-dwustronna-by-gigi-hadid","status":"publish","type":"product","link":"https:\/\/torebunia.pl\/sklep\/produkt\/tommy-hilfiger-torebka-dwustronna-by-gigi-hadid\/","title":{"rendered":"Tommy Hilfiger &#8211; Torebka dwustronna by Gigi Hadid"},"content":{"rendered":"<p>Parametry produktu:<\/p>\n<ul>\n<li>cena: <strong>649.9 PLN<\/strong><\/li>\n<li>marka: <strong>Tommy Hilfiger<\/strong><\/li>\n<li>p\u0142e\u0107: <strong>Female<\/strong><\/li>\n<li>kategoria: <strong>ONA \/ Akcesoria \/ Torebki \/ Casual (na co dzie\u0144)<\/strong><\/li>\n<li>kolor: <strong>czarny<\/strong><\/li>\n<\/ul>\n<p>Opis:<br \/>\nDu\u017ca torebka Tommy Hilfiger z kolekcji Gigi Hadid for Tommy Hilfiger. niezapinany model wykonany z po\u0142\u0105czenia materia\u0142u tekstylnego i sk\u00f3ry ekologicznej. &#8211; Model dwustronny. &#8211; Niezapinana komora. &#8211; Torebka do noszenia w r\u0119ku lub na ramieniu. &#8211; Kr\u00f3tkie uchwyty. &#8211; Mie\u015bci format A4. &#8211; Ozdobne detale. &#8211; Do\u0142\u0105czony pokrowiec. &#8211; D\u0142ugo\u015b\u0107 uchwyt\u00f3w: 50 cm. &#8211; G\u0142\u0119boko\u015b\u0107: 13,3 cm. &#8211; Wysoko\u015b\u0107: 31 cm. &#8211; Szeroko\u015b\u0107 u podstawy: 42,5 cm. Wz\u00f3r: nadruk Materia\u0142: tekstylny Wielko\u015b\u0107: mie\u015bci A4 Materia\u0142: imitacja sk\u00f3ry licowej Pasek: bez paska Sk\u0142ad: 90 % Poliuretan, 5 % Poliester, 5 % Akryl ID produktu: 4930-TOD07B Kod producenta: AW0AW04911<\/p>\n","protected":false},"excerpt":{"rendered":"<p>Parametry produktu: cena: 649.9 PLN marka: Tommy Hilfiger p\u0142e\u0107: Female kategoria: ONA \/ Akcesoria \/ Torebki \/ Casual (na co dzie\u0144) kolor: czarny Opis: Du\u017ca torebka Tommy Hilfiger z kolekcji<\/p>\n","protected":false},"featured_media":11986,"comment_status":"closed","ping_status":"open","template":"","meta":[],"class_list":{"0":"post-11985","1":"product","2":"type-product","3":"status-publish","5":"hentry","6":"product_cat-akcesoria","7":"product_cat-casual-na-co-dzien","8":"product_cat-ona","9":"product_cat-torebki","10":"product_tag-tommy-hilfiger","11":"product_tag-tommy-hilfiger-torebka-dwustronna-by-gigi-hadid"},"yoast_head":"<!-- This site is optimized with the Yoast SEO plugin v15.6.2 - https:\/\/yoast.com\/wordpress\/plugins\/seo\/ -->\n<title>Tommy Hilfiger - Torebka dwustronna by Gigi Hadid<\/title>\n<meta name=\"robots\" content=\"index, follow, max-snippet:-1, max-image-preview:large, max-video-preview:-1\" \/>\n<link rel=\"canonical\" href=\"https:\/\/torebunia.pl\/sklep\/produkt\/tommy-hilfiger-torebka-dwustronna-by-gigi-hadid\/\" \/>\n<meta property=\"og:locale\" content=\"pl_PL\" \/>\n<meta property=\"og:type\" content=\"article\" \/>\n<meta property=\"og:title\" content=\"Tommy Hilfiger - Torebka dwustronna by Gigi Hadid\" \/>\n<meta property=\"og:description\" content=\"Parametry produktu: cena: 649.9 PLN marka: Tommy Hilfiger p\u0142e\u0107: Female kategoria: ONA \/ Akcesoria \/ Torebki \/ Casual (na co dzie\u0144) kolor: czarny Opis: Du\u017ca torebka Tommy Hilfiger z kolekcji\" \/>\n<meta property=\"og:url\" content=\"https:\/\/torebunia.pl\/sklep\/produkt\/tommy-hilfiger-torebka-dwustronna-by-gigi-hadid\/\" \/>\n<meta property=\"og:site_name\" content=\"Moje Blog\" \/>\n<meta property=\"article:modified_time\" content=\"2021-01-27T13:28:29+00:00\" \/>\n<meta property=\"og:image\" content=\"https:\/\/torebunia.pl\/sklep\/wp-content\/uploads\/2021\/01\/7c4e608acea77698de260ba96129cabaa0294276.jpg\" \/>\n\t<meta property=\"og:image:width\" content=\"855\" \/>\n\t<meta property=\"og:image:height\" content=\"1290\" \/>\n<meta name=\"twitter:card\" content=\"summary_large_image\" \/>\n<meta name=\"twitter:label1\" content=\"Est. reading time\">\n\t<meta name=\"twitter:data1\" content=\"1 minuta\">\n<script type=\"application\/ld+json\" class=\"yoast-schema-graph\">{\"@context\":\"https:\/\/schema.org\",\"@graph\":[{\"@type\":\"WebSite\",\"@id\":\"https:\/\/torebunia.pl\/sklep\/#website\",\"url\":\"https:\/\/torebunia.pl\/sklep\/\",\"name\":\"Moje Blog\",\"description\":\"Kolejna witryna WordPress\",\"potentialAction\":[{\"@type\":\"SearchAction\",\"target\":\"https:\/\/torebunia.pl\/sklep\/?s={search_term_string}\",\"query-input\":\"required name=search_term_string\"}],\"inLanguage\":\"pl-PL\"},{\"@type\":\"ImageObject\",\"@id\":\"https:\/\/torebunia.pl\/sklep\/produkt\/tommy-hilfiger-torebka-dwustronna-by-gigi-hadid\/#primaryimage\",\"inLanguage\":\"pl-PL\",\"url\":\"https:\/\/torebunia.pl\/sklep\/wp-content\/uploads\/2021\/01\/7c4e608acea77698de260ba96129cabaa0294276.jpg\",\"width\":855,\"height\":1290,\"caption\":\"Tommy Hilfiger - Torebka dwustronna by Gigi Hadid\"},{\"@type\":\"WebPage\",\"@id\":\"https:\/\/torebunia.pl\/sklep\/produkt\/tommy-hilfiger-torebka-dwustronna-by-gigi-hadid\/#webpage\",\"url\":\"https:\/\/torebunia.pl\/sklep\/produkt\/tommy-hilfiger-torebka-dwustronna-by-gigi-hadid\/\",\"name\":\"Tommy Hilfiger - Torebka dwustronna by Gigi Hadid\",\"isPartOf\":{\"@id\":\"https:\/\/torebunia.pl\/sklep\/#website\"},\"primaryImageOfPage\":{\"@id\":\"https:\/\/torebunia.pl\/sklep\/produkt\/tommy-hilfiger-torebka-dwustronna-by-gigi-hadid\/#primaryimage\"},\"datePublished\":\"2020-08-05T09:44:52+00:00\",\"dateModified\":\"2021-01-27T13:28:29+00:00\",\"inLanguage\":\"pl-PL\",\"potentialAction\":[{\"@type\":\"ReadAction\",\"target\":[\"https:\/\/torebunia.pl\/sklep\/produkt\/tommy-hilfiger-torebka-dwustronna-by-gigi-hadid\/\"]}]}]}<\/script>\n<!-- \/ Yoast SEO plugin. -->","_links":{"self":[{"href":"https:\/\/torebunia.pl\/sklep\/wp-json\/wp\/v2\/product\/11985","targetHints":{"allow":["GET"]}}],"collection":[{"href":"https:\/\/torebunia.pl\/sklep\/wp-json\/wp\/v2\/product"}],"about":[{"href":"https:\/\/torebunia.pl\/sklep\/wp-json\/wp\/v2\/types\/product"}],"replies":[{"embeddable":true,"href":"https:\/\/torebunia.pl\/sklep\/wp-json\/wp\/v2\/comments?post=11985"}],"wp:featuredmedia":[{"embeddable":true,"href":"https:\/\/torebunia.pl\/sklep\/wp-json\/wp\/v2\/media\/11986"}],"wp:attachment":[{"href":"https:\/\/torebunia.pl\/sklep\/wp-json\/wp\/v2\/media?parent=11985"}],"curies":[{"name":"wp","href":"https:\/\/api.w.org\/{rel}","templated":true}]}}