{"id":11975,"date":"2020-03-23T20:06:52","date_gmt":"2020-03-23T20:06:52","guid":{"rendered":"https:\/\/torebunia.pl\/sklep\/produkt\/marco-tozzi-sandaly\/"},"modified":"2021-01-27T13:28:22","modified_gmt":"2021-01-27T13:28:22","slug":"marco-tozzi-sandaly","status":"publish","type":"product","link":"https:\/\/torebunia.pl\/sklep\/produkt\/marco-tozzi-sandaly\/","title":{"rendered":"Marco Tozzi &#8211; Sanda\u0142y"},"content":{"rendered":"<p>Parametry produktu:<\/p>\n<ul>\n<li>cena: <strong>169.9 PLN<\/strong><\/li>\n<li>marka: <strong>Marco Tozzi<\/strong><\/li>\n<li>p\u0142e\u0107: <strong>Female<\/strong><\/li>\n<li>kategoria: <strong>ONA \/ Obuwie \/ Szpilki \/ Sanda\u0142y na obcasie<\/strong><\/li>\n<li>kolor: <strong>pomara\u0144czowy<\/strong><\/li>\n<\/ul>\n<p>Opis:<br \/>\nSanda\u0142y z kolekcji Marco Tozzi. Model wykonany z materia\u0142u tekstylnego. &#8211; Zapi\u0119cie na klamr\u0119 ze szpilk\u0105. &#8211; Regulowane zapi\u0119cie. &#8211; G\u0142adki materia\u0142. &#8211; Antypo\u015blizgowa podeszwa. &#8211; Gumowa podeszwa. &#8211; Tekstylne wn\u0119trze. &#8211; Model na stabilnym obcasie. &#8211; Ozdobne detale. &#8211; Wysoko\u015b\u0107 obcasa: 7,5 cm. &#8211; D\u0142ugo\u015b\u0107 wk\u0142adki wynosi: 23,5 cm. &#8211; Wymiary podane dla rozmiaru: 37. Materia\u0142: tekstylny Obcas: s\u0142upek Wysoko\u015b\u0107 obcasa: 5-8 cm Nosek: okr\u0105g\u0142y Sk\u0142ad: Cholewka: Materia\u0142 tekstylny, Wn\u0119trze: Materia\u0142 tekstylny, Podeszwa: Materia\u0142 syntetyczny, ID produktu: 4911-OBD090 Kod producenta: 2.2.28311.22<\/p>\n","protected":false},"excerpt":{"rendered":"<p>Parametry produktu: cena: 169.9 PLN marka: Marco Tozzi p\u0142e\u0107: Female kategoria: ONA \/ Obuwie \/ Szpilki \/ Sanda\u0142y na obcasie kolor: pomara\u0144czowy Opis: Sanda\u0142y z kolekcji Marco Tozzi. Model wykonany<\/p>\n","protected":false},"featured_media":11976,"comment_status":"closed","ping_status":"open","template":"","meta":[],"class_list":{"0":"post-11975","1":"product","2":"type-product","3":"status-publish","5":"hentry","6":"product_cat-obuwie","7":"product_cat-ona","8":"product_cat-sandaly-na-obcasie","9":"product_cat-szpilki","10":"product_tag-marco-tozzi","11":"product_tag-marco-tozzi-sandaly"},"yoast_head":"<!-- This site is optimized with the Yoast SEO plugin v15.6.2 - https:\/\/yoast.com\/wordpress\/plugins\/seo\/ -->\n<title>Marco Tozzi - Sanda\u0142y<\/title>\n<meta name=\"robots\" content=\"index, follow, max-snippet:-1, max-image-preview:large, max-video-preview:-1\" \/>\n<link rel=\"canonical\" href=\"https:\/\/torebunia.pl\/sklep\/produkt\/marco-tozzi-sandaly\/\" \/>\n<meta property=\"og:locale\" content=\"pl_PL\" \/>\n<meta property=\"og:type\" content=\"article\" \/>\n<meta property=\"og:title\" content=\"Marco Tozzi - Sanda\u0142y\" \/>\n<meta property=\"og:description\" content=\"Parametry produktu: cena: 169.9 PLN marka: Marco Tozzi p\u0142e\u0107: Female kategoria: ONA \/ Obuwie \/ Szpilki \/ Sanda\u0142y na obcasie kolor: pomara\u0144czowy Opis: Sanda\u0142y z kolekcji Marco Tozzi. Model wykonany\" \/>\n<meta property=\"og:url\" content=\"https:\/\/torebunia.pl\/sklep\/produkt\/marco-tozzi-sandaly\/\" \/>\n<meta property=\"og:site_name\" content=\"Moje Blog\" \/>\n<meta property=\"article:modified_time\" content=\"2021-01-27T13:28:22+00:00\" \/>\n<meta property=\"og:image\" content=\"https:\/\/torebunia.pl\/sklep\/wp-content\/uploads\/2021\/01\/d8e0d8be944f97bca8dca5a105a9b15e7d70332e.jpg\" \/>\n\t<meta property=\"og:image:width\" content=\"855\" \/>\n\t<meta property=\"og:image:height\" content=\"1290\" \/>\n<meta name=\"twitter:card\" content=\"summary_large_image\" \/>\n<meta name=\"twitter:label1\" content=\"Est. reading time\">\n\t<meta name=\"twitter:data1\" content=\"1 minuta\">\n<script type=\"application\/ld+json\" class=\"yoast-schema-graph\">{\"@context\":\"https:\/\/schema.org\",\"@graph\":[{\"@type\":\"WebSite\",\"@id\":\"https:\/\/torebunia.pl\/sklep\/#website\",\"url\":\"https:\/\/torebunia.pl\/sklep\/\",\"name\":\"Moje Blog\",\"description\":\"Kolejna witryna WordPress\",\"potentialAction\":[{\"@type\":\"SearchAction\",\"target\":\"https:\/\/torebunia.pl\/sklep\/?s={search_term_string}\",\"query-input\":\"required name=search_term_string\"}],\"inLanguage\":\"pl-PL\"},{\"@type\":\"ImageObject\",\"@id\":\"https:\/\/torebunia.pl\/sklep\/produkt\/marco-tozzi-sandaly\/#primaryimage\",\"inLanguage\":\"pl-PL\",\"url\":\"https:\/\/torebunia.pl\/sklep\/wp-content\/uploads\/2021\/01\/d8e0d8be944f97bca8dca5a105a9b15e7d70332e.jpg\",\"width\":855,\"height\":1290,\"caption\":\"Marco Tozzi - Sanda\\u0142y\"},{\"@type\":\"WebPage\",\"@id\":\"https:\/\/torebunia.pl\/sklep\/produkt\/marco-tozzi-sandaly\/#webpage\",\"url\":\"https:\/\/torebunia.pl\/sklep\/produkt\/marco-tozzi-sandaly\/\",\"name\":\"Marco Tozzi - Sanda\\u0142y\",\"isPartOf\":{\"@id\":\"https:\/\/torebunia.pl\/sklep\/#website\"},\"primaryImageOfPage\":{\"@id\":\"https:\/\/torebunia.pl\/sklep\/produkt\/marco-tozzi-sandaly\/#primaryimage\"},\"datePublished\":\"2020-03-23T20:06:52+00:00\",\"dateModified\":\"2021-01-27T13:28:22+00:00\",\"inLanguage\":\"pl-PL\",\"potentialAction\":[{\"@type\":\"ReadAction\",\"target\":[\"https:\/\/torebunia.pl\/sklep\/produkt\/marco-tozzi-sandaly\/\"]}]}]}<\/script>\n<!-- \/ Yoast SEO plugin. -->","_links":{"self":[{"href":"https:\/\/torebunia.pl\/sklep\/wp-json\/wp\/v2\/product\/11975","targetHints":{"allow":["GET"]}}],"collection":[{"href":"https:\/\/torebunia.pl\/sklep\/wp-json\/wp\/v2\/product"}],"about":[{"href":"https:\/\/torebunia.pl\/sklep\/wp-json\/wp\/v2\/types\/product"}],"replies":[{"embeddable":true,"href":"https:\/\/torebunia.pl\/sklep\/wp-json\/wp\/v2\/comments?post=11975"}],"wp:featuredmedia":[{"embeddable":true,"href":"https:\/\/torebunia.pl\/sklep\/wp-json\/wp\/v2\/media\/11976"}],"wp:attachment":[{"href":"https:\/\/torebunia.pl\/sklep\/wp-json\/wp\/v2\/media?parent=11975"}],"curies":[{"name":"wp","href":"https:\/\/api.w.org\/{rel}","templated":true}]}}