{"id":11859,"date":"2020-06-11T04:58:54","date_gmt":"2020-06-11T04:58:54","guid":{"rendered":"https:\/\/torebunia.pl\/sklep\/produkt\/answear-lab-pasek-skorzany-7\/"},"modified":"2021-01-25T19:09:30","modified_gmt":"2021-01-25T19:09:30","slug":"answear-lab-pasek-skorzany-7","status":"publish","type":"product","link":"https:\/\/torebunia.pl\/sklep\/produkt\/answear-lab-pasek-skorzany-7\/","title":{"rendered":"Answear Lab &#8211; Pasek sk\u00f3rzany"},"content":{"rendered":"<p>Parametry produktu:<\/p>\n<ul>\n<li>cena: <strong>59.9 PLN<\/strong><\/li>\n<li>marka: <strong>Answear Lab<\/strong><\/li>\n<li>p\u0142e\u0107: <strong>Female<\/strong><\/li>\n<li>kategoria: <strong>ONA \/ Akcesoria \/ Paski<\/strong><\/li>\n<li>kolor: <strong>kawowy<\/strong><\/li>\n<\/ul>\n<p>Opis:<br \/>\nPasek z kolekcji Answear Lab. Model wykonany ze sk\u00f3ry naturalnej. Materia\u0142: sk\u00f3ra licowa Sk\u0142ad: 100 % Sk\u00f3ra naturalna ID produktu: -100-PAD027 Kod producenta: HP5021.DA<\/p>\n","protected":false},"excerpt":{"rendered":"<p>Parametry produktu: cena: 59.9 PLN marka: Answear Lab p\u0142e\u0107: Female kategoria: ONA \/ Akcesoria \/ Paski kolor: kawowy Opis: Pasek z kolekcji Answear Lab. Model wykonany ze sk\u00f3ry naturalnej. Materia\u0142:<\/p>\n","protected":false},"featured_media":11860,"comment_status":"closed","ping_status":"open","template":"","meta":[],"class_list":{"0":"post-11859","1":"product","2":"type-product","3":"status-publish","5":"hentry","6":"product_cat-akcesoria","7":"product_cat-ona","8":"product_cat-paski","9":"product_tag-answear-lab","10":"product_tag-answear-lab-pasek-skorzany"},"yoast_head":"<!-- This site is optimized with the Yoast SEO plugin v15.6.2 - https:\/\/yoast.com\/wordpress\/plugins\/seo\/ -->\n<title>Answear Lab - Pasek sk\u00f3rzany<\/title>\n<meta name=\"robots\" content=\"index, follow, max-snippet:-1, max-image-preview:large, max-video-preview:-1\" \/>\n<link rel=\"canonical\" href=\"https:\/\/torebunia.pl\/sklep\/produkt\/answear-lab-pasek-skorzany-7\/\" \/>\n<meta property=\"og:locale\" content=\"pl_PL\" \/>\n<meta property=\"og:type\" content=\"article\" \/>\n<meta property=\"og:title\" content=\"Answear Lab - Pasek sk\u00f3rzany\" \/>\n<meta property=\"og:description\" content=\"Parametry produktu: cena: 59.9 PLN marka: Answear Lab p\u0142e\u0107: Female kategoria: ONA \/ Akcesoria \/ Paski kolor: kawowy Opis: Pasek z kolekcji Answear Lab. Model wykonany ze sk\u00f3ry naturalnej. Materia\u0142:\" \/>\n<meta property=\"og:url\" content=\"https:\/\/torebunia.pl\/sklep\/produkt\/answear-lab-pasek-skorzany-7\/\" \/>\n<meta property=\"og:site_name\" content=\"Moje Blog\" \/>\n<meta property=\"article:modified_time\" content=\"2021-01-25T19:09:30+00:00\" \/>\n<meta property=\"og:image\" content=\"https:\/\/torebunia.pl\/sklep\/wp-content\/uploads\/2021\/01\/7946dbcb18e484abb6c47cbca59bab7d7181c739.jpg\" \/>\n\t<meta property=\"og:image:width\" content=\"855\" \/>\n\t<meta property=\"og:image:height\" content=\"1290\" \/>\n<meta name=\"twitter:card\" content=\"summary_large_image\" \/>\n<script type=\"application\/ld+json\" class=\"yoast-schema-graph\">{\"@context\":\"https:\/\/schema.org\",\"@graph\":[{\"@type\":\"WebSite\",\"@id\":\"https:\/\/torebunia.pl\/sklep\/#website\",\"url\":\"https:\/\/torebunia.pl\/sklep\/\",\"name\":\"Moje Blog\",\"description\":\"Kolejna witryna WordPress\",\"potentialAction\":[{\"@type\":\"SearchAction\",\"target\":\"https:\/\/torebunia.pl\/sklep\/?s={search_term_string}\",\"query-input\":\"required name=search_term_string\"}],\"inLanguage\":\"pl-PL\"},{\"@type\":\"ImageObject\",\"@id\":\"https:\/\/torebunia.pl\/sklep\/produkt\/answear-lab-pasek-skorzany-7\/#primaryimage\",\"inLanguage\":\"pl-PL\",\"url\":\"https:\/\/torebunia.pl\/sklep\/wp-content\/uploads\/2021\/01\/7946dbcb18e484abb6c47cbca59bab7d7181c739.jpg\",\"width\":855,\"height\":1290,\"caption\":\"Answear Lab - Pasek sk\\u00f3rzany\"},{\"@type\":\"WebPage\",\"@id\":\"https:\/\/torebunia.pl\/sklep\/produkt\/answear-lab-pasek-skorzany-7\/#webpage\",\"url\":\"https:\/\/torebunia.pl\/sklep\/produkt\/answear-lab-pasek-skorzany-7\/\",\"name\":\"Answear Lab - Pasek sk\\u00f3rzany\",\"isPartOf\":{\"@id\":\"https:\/\/torebunia.pl\/sklep\/#website\"},\"primaryImageOfPage\":{\"@id\":\"https:\/\/torebunia.pl\/sklep\/produkt\/answear-lab-pasek-skorzany-7\/#primaryimage\"},\"datePublished\":\"2020-06-11T04:58:54+00:00\",\"dateModified\":\"2021-01-25T19:09:30+00:00\",\"inLanguage\":\"pl-PL\",\"potentialAction\":[{\"@type\":\"ReadAction\",\"target\":[\"https:\/\/torebunia.pl\/sklep\/produkt\/answear-lab-pasek-skorzany-7\/\"]}]}]}<\/script>\n<!-- \/ Yoast SEO plugin. -->","_links":{"self":[{"href":"https:\/\/torebunia.pl\/sklep\/wp-json\/wp\/v2\/product\/11859","targetHints":{"allow":["GET"]}}],"collection":[{"href":"https:\/\/torebunia.pl\/sklep\/wp-json\/wp\/v2\/product"}],"about":[{"href":"https:\/\/torebunia.pl\/sklep\/wp-json\/wp\/v2\/types\/product"}],"replies":[{"embeddable":true,"href":"https:\/\/torebunia.pl\/sklep\/wp-json\/wp\/v2\/comments?post=11859"}],"wp:featuredmedia":[{"embeddable":true,"href":"https:\/\/torebunia.pl\/sklep\/wp-json\/wp\/v2\/media\/11860"}],"wp:attachment":[{"href":"https:\/\/torebunia.pl\/sklep\/wp-json\/wp\/v2\/media?parent=11859"}],"curies":[{"name":"wp","href":"https:\/\/api.w.org\/{rel}","templated":true}]}}