{"id":1176,"date":"2020-04-16T13:13:51","date_gmt":"2020-04-16T13:13:51","guid":{"rendered":"https:\/\/torebunia.pl\/sklep\/produkt\/medicine-sweter-ready-to-party\/"},"modified":"2021-01-27T11:30:59","modified_gmt":"2021-01-27T11:30:59","slug":"medicine-sweter-ready-to-party","status":"publish","type":"product","link":"https:\/\/torebunia.pl\/sklep\/produkt\/medicine-sweter-ready-to-party\/","title":{"rendered":"Medicine &#8211; Sweter Ready to Party"},"content":{"rendered":"<p>Parametry produktu:<\/p>\n<ul>\n<li>cena: <strong>139.9 PLN<\/strong><\/li>\n<li>marka: <strong>MEDICINE<\/strong><\/li>\n<li>p\u0142e\u0107: <strong>Female<\/strong><\/li>\n<li>kategoria: <strong>ONA \/ Odzie\u017c \/ Swetry \/ Przez g\u0142ow\u0119<\/strong><\/li>\n<li>kolor: <strong>piaskowy<\/strong><\/li>\n<\/ul>\n<p>Opis:<br \/>\nSweter z kolekcji Medicine. Model z okr\u0105g\u0142ym dekoltem, wykonany z melan\u017cowego materia\u0142u. &#8211; Lu\u017any fason. &#8211; Okr\u0105g\u0142y dekolt. &#8211; Obni\u017cona linia ramion. &#8211; Melan\u017cowa dzianina. &#8211; Szeroko\u015b\u0107 pod pachami: 51 cm. &#8211; D\u0142ugo\u015b\u0107 r\u0119kawa(mierzona od dekoltu): 72 cm. &#8211; D\u0142ugo\u015b\u0107: 51 cm. &#8211; Wymiary podane dla rozmiaru: S. Wz\u00f3r: melan\u017c Dekolt: okr\u0105g\u0142y Dzianina: gruba Sk\u0142ad: 88 % Bawe\u0142na, 6 % Akryl, 6 % Poliester ID produktu: 6910-SWDA70 Kod producenta: RW19.SWDA70<\/p>\n","protected":false},"excerpt":{"rendered":"<p>Parametry produktu: cena: 139.9 PLN marka: MEDICINE p\u0142e\u0107: Female kategoria: ONA \/ Odzie\u017c \/ Swetry \/ Przez g\u0142ow\u0119 kolor: piaskowy Opis: Sweter z kolekcji Medicine. Model z okr\u0105g\u0142ym dekoltem, wykonany<\/p>\n","protected":false},"featured_media":1177,"comment_status":"closed","ping_status":"open","template":"","meta":[],"class_list":{"0":"post-1176","1":"product","2":"type-product","3":"status-publish","5":"hentry","6":"product_cat-odziez","7":"product_cat-ona","8":"product_cat-przez-glowe","9":"product_cat-swetry","10":"product_tag-medicine","11":"product_tag-medicine-sweter-ready-to-party"},"yoast_head":"<!-- This site is optimized with the Yoast SEO plugin v15.6.2 - https:\/\/yoast.com\/wordpress\/plugins\/seo\/ -->\n<title>Medicine - Sweter Ready to Party<\/title>\n<meta name=\"robots\" content=\"index, follow, max-snippet:-1, max-image-preview:large, max-video-preview:-1\" \/>\n<link rel=\"canonical\" href=\"https:\/\/torebunia.pl\/sklep\/produkt\/medicine-sweter-ready-to-party\/\" \/>\n<meta property=\"og:locale\" content=\"pl_PL\" \/>\n<meta property=\"og:type\" content=\"article\" \/>\n<meta property=\"og:title\" content=\"Medicine - Sweter Ready to Party\" \/>\n<meta property=\"og:description\" content=\"Parametry produktu: cena: 139.9 PLN marka: MEDICINE p\u0142e\u0107: Female kategoria: ONA \/ Odzie\u017c \/ Swetry \/ Przez g\u0142ow\u0119 kolor: piaskowy Opis: Sweter z kolekcji Medicine. Model z okr\u0105g\u0142ym dekoltem, wykonany\" \/>\n<meta property=\"og:url\" content=\"https:\/\/torebunia.pl\/sklep\/produkt\/medicine-sweter-ready-to-party\/\" \/>\n<meta property=\"og:site_name\" content=\"Moje Blog\" \/>\n<meta property=\"article:modified_time\" content=\"2021-01-27T11:30:59+00:00\" \/>\n<meta property=\"og:image\" content=\"https:\/\/torebunia.pl\/sklep\/wp-content\/uploads\/2021\/01\/2470c62b4612d8a4ce58edbbb26466da9d5bbf05.jpg\" \/>\n\t<meta property=\"og:image:width\" content=\"855\" \/>\n\t<meta property=\"og:image:height\" content=\"1290\" \/>\n<meta name=\"twitter:card\" content=\"summary_large_image\" \/>\n<script type=\"application\/ld+json\" class=\"yoast-schema-graph\">{\"@context\":\"https:\/\/schema.org\",\"@graph\":[{\"@type\":\"WebSite\",\"@id\":\"https:\/\/torebunia.pl\/sklep\/#website\",\"url\":\"https:\/\/torebunia.pl\/sklep\/\",\"name\":\"Moje Blog\",\"description\":\"Kolejna witryna WordPress\",\"potentialAction\":[{\"@type\":\"SearchAction\",\"target\":\"https:\/\/torebunia.pl\/sklep\/?s={search_term_string}\",\"query-input\":\"required name=search_term_string\"}],\"inLanguage\":\"pl-PL\"},{\"@type\":\"ImageObject\",\"@id\":\"https:\/\/torebunia.pl\/sklep\/produkt\/medicine-sweter-ready-to-party\/#primaryimage\",\"inLanguage\":\"pl-PL\",\"url\":\"https:\/\/torebunia.pl\/sklep\/wp-content\/uploads\/2021\/01\/2470c62b4612d8a4ce58edbbb26466da9d5bbf05.jpg\",\"width\":855,\"height\":1290,\"caption\":\"Medicine - Sweter Ready to Party\"},{\"@type\":\"WebPage\",\"@id\":\"https:\/\/torebunia.pl\/sklep\/produkt\/medicine-sweter-ready-to-party\/#webpage\",\"url\":\"https:\/\/torebunia.pl\/sklep\/produkt\/medicine-sweter-ready-to-party\/\",\"name\":\"Medicine - Sweter Ready to Party\",\"isPartOf\":{\"@id\":\"https:\/\/torebunia.pl\/sklep\/#website\"},\"primaryImageOfPage\":{\"@id\":\"https:\/\/torebunia.pl\/sklep\/produkt\/medicine-sweter-ready-to-party\/#primaryimage\"},\"datePublished\":\"2020-04-16T13:13:51+00:00\",\"dateModified\":\"2021-01-27T11:30:59+00:00\",\"inLanguage\":\"pl-PL\",\"potentialAction\":[{\"@type\":\"ReadAction\",\"target\":[\"https:\/\/torebunia.pl\/sklep\/produkt\/medicine-sweter-ready-to-party\/\"]}]}]}<\/script>\n<!-- \/ Yoast SEO plugin. -->","_links":{"self":[{"href":"https:\/\/torebunia.pl\/sklep\/wp-json\/wp\/v2\/product\/1176","targetHints":{"allow":["GET"]}}],"collection":[{"href":"https:\/\/torebunia.pl\/sklep\/wp-json\/wp\/v2\/product"}],"about":[{"href":"https:\/\/torebunia.pl\/sklep\/wp-json\/wp\/v2\/types\/product"}],"replies":[{"embeddable":true,"href":"https:\/\/torebunia.pl\/sklep\/wp-json\/wp\/v2\/comments?post=1176"}],"wp:featuredmedia":[{"embeddable":true,"href":"https:\/\/torebunia.pl\/sklep\/wp-json\/wp\/v2\/media\/1177"}],"wp:attachment":[{"href":"https:\/\/torebunia.pl\/sklep\/wp-json\/wp\/v2\/media?parent=1176"}],"curies":[{"name":"wp","href":"https:\/\/api.w.org\/{rel}","templated":true}]}}