{"id":11685,"date":"2020-07-02T02:03:22","date_gmt":"2020-07-02T02:03:22","guid":{"rendered":"https:\/\/torebunia.pl\/sklep\/produkt\/emu-australia-botki-stinger-micro-4\/"},"modified":"2021-01-25T19:04:38","modified_gmt":"2021-01-25T19:04:38","slug":"emu-australia-botki-stinger-micro-4","status":"publish","type":"product","link":"https:\/\/torebunia.pl\/sklep\/produkt\/emu-australia-botki-stinger-micro-4\/","title":{"rendered":"EMU Australia &#8211; Botki Stinger Micro"},"content":{"rendered":"<p>Parametry produktu:<\/p>\n<ul>\n<li>cena: <strong>549.9 PLN<\/strong><\/li>\n<li>marka: <strong>Emu Australia<\/strong><\/li>\n<li>p\u0142e\u0107: <strong>Female<\/strong><\/li>\n<li>kategoria: <strong>ONA \/ Obuwie \/ Kozaki i botki \/ Botki<\/strong><\/li>\n<li>kolor: <strong>be\u017cowy<\/strong><\/li>\n<\/ul>\n<p>Opis:<br \/>\nBotki z kolekcji EMU Australia. Model Stinger Micro to nowo\u015b\u0107 wprowadzon\u0105 przez mark\u0119, z ni\u017csz\u0105 cholewk\u0105. Model z podwy\u017cszon\u0105 odporno\u015bci\u0105 na wod\u0119. &#8211; Model 30% l\u017cejszy od standardowych but\u00f3w EMU. &#8211; Cie\u0144sza i bardziej sprasowana wk\u0142adka \u015brodkowa EVA zapewnia wi\u0119kszy komfort i amortyzacj\u0119 przez ca\u0142y dzie\u0144 u\u017cytkowania. &#8211; W\u0119\u017csza, odpowiednio uformowana pi\u0119ta zapewnia odpowiednie dopasowanie stopy do buta. &#8211; Mi\u0119kka pianka wewn\u0105trz wk\u0142adki zapewnia stabilizacj\u0119 stopy i podwy\u017csza komfort chodzenia. &#8211; Znacznie wi\u0119ksza elastyczno\u015b\u0107 i rozci\u0105gliwo\u015b\u0107. &#8211; Cholewka wykonana ze sk\u00f3ry owczej, z podwy\u017cszon\u0105 odporno\u015bci\u0105 na wod\u0119. &#8211; Wytrzyma\u0142a, gumowa podeszwa. &#8211; Wn\u0119trze obuwia wykonane zosta\u0142o z we\u0142ny merynos\u00f3w, co zapewnia lepsze utrzymywanie ciep\u0142a oraz dobr\u0105 cyrkulacj\u0119 powietrza. &#8211; Usztywniony i wyprofilowany zapi\u0119tek zosta\u0142 wykonany ze sk\u00f3ry zamszowej, na zapi\u0119tku przyszyta szlufka.. &#8211; Model z mocnymi przeszyciami, wp\u0142ywaj\u0105cymi na wytrzyma\u0142o\u015b\u0107 buta. &#8211; Wysoko\u015b\u0107 ca\u0142kowita buta: 11cm. &#8211; Obw\u00f3d cholewki na g\u00f3rze: 34cm. &#8211; D\u0142ugo\u015b\u0107 wk\u0142adki dla rozmiaru 37 wynosi 24cm. Materia\u0142: sk\u00f3ra zamszowa Ocieplenie: ocieplane Sk\u0142ad: Cholewka: sk\u00f3ra owcza, sk\u00f3ra zamszowa Wn\u0119trze: we\u0142na merynos\u00f3w Podeszwa: materia\u0142 syntetyczny ID produktu: 4960-OBD545 Kod producenta: W10937PP6<\/p>\n","protected":false},"excerpt":{"rendered":"<p>Parametry produktu: cena: 549.9 PLN marka: Emu Australia p\u0142e\u0107: Female kategoria: ONA \/ Obuwie \/ Kozaki i botki \/ Botki kolor: be\u017cowy Opis: Botki z kolekcji EMU Australia. Model Stinger<\/p>\n","protected":false},"featured_media":11686,"comment_status":"closed","ping_status":"open","template":"","meta":[],"class_list":{"0":"post-11685","1":"product","2":"type-product","3":"status-publish","5":"hentry","6":"product_cat-botki","7":"product_cat-kozaki-i-botki","8":"product_cat-obuwie","9":"product_cat-ona","10":"product_tag-emu-australia","11":"product_tag-emu-australia-botki-stinger-micro"},"yoast_head":"<!-- This site is optimized with the Yoast SEO plugin v15.6.2 - https:\/\/yoast.com\/wordpress\/plugins\/seo\/ -->\n<title>EMU Australia - Botki Stinger Micro<\/title>\n<meta name=\"robots\" content=\"index, follow, max-snippet:-1, max-image-preview:large, max-video-preview:-1\" \/>\n<link rel=\"canonical\" href=\"https:\/\/torebunia.pl\/sklep\/produkt\/emu-australia-botki-stinger-micro-4\/\" \/>\n<meta property=\"og:locale\" content=\"pl_PL\" \/>\n<meta property=\"og:type\" content=\"article\" \/>\n<meta property=\"og:title\" content=\"EMU Australia - Botki Stinger Micro\" \/>\n<meta property=\"og:description\" content=\"Parametry produktu: cena: 549.9 PLN marka: Emu Australia p\u0142e\u0107: Female kategoria: ONA \/ Obuwie \/ Kozaki i botki \/ Botki kolor: be\u017cowy Opis: Botki z kolekcji EMU Australia. Model Stinger\" \/>\n<meta property=\"og:url\" content=\"https:\/\/torebunia.pl\/sklep\/produkt\/emu-australia-botki-stinger-micro-4\/\" \/>\n<meta property=\"og:site_name\" content=\"Moje Blog\" \/>\n<meta property=\"article:modified_time\" content=\"2021-01-25T19:04:38+00:00\" \/>\n<meta property=\"og:image\" content=\"https:\/\/torebunia.pl\/sklep\/wp-content\/uploads\/2021\/01\/e0a3b820116a39c99066c4c5327d62e31ef787a4.jpg\" \/>\n\t<meta property=\"og:image:width\" content=\"855\" \/>\n\t<meta property=\"og:image:height\" content=\"1290\" \/>\n<meta name=\"twitter:card\" content=\"summary_large_image\" \/>\n<meta name=\"twitter:label1\" content=\"Est. reading time\">\n\t<meta name=\"twitter:data1\" content=\"1 minuta\">\n<script type=\"application\/ld+json\" class=\"yoast-schema-graph\">{\"@context\":\"https:\/\/schema.org\",\"@graph\":[{\"@type\":\"WebSite\",\"@id\":\"https:\/\/torebunia.pl\/sklep\/#website\",\"url\":\"https:\/\/torebunia.pl\/sklep\/\",\"name\":\"Moje Blog\",\"description\":\"Kolejna witryna WordPress\",\"potentialAction\":[{\"@type\":\"SearchAction\",\"target\":\"https:\/\/torebunia.pl\/sklep\/?s={search_term_string}\",\"query-input\":\"required name=search_term_string\"}],\"inLanguage\":\"pl-PL\"},{\"@type\":\"ImageObject\",\"@id\":\"https:\/\/torebunia.pl\/sklep\/produkt\/emu-australia-botki-stinger-micro-4\/#primaryimage\",\"inLanguage\":\"pl-PL\",\"url\":\"https:\/\/torebunia.pl\/sklep\/wp-content\/uploads\/2021\/01\/e0a3b820116a39c99066c4c5327d62e31ef787a4.jpg\",\"width\":855,\"height\":1290,\"caption\":\"EMU Australia - Botki Stinger Micro\"},{\"@type\":\"WebPage\",\"@id\":\"https:\/\/torebunia.pl\/sklep\/produkt\/emu-australia-botki-stinger-micro-4\/#webpage\",\"url\":\"https:\/\/torebunia.pl\/sklep\/produkt\/emu-australia-botki-stinger-micro-4\/\",\"name\":\"EMU Australia - Botki Stinger Micro\",\"isPartOf\":{\"@id\":\"https:\/\/torebunia.pl\/sklep\/#website\"},\"primaryImageOfPage\":{\"@id\":\"https:\/\/torebunia.pl\/sklep\/produkt\/emu-australia-botki-stinger-micro-4\/#primaryimage\"},\"datePublished\":\"2020-07-02T02:03:22+00:00\",\"dateModified\":\"2021-01-25T19:04:38+00:00\",\"inLanguage\":\"pl-PL\",\"potentialAction\":[{\"@type\":\"ReadAction\",\"target\":[\"https:\/\/torebunia.pl\/sklep\/produkt\/emu-australia-botki-stinger-micro-4\/\"]}]}]}<\/script>\n<!-- \/ Yoast SEO plugin. -->","_links":{"self":[{"href":"https:\/\/torebunia.pl\/sklep\/wp-json\/wp\/v2\/product\/11685","targetHints":{"allow":["GET"]}}],"collection":[{"href":"https:\/\/torebunia.pl\/sklep\/wp-json\/wp\/v2\/product"}],"about":[{"href":"https:\/\/torebunia.pl\/sklep\/wp-json\/wp\/v2\/types\/product"}],"replies":[{"embeddable":true,"href":"https:\/\/torebunia.pl\/sklep\/wp-json\/wp\/v2\/comments?post=11685"}],"wp:featuredmedia":[{"embeddable":true,"href":"https:\/\/torebunia.pl\/sklep\/wp-json\/wp\/v2\/media\/11686"}],"wp:attachment":[{"href":"https:\/\/torebunia.pl\/sklep\/wp-json\/wp\/v2\/media?parent=11685"}],"curies":[{"name":"wp","href":"https:\/\/api.w.org\/{rel}","templated":true}]}}