{"id":11455,"date":"2020-07-21T02:58:25","date_gmt":"2020-07-21T02:58:25","guid":{"rendered":"https:\/\/torebunia.pl\/sklep\/produkt\/mango-kamizelka-manati\/"},"modified":"2021-01-25T18:58:17","modified_gmt":"2021-01-25T18:58:17","slug":"mango-kamizelka-manati","status":"publish","type":"product","link":"https:\/\/torebunia.pl\/sklep\/produkt\/mango-kamizelka-manati\/","title":{"rendered":"Mango &#8211; Kamizelka MANATI"},"content":{"rendered":"<p>Parametry produktu:<\/p>\n<ul>\n<li>cena: <strong>139.99 PLN<\/strong><\/li>\n<li>marka: <strong>Mango<\/strong><\/li>\n<li>p\u0142e\u0107: <strong>Female<\/strong><\/li>\n<li>kategoria: <strong>ONA \/ Odzie\u017c \/ Swetry \/ Rozpinane<\/strong><\/li>\n<li>kolor: <strong>zielony<\/strong><\/li>\n<\/ul>\n<p>Opis:<br \/>\nKamizelka z kolekcji Mango. Model z golfem, wykonany z grubej dzianiny. &#8211; Prosty fason. &#8211; Wi\u0105zanie w talii. &#8211; Efektowny splot. Wz\u00f3r: g\u0142adkie Dzianina: gruba Sk\u0142ad: 79 % Akryl, 21 % Poliester ID produktu: -100-KUD019 Kod producenta: 77097885<\/p>\n","protected":false},"excerpt":{"rendered":"<p>Parametry produktu: cena: 139.99 PLN marka: Mango p\u0142e\u0107: Female kategoria: ONA \/ Odzie\u017c \/ Swetry \/ Rozpinane kolor: zielony Opis: Kamizelka z kolekcji Mango. Model z golfem, wykonany z grubej<\/p>\n","protected":false},"featured_media":11456,"comment_status":"closed","ping_status":"open","template":"","meta":[],"class_list":{"0":"post-11455","1":"product","2":"type-product","3":"status-publish","5":"hentry","6":"product_cat-odziez","7":"product_cat-ona","8":"product_cat-rozpinane","9":"product_cat-swetry","10":"product_tag-mango","11":"product_tag-mango-kamizelka-manati"},"yoast_head":"<!-- This site is optimized with the Yoast SEO plugin v15.6.2 - https:\/\/yoast.com\/wordpress\/plugins\/seo\/ -->\n<title>Mango - Kamizelka MANATI<\/title>\n<meta name=\"robots\" content=\"index, follow, max-snippet:-1, max-image-preview:large, max-video-preview:-1\" \/>\n<link rel=\"canonical\" href=\"https:\/\/torebunia.pl\/sklep\/produkt\/mango-kamizelka-manati\/\" \/>\n<meta property=\"og:locale\" content=\"pl_PL\" \/>\n<meta property=\"og:type\" content=\"article\" \/>\n<meta property=\"og:title\" content=\"Mango - Kamizelka MANATI\" \/>\n<meta property=\"og:description\" content=\"Parametry produktu: cena: 139.99 PLN marka: Mango p\u0142e\u0107: Female kategoria: ONA \/ Odzie\u017c \/ Swetry \/ Rozpinane kolor: zielony Opis: Kamizelka z kolekcji Mango. Model z golfem, wykonany z grubej\" \/>\n<meta property=\"og:url\" content=\"https:\/\/torebunia.pl\/sklep\/produkt\/mango-kamizelka-manati\/\" \/>\n<meta property=\"og:site_name\" content=\"Moje Blog\" \/>\n<meta property=\"article:modified_time\" content=\"2021-01-25T18:58:17+00:00\" \/>\n<meta property=\"og:image\" content=\"https:\/\/torebunia.pl\/sklep\/wp-content\/uploads\/2021\/01\/d7ed21d49a0f2ffddec1ea0d49ee07a02f5fac4d.jpg\" \/>\n\t<meta property=\"og:image:width\" content=\"855\" \/>\n\t<meta property=\"og:image:height\" content=\"1290\" \/>\n<meta name=\"twitter:card\" content=\"summary_large_image\" \/>\n<script type=\"application\/ld+json\" class=\"yoast-schema-graph\">{\"@context\":\"https:\/\/schema.org\",\"@graph\":[{\"@type\":\"WebSite\",\"@id\":\"https:\/\/torebunia.pl\/sklep\/#website\",\"url\":\"https:\/\/torebunia.pl\/sklep\/\",\"name\":\"Moje Blog\",\"description\":\"Kolejna witryna WordPress\",\"potentialAction\":[{\"@type\":\"SearchAction\",\"target\":\"https:\/\/torebunia.pl\/sklep\/?s={search_term_string}\",\"query-input\":\"required name=search_term_string\"}],\"inLanguage\":\"pl-PL\"},{\"@type\":\"ImageObject\",\"@id\":\"https:\/\/torebunia.pl\/sklep\/produkt\/mango-kamizelka-manati\/#primaryimage\",\"inLanguage\":\"pl-PL\",\"url\":\"https:\/\/torebunia.pl\/sklep\/wp-content\/uploads\/2021\/01\/d7ed21d49a0f2ffddec1ea0d49ee07a02f5fac4d.jpg\",\"width\":855,\"height\":1290,\"caption\":\"Mango - Kamizelka MANATI\"},{\"@type\":\"WebPage\",\"@id\":\"https:\/\/torebunia.pl\/sklep\/produkt\/mango-kamizelka-manati\/#webpage\",\"url\":\"https:\/\/torebunia.pl\/sklep\/produkt\/mango-kamizelka-manati\/\",\"name\":\"Mango - Kamizelka MANATI\",\"isPartOf\":{\"@id\":\"https:\/\/torebunia.pl\/sklep\/#website\"},\"primaryImageOfPage\":{\"@id\":\"https:\/\/torebunia.pl\/sklep\/produkt\/mango-kamizelka-manati\/#primaryimage\"},\"datePublished\":\"2020-07-21T02:58:25+00:00\",\"dateModified\":\"2021-01-25T18:58:17+00:00\",\"inLanguage\":\"pl-PL\",\"potentialAction\":[{\"@type\":\"ReadAction\",\"target\":[\"https:\/\/torebunia.pl\/sklep\/produkt\/mango-kamizelka-manati\/\"]}]}]}<\/script>\n<!-- \/ Yoast SEO plugin. -->","_links":{"self":[{"href":"https:\/\/torebunia.pl\/sklep\/wp-json\/wp\/v2\/product\/11455","targetHints":{"allow":["GET"]}}],"collection":[{"href":"https:\/\/torebunia.pl\/sklep\/wp-json\/wp\/v2\/product"}],"about":[{"href":"https:\/\/torebunia.pl\/sklep\/wp-json\/wp\/v2\/types\/product"}],"replies":[{"embeddable":true,"href":"https:\/\/torebunia.pl\/sklep\/wp-json\/wp\/v2\/comments?post=11455"}],"wp:featuredmedia":[{"embeddable":true,"href":"https:\/\/torebunia.pl\/sklep\/wp-json\/wp\/v2\/media\/11456"}],"wp:attachment":[{"href":"https:\/\/torebunia.pl\/sklep\/wp-json\/wp\/v2\/media?parent=11455"}],"curies":[{"name":"wp","href":"https:\/\/api.w.org\/{rel}","templated":true}]}}