{"id":11357,"date":"2021-01-18T03:54:44","date_gmt":"2021-01-18T03:54:44","guid":{"rendered":"https:\/\/torebunia.pl\/sklep\/produkt\/palladium-trampki-2\/"},"modified":"2021-01-25T18:55:28","modified_gmt":"2021-01-25T18:55:28","slug":"palladium-trampki-2","status":"publish","type":"product","link":"https:\/\/torebunia.pl\/sklep\/produkt\/palladium-trampki-2\/","title":{"rendered":"Palladium &#8211; Trampki"},"content":{"rendered":"<p>Parametry produktu:<\/p>\n<ul>\n<li>cena: <strong>359.9 PLN<\/strong><\/li>\n<li>marka: <strong>Palladium<\/strong><\/li>\n<li>p\u0142e\u0107: <strong>Female<\/strong><\/li>\n<li>kategoria: <strong>ONA \/ Obuwie \/ Trampki i tenis\u00f3wki \/ Wysokie<\/strong><\/li>\n<li>kolor: <strong>czarny<\/strong><\/li>\n<\/ul>\n<p>Opis:<br \/>\nTrampki z kolekcji Palladium. Model wykonany z materia\u0142u tekstylnego. &#8211; Okr\u0105g\u0142y, gumowany nosek. &#8211; Antypo\u015blizgowa, gumowa podeszwa. &#8211; \u017b\u0142obiona podeszwa. &#8211; Usztywniony zapi\u0119tek. &#8211; Tekstylna wk\u0142adka. &#8211; Model na platformie. &#8211; Sznurowany model. &#8211; Wysoko\u015b\u0107 platformy: 3,5 cm. &#8211; D\u0142ugo\u015b\u0107 wk\u0142adki wynosi: 22,5 cm. &#8211; Wymiary podane dla rozmiaru: 37. Obcas: platforma Materia\u0142: tekstylny Sk\u0142ad: Cholewka: Materia\u0142 tekstylny, Wn\u0119trze: Materia\u0142 tekstylny, Podeszwa: Materia\u0142 syntetyczny ID produktu: 4901-OBD39L Kod producenta: 76258.008<\/p>\n","protected":false},"excerpt":{"rendered":"<p>Parametry produktu: cena: 359.9 PLN marka: Palladium p\u0142e\u0107: Female kategoria: ONA \/ Obuwie \/ Trampki i tenis\u00f3wki \/ Wysokie kolor: czarny Opis: Trampki z kolekcji Palladium. Model wykonany z materia\u0142u<\/p>\n","protected":false},"featured_media":11358,"comment_status":"closed","ping_status":"open","template":"","meta":[],"class_list":{"0":"post-11357","1":"product","2":"type-product","3":"status-publish","5":"hentry","6":"product_cat-obuwie","7":"product_cat-ona","8":"product_cat-trampki-i-tenisowki","9":"product_cat-wysokie","10":"product_tag-palladium","11":"product_tag-palladium-trampki"},"yoast_head":"<!-- This site is optimized with the Yoast SEO plugin v15.6.2 - https:\/\/yoast.com\/wordpress\/plugins\/seo\/ -->\n<title>Palladium - Trampki<\/title>\n<meta name=\"robots\" content=\"index, follow, max-snippet:-1, max-image-preview:large, max-video-preview:-1\" \/>\n<link rel=\"canonical\" href=\"https:\/\/torebunia.pl\/sklep\/produkt\/palladium-trampki-2\/\" \/>\n<meta property=\"og:locale\" content=\"pl_PL\" \/>\n<meta property=\"og:type\" content=\"article\" \/>\n<meta property=\"og:title\" content=\"Palladium - Trampki\" \/>\n<meta property=\"og:description\" content=\"Parametry produktu: cena: 359.9 PLN marka: Palladium p\u0142e\u0107: Female kategoria: ONA \/ Obuwie \/ Trampki i tenis\u00f3wki \/ Wysokie kolor: czarny Opis: Trampki z kolekcji Palladium. Model wykonany z materia\u0142u\" \/>\n<meta property=\"og:url\" content=\"https:\/\/torebunia.pl\/sklep\/produkt\/palladium-trampki-2\/\" \/>\n<meta property=\"og:site_name\" content=\"Moje Blog\" \/>\n<meta property=\"article:modified_time\" content=\"2021-01-25T18:55:28+00:00\" \/>\n<meta property=\"og:image\" content=\"https:\/\/torebunia.pl\/sklep\/wp-content\/uploads\/2021\/01\/60c86356417b0850a29361ba93ff4eda819d8227.jpg\" \/>\n\t<meta property=\"og:image:width\" content=\"855\" \/>\n\t<meta property=\"og:image:height\" content=\"1290\" \/>\n<meta name=\"twitter:card\" content=\"summary_large_image\" \/>\n<script type=\"application\/ld+json\" class=\"yoast-schema-graph\">{\"@context\":\"https:\/\/schema.org\",\"@graph\":[{\"@type\":\"WebSite\",\"@id\":\"https:\/\/torebunia.pl\/sklep\/#website\",\"url\":\"https:\/\/torebunia.pl\/sklep\/\",\"name\":\"Moje Blog\",\"description\":\"Kolejna witryna WordPress\",\"potentialAction\":[{\"@type\":\"SearchAction\",\"target\":\"https:\/\/torebunia.pl\/sklep\/?s={search_term_string}\",\"query-input\":\"required name=search_term_string\"}],\"inLanguage\":\"pl-PL\"},{\"@type\":\"ImageObject\",\"@id\":\"https:\/\/torebunia.pl\/sklep\/produkt\/palladium-trampki-2\/#primaryimage\",\"inLanguage\":\"pl-PL\",\"url\":\"https:\/\/torebunia.pl\/sklep\/wp-content\/uploads\/2021\/01\/60c86356417b0850a29361ba93ff4eda819d8227.jpg\",\"width\":855,\"height\":1290,\"caption\":\"Palladium - Trampki\"},{\"@type\":\"WebPage\",\"@id\":\"https:\/\/torebunia.pl\/sklep\/produkt\/palladium-trampki-2\/#webpage\",\"url\":\"https:\/\/torebunia.pl\/sklep\/produkt\/palladium-trampki-2\/\",\"name\":\"Palladium - Trampki\",\"isPartOf\":{\"@id\":\"https:\/\/torebunia.pl\/sklep\/#website\"},\"primaryImageOfPage\":{\"@id\":\"https:\/\/torebunia.pl\/sklep\/produkt\/palladium-trampki-2\/#primaryimage\"},\"datePublished\":\"2021-01-18T03:54:44+00:00\",\"dateModified\":\"2021-01-25T18:55:28+00:00\",\"inLanguage\":\"pl-PL\",\"potentialAction\":[{\"@type\":\"ReadAction\",\"target\":[\"https:\/\/torebunia.pl\/sklep\/produkt\/palladium-trampki-2\/\"]}]}]}<\/script>\n<!-- \/ Yoast SEO plugin. -->","_links":{"self":[{"href":"https:\/\/torebunia.pl\/sklep\/wp-json\/wp\/v2\/product\/11357","targetHints":{"allow":["GET"]}}],"collection":[{"href":"https:\/\/torebunia.pl\/sklep\/wp-json\/wp\/v2\/product"}],"about":[{"href":"https:\/\/torebunia.pl\/sklep\/wp-json\/wp\/v2\/types\/product"}],"replies":[{"embeddable":true,"href":"https:\/\/torebunia.pl\/sklep\/wp-json\/wp\/v2\/comments?post=11357"}],"wp:featuredmedia":[{"embeddable":true,"href":"https:\/\/torebunia.pl\/sklep\/wp-json\/wp\/v2\/media\/11358"}],"wp:attachment":[{"href":"https:\/\/torebunia.pl\/sklep\/wp-json\/wp\/v2\/media?parent=11357"}],"curies":[{"name":"wp","href":"https:\/\/api.w.org\/{rel}","templated":true}]}}