{"id":11343,"date":"2020-08-10T12:58:44","date_gmt":"2020-08-10T12:58:44","guid":{"rendered":"https:\/\/torebunia.pl\/sklep\/produkt\/dorina-biustonosz-9\/"},"modified":"2021-01-25T18:55:07","modified_gmt":"2021-01-25T18:55:07","slug":"dorina-biustonosz-9","status":"publish","type":"product","link":"https:\/\/torebunia.pl\/sklep\/produkt\/dorina-biustonosz-9\/","title":{"rendered":"Dorina &#8211; Biustonosz"},"content":{"rendered":"<p>Parametry produktu:<\/p>\n<ul>\n<li>cena: <strong>99.9 PLN<\/strong><\/li>\n<li>marka: <strong>Dorina<\/strong><\/li>\n<li>p\u0142e\u0107: <strong>Female<\/strong><\/li>\n<li>kategoria: <strong>ONA \/ Odzie\u017c \/ Bielizna \/ Biustonosze<\/strong><\/li>\n<li>kolor: <strong>pszeniczny<\/strong><\/li>\n<\/ul>\n<p>Opis:<br \/>\nBiustonosz w fasonie klasycznym z kolekcji Dorina. Model wykonany z koronkowego materia\u0142u. &#8211; G\u0142adka miseczka. &#8211; Lekko usztywniona miseczka. &#8211; Regulowane zapi\u0119cie na haftki. &#8211; Regulowane, nieodpinane rami\u0105czka. Wz\u00f3r: g\u0142adkie Miseczka: lekko usztywniana Miseczka: bez fiszbin\u00f3w Materia\u0142: koronka ID produktu: 4900-BID0BH Kod producenta: D000031JQ001.BE0001<\/p>\n","protected":false},"excerpt":{"rendered":"<p>Parametry produktu: cena: 99.9 PLN marka: Dorina p\u0142e\u0107: Female kategoria: ONA \/ Odzie\u017c \/ Bielizna \/ Biustonosze kolor: pszeniczny Opis: Biustonosz w fasonie klasycznym z kolekcji Dorina. Model wykonany z<\/p>\n","protected":false},"featured_media":11344,"comment_status":"closed","ping_status":"open","template":"","meta":[],"class_list":{"0":"post-11343","1":"product","2":"type-product","3":"status-publish","5":"hentry","6":"product_cat-bielizna","7":"product_cat-biustonosze","8":"product_cat-odziez","9":"product_cat-ona","10":"product_tag-dorina","11":"product_tag-dorina-biustonosz"},"yoast_head":"<!-- This site is optimized with the Yoast SEO plugin v15.6.2 - https:\/\/yoast.com\/wordpress\/plugins\/seo\/ -->\n<title>Dorina - Biustonosz<\/title>\n<meta name=\"robots\" content=\"index, follow, max-snippet:-1, max-image-preview:large, max-video-preview:-1\" \/>\n<link rel=\"canonical\" href=\"https:\/\/torebunia.pl\/sklep\/produkt\/dorina-biustonosz-9\/\" \/>\n<meta property=\"og:locale\" content=\"pl_PL\" \/>\n<meta property=\"og:type\" content=\"article\" \/>\n<meta property=\"og:title\" content=\"Dorina - Biustonosz\" \/>\n<meta property=\"og:description\" content=\"Parametry produktu: cena: 99.9 PLN marka: Dorina p\u0142e\u0107: Female kategoria: ONA \/ Odzie\u017c \/ Bielizna \/ Biustonosze kolor: pszeniczny Opis: Biustonosz w fasonie klasycznym z kolekcji Dorina. Model wykonany z\" \/>\n<meta property=\"og:url\" content=\"https:\/\/torebunia.pl\/sklep\/produkt\/dorina-biustonosz-9\/\" \/>\n<meta property=\"og:site_name\" content=\"Moje Blog\" \/>\n<meta property=\"article:modified_time\" content=\"2021-01-25T18:55:07+00:00\" \/>\n<meta property=\"og:image\" content=\"https:\/\/torebunia.pl\/sklep\/wp-content\/uploads\/2021\/01\/339dc8d2ab14964ee85fcb1852c1bac91791d815-1.jpg\" \/>\n\t<meta property=\"og:image:width\" content=\"855\" \/>\n\t<meta property=\"og:image:height\" content=\"1290\" \/>\n<meta name=\"twitter:card\" content=\"summary_large_image\" \/>\n<script type=\"application\/ld+json\" class=\"yoast-schema-graph\">{\"@context\":\"https:\/\/schema.org\",\"@graph\":[{\"@type\":\"WebSite\",\"@id\":\"https:\/\/torebunia.pl\/sklep\/#website\",\"url\":\"https:\/\/torebunia.pl\/sklep\/\",\"name\":\"Moje Blog\",\"description\":\"Kolejna witryna WordPress\",\"potentialAction\":[{\"@type\":\"SearchAction\",\"target\":\"https:\/\/torebunia.pl\/sklep\/?s={search_term_string}\",\"query-input\":\"required name=search_term_string\"}],\"inLanguage\":\"pl-PL\"},{\"@type\":\"ImageObject\",\"@id\":\"https:\/\/torebunia.pl\/sklep\/produkt\/dorina-biustonosz-9\/#primaryimage\",\"inLanguage\":\"pl-PL\",\"url\":\"https:\/\/torebunia.pl\/sklep\/wp-content\/uploads\/2021\/01\/339dc8d2ab14964ee85fcb1852c1bac91791d815-1.jpg\",\"width\":855,\"height\":1290,\"caption\":\"Dorina - Biustonosz\"},{\"@type\":\"WebPage\",\"@id\":\"https:\/\/torebunia.pl\/sklep\/produkt\/dorina-biustonosz-9\/#webpage\",\"url\":\"https:\/\/torebunia.pl\/sklep\/produkt\/dorina-biustonosz-9\/\",\"name\":\"Dorina - Biustonosz\",\"isPartOf\":{\"@id\":\"https:\/\/torebunia.pl\/sklep\/#website\"},\"primaryImageOfPage\":{\"@id\":\"https:\/\/torebunia.pl\/sklep\/produkt\/dorina-biustonosz-9\/#primaryimage\"},\"datePublished\":\"2020-08-10T12:58:44+00:00\",\"dateModified\":\"2021-01-25T18:55:07+00:00\",\"inLanguage\":\"pl-PL\",\"potentialAction\":[{\"@type\":\"ReadAction\",\"target\":[\"https:\/\/torebunia.pl\/sklep\/produkt\/dorina-biustonosz-9\/\"]}]}]}<\/script>\n<!-- \/ Yoast SEO plugin. -->","_links":{"self":[{"href":"https:\/\/torebunia.pl\/sklep\/wp-json\/wp\/v2\/product\/11343","targetHints":{"allow":["GET"]}}],"collection":[{"href":"https:\/\/torebunia.pl\/sklep\/wp-json\/wp\/v2\/product"}],"about":[{"href":"https:\/\/torebunia.pl\/sklep\/wp-json\/wp\/v2\/types\/product"}],"replies":[{"embeddable":true,"href":"https:\/\/torebunia.pl\/sklep\/wp-json\/wp\/v2\/comments?post=11343"}],"wp:featuredmedia":[{"embeddable":true,"href":"https:\/\/torebunia.pl\/sklep\/wp-json\/wp\/v2\/media\/11344"}],"wp:attachment":[{"href":"https:\/\/torebunia.pl\/sklep\/wp-json\/wp\/v2\/media?parent=11343"}],"curies":[{"name":"wp","href":"https:\/\/api.w.org\/{rel}","templated":true}]}}