{"id":11227,"date":"2020-07-12T20:02:30","date_gmt":"2020-07-12T20:02:30","guid":{"rendered":"https:\/\/torebunia.pl\/sklep\/produkt\/emporio-armani-zegarek-ar11295\/"},"modified":"2021-01-25T18:51:49","modified_gmt":"2021-01-25T18:51:49","slug":"emporio-armani-zegarek-ar11295","status":"publish","type":"product","link":"https:\/\/torebunia.pl\/sklep\/produkt\/emporio-armani-zegarek-ar11295\/","title":{"rendered":"Emporio Armani &#8211; Zegarek AR11295"},"content":{"rendered":"<p>Parametry produktu:<\/p>\n<ul>\n<li>cena: <strong>1269.0 PLN<\/strong><\/li>\n<li>marka: <strong>Emporio Armani<\/strong><\/li>\n<li>p\u0142e\u0107: <strong>Female<\/strong><\/li>\n<li>kategoria: <strong>ONA \/ Akcesoria \/ Zegarki<\/strong><\/li>\n<li>kolor: <strong>czarny<\/strong><\/li>\n<\/ul>\n<p>Opis:<br \/>\nZegarek z kolekcji Emporio Armani. Model z okr\u0105g\u0142\u0105 tarcz\u0105 i sk\u00f3rzanym paskiem. &#8211; Kszta\u0142t koperty: okr\u0105g\u0142y. &#8211; Materia\u0142 koperty: stal. &#8211; Materia\u0142 paska: sk\u00f3ra naturalna. &#8211; Wodoszczelno\u015b\u0107: WR. 30M (3ATM) &#8211; odporny na zachlapania. &#8211; Szk\u0142o: mineralne (utwardzane, bardzo odporne na st\u0142uczenia, ci\u0119\u017cko je zarysowa\u0107). &#8211; Mechanizm: kwarcowy, zasilany bateri\u0105. &#8211; Szeroko\u015b\u0107 koperty: 32 mm. Sk\u0142ad: Sk\u00f3ra naturalna, Stal szlachetna, Szk\u0142o mineralne ID produktu: 100-AKD1FB Kod producenta: AR11295<\/p>\n","protected":false},"excerpt":{"rendered":"<p>Parametry produktu: cena: 1269.0 PLN marka: Emporio Armani p\u0142e\u0107: Female kategoria: ONA \/ Akcesoria \/ Zegarki kolor: czarny Opis: Zegarek z kolekcji Emporio Armani. Model z okr\u0105g\u0142\u0105 tarcz\u0105 i sk\u00f3rzanym<\/p>\n","protected":false},"featured_media":11228,"comment_status":"closed","ping_status":"open","template":"","meta":[],"class_list":{"0":"post-11227","1":"product","2":"type-product","3":"status-publish","5":"hentry","6":"product_cat-akcesoria","7":"product_cat-ona","8":"product_cat-zegarki","9":"product_tag-emporio-armani","10":"product_tag-emporio-armani-zegarek-ar11295"},"yoast_head":"<!-- This site is optimized with the Yoast SEO plugin v15.6.2 - https:\/\/yoast.com\/wordpress\/plugins\/seo\/ -->\n<title>Emporio Armani - Zegarek AR11295<\/title>\n<meta name=\"robots\" content=\"index, follow, max-snippet:-1, max-image-preview:large, max-video-preview:-1\" \/>\n<link rel=\"canonical\" href=\"https:\/\/torebunia.pl\/sklep\/produkt\/emporio-armani-zegarek-ar11295\/\" \/>\n<meta property=\"og:locale\" content=\"pl_PL\" \/>\n<meta property=\"og:type\" content=\"article\" \/>\n<meta property=\"og:title\" content=\"Emporio Armani - Zegarek AR11295\" \/>\n<meta property=\"og:description\" content=\"Parametry produktu: cena: 1269.0 PLN marka: Emporio Armani p\u0142e\u0107: Female kategoria: ONA \/ Akcesoria \/ Zegarki kolor: czarny Opis: Zegarek z kolekcji Emporio Armani. Model z okr\u0105g\u0142\u0105 tarcz\u0105 i sk\u00f3rzanym\" \/>\n<meta property=\"og:url\" content=\"https:\/\/torebunia.pl\/sklep\/produkt\/emporio-armani-zegarek-ar11295\/\" \/>\n<meta property=\"og:site_name\" content=\"Moje Blog\" \/>\n<meta property=\"article:modified_time\" content=\"2021-01-25T18:51:49+00:00\" \/>\n<meta property=\"og:image\" content=\"https:\/\/torebunia.pl\/sklep\/wp-content\/uploads\/2021\/01\/28f11aefde0234f8715433e528d1be27527ab4d3.jpg\" \/>\n\t<meta property=\"og:image:width\" content=\"855\" \/>\n\t<meta property=\"og:image:height\" content=\"1290\" \/>\n<meta name=\"twitter:card\" content=\"summary_large_image\" \/>\n<script type=\"application\/ld+json\" class=\"yoast-schema-graph\">{\"@context\":\"https:\/\/schema.org\",\"@graph\":[{\"@type\":\"WebSite\",\"@id\":\"https:\/\/torebunia.pl\/sklep\/#website\",\"url\":\"https:\/\/torebunia.pl\/sklep\/\",\"name\":\"Moje Blog\",\"description\":\"Kolejna witryna WordPress\",\"potentialAction\":[{\"@type\":\"SearchAction\",\"target\":\"https:\/\/torebunia.pl\/sklep\/?s={search_term_string}\",\"query-input\":\"required name=search_term_string\"}],\"inLanguage\":\"pl-PL\"},{\"@type\":\"ImageObject\",\"@id\":\"https:\/\/torebunia.pl\/sklep\/produkt\/emporio-armani-zegarek-ar11295\/#primaryimage\",\"inLanguage\":\"pl-PL\",\"url\":\"https:\/\/torebunia.pl\/sklep\/wp-content\/uploads\/2021\/01\/28f11aefde0234f8715433e528d1be27527ab4d3.jpg\",\"width\":855,\"height\":1290,\"caption\":\"Emporio Armani - Zegarek AR11295\"},{\"@type\":\"WebPage\",\"@id\":\"https:\/\/torebunia.pl\/sklep\/produkt\/emporio-armani-zegarek-ar11295\/#webpage\",\"url\":\"https:\/\/torebunia.pl\/sklep\/produkt\/emporio-armani-zegarek-ar11295\/\",\"name\":\"Emporio Armani - Zegarek AR11295\",\"isPartOf\":{\"@id\":\"https:\/\/torebunia.pl\/sklep\/#website\"},\"primaryImageOfPage\":{\"@id\":\"https:\/\/torebunia.pl\/sklep\/produkt\/emporio-armani-zegarek-ar11295\/#primaryimage\"},\"datePublished\":\"2020-07-12T20:02:30+00:00\",\"dateModified\":\"2021-01-25T18:51:49+00:00\",\"inLanguage\":\"pl-PL\",\"potentialAction\":[{\"@type\":\"ReadAction\",\"target\":[\"https:\/\/torebunia.pl\/sklep\/produkt\/emporio-armani-zegarek-ar11295\/\"]}]}]}<\/script>\n<!-- \/ Yoast SEO plugin. -->","_links":{"self":[{"href":"https:\/\/torebunia.pl\/sklep\/wp-json\/wp\/v2\/product\/11227","targetHints":{"allow":["GET"]}}],"collection":[{"href":"https:\/\/torebunia.pl\/sklep\/wp-json\/wp\/v2\/product"}],"about":[{"href":"https:\/\/torebunia.pl\/sklep\/wp-json\/wp\/v2\/types\/product"}],"replies":[{"embeddable":true,"href":"https:\/\/torebunia.pl\/sklep\/wp-json\/wp\/v2\/comments?post=11227"}],"wp:featuredmedia":[{"embeddable":true,"href":"https:\/\/torebunia.pl\/sklep\/wp-json\/wp\/v2\/media\/11228"}],"wp:attachment":[{"href":"https:\/\/torebunia.pl\/sklep\/wp-json\/wp\/v2\/media?parent=11227"}],"curies":[{"name":"wp","href":"https:\/\/api.w.org\/{rel}","templated":true}]}}