{"id":11189,"date":"2020-07-24T13:47:34","date_gmt":"2020-07-24T13:47:34","guid":{"rendered":"https:\/\/torebunia.pl\/sklep\/produkt\/billabong-torebka\/"},"modified":"2021-01-25T18:50:43","modified_gmt":"2021-01-25T18:50:43","slug":"billabong-torebka","status":"publish","type":"product","link":"https:\/\/torebunia.pl\/sklep\/produkt\/billabong-torebka\/","title":{"rendered":"Billabong &#8211; Torebka"},"content":{"rendered":"<p>Parametry produktu:<\/p>\n<ul>\n<li>cena: <strong>89.9 PLN<\/strong><\/li>\n<li>marka: <strong>Billabong<\/strong><\/li>\n<li>p\u0142e\u0107: <strong>Female<\/strong><\/li>\n<li>kategoria: <strong>ONA \/ Akcesoria \/ Torebki \/ Shopper i tote<\/strong><\/li>\n<li>kolor: <strong>r\u00f3\u017cowy<\/strong><\/li>\n<\/ul>\n<p>Opis:<br \/>\nDu\u017ca torebka z kolekcji Billabong. niezapinany wykonany z materia\u0142u tekstylnego. &#8211; Torebka do noszenia na ramieniu. &#8211; D\u0142ugie uchwyty. &#8211; Mie\u015bci format A4. &#8211; Ozdobny detal z przodu. Wz\u00f3r: nadruk Materia\u0142: tekstylny Wielko\u015b\u0107: mie\u015bci A4 Sk\u0142ad: 100 % Bawe\u0142na ID produktu: 4901-TOD0RP Kod producenta: S9BG21BIP0<\/p>\n","protected":false},"excerpt":{"rendered":"<p>Parametry produktu: cena: 89.9 PLN marka: Billabong p\u0142e\u0107: Female kategoria: ONA \/ Akcesoria \/ Torebki \/ Shopper i tote kolor: r\u00f3\u017cowy Opis: Du\u017ca torebka z kolekcji Billabong. niezapinany wykonany z<\/p>\n","protected":false},"featured_media":11190,"comment_status":"closed","ping_status":"open","template":"","meta":[],"class_list":{"0":"post-11189","1":"product","2":"type-product","3":"status-publish","5":"hentry","6":"product_cat-akcesoria","7":"product_cat-ona","8":"product_cat-shopper-i-tote","9":"product_cat-torebki","10":"product_tag-billabong","11":"product_tag-billabong-torebka"},"yoast_head":"<!-- This site is optimized with the Yoast SEO plugin v15.6.2 - https:\/\/yoast.com\/wordpress\/plugins\/seo\/ -->\n<title>Billabong - Torebka<\/title>\n<meta name=\"robots\" content=\"index, follow, max-snippet:-1, max-image-preview:large, max-video-preview:-1\" \/>\n<link rel=\"canonical\" href=\"https:\/\/torebunia.pl\/sklep\/produkt\/billabong-torebka\/\" \/>\n<meta property=\"og:locale\" content=\"pl_PL\" \/>\n<meta property=\"og:type\" content=\"article\" \/>\n<meta property=\"og:title\" content=\"Billabong - Torebka\" \/>\n<meta property=\"og:description\" content=\"Parametry produktu: cena: 89.9 PLN marka: Billabong p\u0142e\u0107: Female kategoria: ONA \/ Akcesoria \/ Torebki \/ Shopper i tote kolor: r\u00f3\u017cowy Opis: Du\u017ca torebka z kolekcji Billabong. niezapinany wykonany z\" \/>\n<meta property=\"og:url\" content=\"https:\/\/torebunia.pl\/sklep\/produkt\/billabong-torebka\/\" \/>\n<meta property=\"og:site_name\" content=\"Moje Blog\" \/>\n<meta property=\"article:modified_time\" content=\"2021-01-25T18:50:43+00:00\" \/>\n<meta property=\"og:image\" content=\"https:\/\/torebunia.pl\/sklep\/wp-content\/uploads\/2021\/01\/8b14354908b73bced0bed622ca2abee8e5fdb6b5.jpg\" \/>\n\t<meta property=\"og:image:width\" content=\"855\" \/>\n\t<meta property=\"og:image:height\" content=\"1290\" \/>\n<meta name=\"twitter:card\" content=\"summary_large_image\" \/>\n<script type=\"application\/ld+json\" class=\"yoast-schema-graph\">{\"@context\":\"https:\/\/schema.org\",\"@graph\":[{\"@type\":\"WebSite\",\"@id\":\"https:\/\/torebunia.pl\/sklep\/#website\",\"url\":\"https:\/\/torebunia.pl\/sklep\/\",\"name\":\"Moje Blog\",\"description\":\"Kolejna witryna WordPress\",\"potentialAction\":[{\"@type\":\"SearchAction\",\"target\":\"https:\/\/torebunia.pl\/sklep\/?s={search_term_string}\",\"query-input\":\"required name=search_term_string\"}],\"inLanguage\":\"pl-PL\"},{\"@type\":\"ImageObject\",\"@id\":\"https:\/\/torebunia.pl\/sklep\/produkt\/billabong-torebka\/#primaryimage\",\"inLanguage\":\"pl-PL\",\"url\":\"https:\/\/torebunia.pl\/sklep\/wp-content\/uploads\/2021\/01\/8b14354908b73bced0bed622ca2abee8e5fdb6b5.jpg\",\"width\":855,\"height\":1290,\"caption\":\"Billabong - Torebka\"},{\"@type\":\"WebPage\",\"@id\":\"https:\/\/torebunia.pl\/sklep\/produkt\/billabong-torebka\/#webpage\",\"url\":\"https:\/\/torebunia.pl\/sklep\/produkt\/billabong-torebka\/\",\"name\":\"Billabong - Torebka\",\"isPartOf\":{\"@id\":\"https:\/\/torebunia.pl\/sklep\/#website\"},\"primaryImageOfPage\":{\"@id\":\"https:\/\/torebunia.pl\/sklep\/produkt\/billabong-torebka\/#primaryimage\"},\"datePublished\":\"2020-07-24T13:47:34+00:00\",\"dateModified\":\"2021-01-25T18:50:43+00:00\",\"inLanguage\":\"pl-PL\",\"potentialAction\":[{\"@type\":\"ReadAction\",\"target\":[\"https:\/\/torebunia.pl\/sklep\/produkt\/billabong-torebka\/\"]}]}]}<\/script>\n<!-- \/ Yoast SEO plugin. -->","_links":{"self":[{"href":"https:\/\/torebunia.pl\/sklep\/wp-json\/wp\/v2\/product\/11189","targetHints":{"allow":["GET"]}}],"collection":[{"href":"https:\/\/torebunia.pl\/sklep\/wp-json\/wp\/v2\/product"}],"about":[{"href":"https:\/\/torebunia.pl\/sklep\/wp-json\/wp\/v2\/types\/product"}],"replies":[{"embeddable":true,"href":"https:\/\/torebunia.pl\/sklep\/wp-json\/wp\/v2\/comments?post=11189"}],"wp:featuredmedia":[{"embeddable":true,"href":"https:\/\/torebunia.pl\/sklep\/wp-json\/wp\/v2\/media\/11190"}],"wp:attachment":[{"href":"https:\/\/torebunia.pl\/sklep\/wp-json\/wp\/v2\/media?parent=11189"}],"curies":[{"name":"wp","href":"https:\/\/api.w.org\/{rel}","templated":true}]}}