{"id":1115,"date":"2020-04-15T11:44:01","date_gmt":"2020-04-15T11:44:01","guid":{"rendered":"https:\/\/torebunia.pl\/sklep\/produkt\/mango-spodnie-panna\/"},"modified":"2021-01-27T11:30:13","modified_gmt":"2021-01-27T11:30:13","slug":"mango-spodnie-panna","status":"publish","type":"product","link":"https:\/\/torebunia.pl\/sklep\/produkt\/mango-spodnie-panna\/","title":{"rendered":"Mango &#8211; Spodnie PANNA"},"content":{"rendered":"<p>Parametry produktu:<\/p>\n<ul>\n<li>cena: <strong>139.99 PLN<\/strong><\/li>\n<li>marka: <strong>Mango<\/strong><\/li>\n<li>p\u0142e\u0107: <strong>Female<\/strong><\/li>\n<li>kategoria: <strong>ONA \/ Odzie\u017c \/ Spodnie i legginsy \/ Materia\u0142owe<\/strong><\/li>\n<li>kolor: <strong>pszeniczny<\/strong><\/li>\n<\/ul>\n<p>Opis:<br \/>\nSpodnie z kolekcji Mango. Model wykonany z g\u0142adkiej tkaniny. &#8211; Lu\u017any fason. &#8211; Podwy\u017cszona talia. &#8211; Zapi\u0119cie na guzik i suwak. &#8211; Wsuwane kieszenie. &#8211; Ozdobne zak\u0142adki. Wz\u00f3r: g\u0142adkie Materia\u0142: z elastanem Fason: prosty Talia: high Sk\u0142ad: Podszewka: 35 % Bawe\u0142na, 65 % Poliester, Materia\u0142 zasadniczy: 99 % Bawe\u0142na, 1 % Elastan ID produktu: -100-SPD01A Kod producenta: 77008258<\/p>\n","protected":false},"excerpt":{"rendered":"<p>Parametry produktu: cena: 139.99 PLN marka: Mango p\u0142e\u0107: Female kategoria: ONA \/ Odzie\u017c \/ Spodnie i legginsy \/ Materia\u0142owe kolor: pszeniczny Opis: Spodnie z kolekcji Mango. Model wykonany z g\u0142adkiej<\/p>\n","protected":false},"featured_media":1116,"comment_status":"closed","ping_status":"open","template":"","meta":[],"class_list":{"0":"post-1115","1":"product","2":"type-product","3":"status-publish","5":"hentry","6":"product_cat-materialowe","7":"product_cat-odziez","8":"product_cat-ona","9":"product_cat-spodnie-i-legginsy","10":"product_tag-mango","11":"product_tag-mango-spodnie-panna"},"yoast_head":"<!-- This site is optimized with the Yoast SEO plugin v15.6.2 - https:\/\/yoast.com\/wordpress\/plugins\/seo\/ -->\n<title>Mango - Spodnie PANNA<\/title>\n<meta name=\"robots\" content=\"index, follow, max-snippet:-1, max-image-preview:large, max-video-preview:-1\" \/>\n<link rel=\"canonical\" href=\"https:\/\/torebunia.pl\/sklep\/produkt\/mango-spodnie-panna\/\" \/>\n<meta property=\"og:locale\" content=\"pl_PL\" \/>\n<meta property=\"og:type\" content=\"article\" \/>\n<meta property=\"og:title\" content=\"Mango - Spodnie PANNA\" \/>\n<meta property=\"og:description\" content=\"Parametry produktu: cena: 139.99 PLN marka: Mango p\u0142e\u0107: Female kategoria: ONA \/ Odzie\u017c \/ Spodnie i legginsy \/ Materia\u0142owe kolor: pszeniczny Opis: Spodnie z kolekcji Mango. Model wykonany z g\u0142adkiej\" \/>\n<meta property=\"og:url\" content=\"https:\/\/torebunia.pl\/sklep\/produkt\/mango-spodnie-panna\/\" \/>\n<meta property=\"og:site_name\" content=\"Moje Blog\" \/>\n<meta property=\"article:modified_time\" content=\"2021-01-27T11:30:13+00:00\" \/>\n<meta property=\"og:image\" content=\"https:\/\/torebunia.pl\/sklep\/wp-content\/uploads\/2021\/01\/93ff31b4c17d69c6b50c8dff9de3ea231ba101df.jpg\" \/>\n\t<meta property=\"og:image:width\" content=\"855\" \/>\n\t<meta property=\"og:image:height\" content=\"1290\" \/>\n<meta name=\"twitter:card\" content=\"summary_large_image\" \/>\n<script type=\"application\/ld+json\" class=\"yoast-schema-graph\">{\"@context\":\"https:\/\/schema.org\",\"@graph\":[{\"@type\":\"WebSite\",\"@id\":\"https:\/\/torebunia.pl\/sklep\/#website\",\"url\":\"https:\/\/torebunia.pl\/sklep\/\",\"name\":\"Moje Blog\",\"description\":\"Kolejna witryna WordPress\",\"potentialAction\":[{\"@type\":\"SearchAction\",\"target\":\"https:\/\/torebunia.pl\/sklep\/?s={search_term_string}\",\"query-input\":\"required name=search_term_string\"}],\"inLanguage\":\"pl-PL\"},{\"@type\":\"ImageObject\",\"@id\":\"https:\/\/torebunia.pl\/sklep\/produkt\/mango-spodnie-panna\/#primaryimage\",\"inLanguage\":\"pl-PL\",\"url\":\"https:\/\/torebunia.pl\/sklep\/wp-content\/uploads\/2021\/01\/93ff31b4c17d69c6b50c8dff9de3ea231ba101df.jpg\",\"width\":855,\"height\":1290,\"caption\":\"Mango - Spodnie PANNA\"},{\"@type\":\"WebPage\",\"@id\":\"https:\/\/torebunia.pl\/sklep\/produkt\/mango-spodnie-panna\/#webpage\",\"url\":\"https:\/\/torebunia.pl\/sklep\/produkt\/mango-spodnie-panna\/\",\"name\":\"Mango - Spodnie PANNA\",\"isPartOf\":{\"@id\":\"https:\/\/torebunia.pl\/sklep\/#website\"},\"primaryImageOfPage\":{\"@id\":\"https:\/\/torebunia.pl\/sklep\/produkt\/mango-spodnie-panna\/#primaryimage\"},\"datePublished\":\"2020-04-15T11:44:01+00:00\",\"dateModified\":\"2021-01-27T11:30:13+00:00\",\"inLanguage\":\"pl-PL\",\"potentialAction\":[{\"@type\":\"ReadAction\",\"target\":[\"https:\/\/torebunia.pl\/sklep\/produkt\/mango-spodnie-panna\/\"]}]}]}<\/script>\n<!-- \/ Yoast SEO plugin. -->","_links":{"self":[{"href":"https:\/\/torebunia.pl\/sklep\/wp-json\/wp\/v2\/product\/1115","targetHints":{"allow":["GET"]}}],"collection":[{"href":"https:\/\/torebunia.pl\/sklep\/wp-json\/wp\/v2\/product"}],"about":[{"href":"https:\/\/torebunia.pl\/sklep\/wp-json\/wp\/v2\/types\/product"}],"replies":[{"embeddable":true,"href":"https:\/\/torebunia.pl\/sklep\/wp-json\/wp\/v2\/comments?post=1115"}],"wp:featuredmedia":[{"embeddable":true,"href":"https:\/\/torebunia.pl\/sklep\/wp-json\/wp\/v2\/media\/1116"}],"wp:attachment":[{"href":"https:\/\/torebunia.pl\/sklep\/wp-json\/wp\/v2\/media?parent=1115"}],"curies":[{"name":"wp","href":"https:\/\/api.w.org\/{rel}","templated":true}]}}