{"id":11145,"date":"2020-11-08T18:47:36","date_gmt":"2020-11-08T18:47:36","guid":{"rendered":"https:\/\/torebunia.pl\/sklep\/produkt\/twinset-sukienka-9\/"},"modified":"2021-01-25T18:49:29","modified_gmt":"2021-01-25T18:49:29","slug":"twinset-sukienka-9","status":"publish","type":"product","link":"https:\/\/torebunia.pl\/sklep\/produkt\/twinset-sukienka-9\/","title":{"rendered":"Twinset &#8211; Sukienka"},"content":{"rendered":"<p>Parametry produktu:<\/p>\n<ul>\n<li>cena: <strong>1099.0 PLN<\/strong><\/li>\n<li>marka: <strong>TWINSET<\/strong><\/li>\n<li>p\u0142e\u0107: <strong>Female<\/strong><\/li>\n<li>kategoria: <strong>ONA \/ Odzie\u017c \/ Sukienki<\/strong><\/li>\n<li>kolor: <strong>czerwony<\/strong><\/li>\n<\/ul>\n<p>Opis:<br \/>\nSukienka z kolekcji Twinset. Prosty model wykonany z po\u0142\u0105czenia dw\u00f3ch r\u00f3\u017cnych materia\u0142\u00f3w. &#8211; Prosty fason. &#8211; Kryte zapi\u0119cie na suwak. &#8211; Model na rami\u0105czkach. &#8211; Spiczasty dekolt. &#8211; Model na podszewce. &#8211; Koronkowe wstawki. &#8211; Model z welurowymi wstawkami. &#8211; Szeroko\u015b\u0107 pod pachami: 41 cm. &#8211; D\u0142ugo\u015b\u0107: 150 cm. &#8211; Wymiary podane dla rozmiaru: 36. Wz\u00f3r: g\u0142adkie Materia\u0142: tkanina D\u0142ugo\u015b\u0107: maxi R\u0119kaw: na rami\u0105czkach Dekolt: szpic Fason: prosty Okazje: koktajl Sk\u0142ad: Podszewka: 100 % Poliester, Inne materia\u0142y: 100 % Poliamid, Materia\u0142 1: 100 % Wiskoza, Materia\u0142 2: 20 % Poliamid, 80 % Wiskoza, Materia\u0142 3: 100 % Poliester ID produktu: 4910-SUD0MU Kod producenta: 192TT2280.S11318<\/p>\n","protected":false},"excerpt":{"rendered":"<p>Parametry produktu: cena: 1099.0 PLN marka: TWINSET p\u0142e\u0107: Female kategoria: ONA \/ Odzie\u017c \/ Sukienki kolor: czerwony Opis: Sukienka z kolekcji Twinset. Prosty model wykonany z po\u0142\u0105czenia dw\u00f3ch r\u00f3\u017cnych materia\u0142\u00f3w.<\/p>\n","protected":false},"featured_media":11146,"comment_status":"closed","ping_status":"open","template":"","meta":[],"class_list":{"0":"post-11145","1":"product","2":"type-product","3":"status-publish","5":"hentry","6":"product_cat-odziez","7":"product_cat-ona","8":"product_cat-sukienki","9":"product_tag-twinset","10":"product_tag-twinset-sukienka"},"yoast_head":"<!-- This site is optimized with the Yoast SEO plugin v15.6.2 - https:\/\/yoast.com\/wordpress\/plugins\/seo\/ -->\n<title>Twinset - Sukienka<\/title>\n<meta name=\"robots\" content=\"index, follow, max-snippet:-1, max-image-preview:large, max-video-preview:-1\" \/>\n<link rel=\"canonical\" href=\"https:\/\/torebunia.pl\/sklep\/produkt\/twinset-sukienka-9\/\" \/>\n<meta property=\"og:locale\" content=\"pl_PL\" \/>\n<meta property=\"og:type\" content=\"article\" \/>\n<meta property=\"og:title\" content=\"Twinset - Sukienka\" \/>\n<meta property=\"og:description\" content=\"Parametry produktu: cena: 1099.0 PLN marka: TWINSET p\u0142e\u0107: Female kategoria: ONA \/ Odzie\u017c \/ Sukienki kolor: czerwony Opis: Sukienka z kolekcji Twinset. Prosty model wykonany z po\u0142\u0105czenia dw\u00f3ch r\u00f3\u017cnych materia\u0142\u00f3w.\" \/>\n<meta property=\"og:url\" content=\"https:\/\/torebunia.pl\/sklep\/produkt\/twinset-sukienka-9\/\" \/>\n<meta property=\"og:site_name\" content=\"Moje Blog\" \/>\n<meta property=\"article:modified_time\" content=\"2021-01-25T18:49:29+00:00\" \/>\n<meta property=\"og:image\" content=\"https:\/\/torebunia.pl\/sklep\/wp-content\/uploads\/2021\/01\/52fe11e4d2bad31bc230afddbcbe4771fe235220.jpg\" \/>\n\t<meta property=\"og:image:width\" content=\"855\" \/>\n\t<meta property=\"og:image:height\" content=\"1290\" \/>\n<meta name=\"twitter:card\" content=\"summary_large_image\" \/>\n<meta name=\"twitter:label1\" content=\"Est. reading time\">\n\t<meta name=\"twitter:data1\" content=\"1 minuta\">\n<script type=\"application\/ld+json\" class=\"yoast-schema-graph\">{\"@context\":\"https:\/\/schema.org\",\"@graph\":[{\"@type\":\"WebSite\",\"@id\":\"https:\/\/torebunia.pl\/sklep\/#website\",\"url\":\"https:\/\/torebunia.pl\/sklep\/\",\"name\":\"Moje Blog\",\"description\":\"Kolejna witryna WordPress\",\"potentialAction\":[{\"@type\":\"SearchAction\",\"target\":\"https:\/\/torebunia.pl\/sklep\/?s={search_term_string}\",\"query-input\":\"required name=search_term_string\"}],\"inLanguage\":\"pl-PL\"},{\"@type\":\"ImageObject\",\"@id\":\"https:\/\/torebunia.pl\/sklep\/produkt\/twinset-sukienka-9\/#primaryimage\",\"inLanguage\":\"pl-PL\",\"url\":\"https:\/\/torebunia.pl\/sklep\/wp-content\/uploads\/2021\/01\/52fe11e4d2bad31bc230afddbcbe4771fe235220.jpg\",\"width\":855,\"height\":1290,\"caption\":\"Twinset - Sukienka\"},{\"@type\":\"WebPage\",\"@id\":\"https:\/\/torebunia.pl\/sklep\/produkt\/twinset-sukienka-9\/#webpage\",\"url\":\"https:\/\/torebunia.pl\/sklep\/produkt\/twinset-sukienka-9\/\",\"name\":\"Twinset - Sukienka\",\"isPartOf\":{\"@id\":\"https:\/\/torebunia.pl\/sklep\/#website\"},\"primaryImageOfPage\":{\"@id\":\"https:\/\/torebunia.pl\/sklep\/produkt\/twinset-sukienka-9\/#primaryimage\"},\"datePublished\":\"2020-11-08T18:47:36+00:00\",\"dateModified\":\"2021-01-25T18:49:29+00:00\",\"inLanguage\":\"pl-PL\",\"potentialAction\":[{\"@type\":\"ReadAction\",\"target\":[\"https:\/\/torebunia.pl\/sklep\/produkt\/twinset-sukienka-9\/\"]}]}]}<\/script>\n<!-- \/ Yoast SEO plugin. -->","_links":{"self":[{"href":"https:\/\/torebunia.pl\/sklep\/wp-json\/wp\/v2\/product\/11145","targetHints":{"allow":["GET"]}}],"collection":[{"href":"https:\/\/torebunia.pl\/sklep\/wp-json\/wp\/v2\/product"}],"about":[{"href":"https:\/\/torebunia.pl\/sklep\/wp-json\/wp\/v2\/types\/product"}],"replies":[{"embeddable":true,"href":"https:\/\/torebunia.pl\/sklep\/wp-json\/wp\/v2\/comments?post=11145"}],"wp:featuredmedia":[{"embeddable":true,"href":"https:\/\/torebunia.pl\/sklep\/wp-json\/wp\/v2\/media\/11146"}],"wp:attachment":[{"href":"https:\/\/torebunia.pl\/sklep\/wp-json\/wp\/v2\/media?parent=11145"}],"curies":[{"name":"wp","href":"https:\/\/api.w.org\/{rel}","templated":true}]}}