{"id":11079,"date":"2020-08-20T01:45:52","date_gmt":"2020-08-20T01:45:52","guid":{"rendered":"https:\/\/torebunia.pl\/sklep\/produkt\/desigual-zakiet\/"},"modified":"2021-01-25T18:47:32","modified_gmt":"2021-01-25T18:47:32","slug":"desigual-zakiet","status":"publish","type":"product","link":"https:\/\/torebunia.pl\/sklep\/produkt\/desigual-zakiet\/","title":{"rendered":"Desigual &#8211; \u017bakiet"},"content":{"rendered":"<p>Parametry produktu:<\/p>\n<ul>\n<li>cena: <strong>749.9 PLN<\/strong><\/li>\n<li>marka: <strong>Desigual<\/strong><\/li>\n<li>p\u0142e\u0107: <strong>Female<\/strong><\/li>\n<li>kategoria: <strong>ONA \/ Odzie\u017c \/ Marynarki i kamizelki \/ Marynarki<\/strong><\/li>\n<li>kolor: <strong>czarny<\/strong><\/li>\n<\/ul>\n<p>Opis:<br \/>\n\u017bakiet z kolekcji Desigual. Casualowy model wykonany z po\u0142\u0105czenia dw\u00f3ch r\u00f3\u017cnych materia\u0142\u00f3w. &#8211; Lu\u017any model. &#8211; Model z ozdobnymi haftami. &#8211; Klasyczne klapy. &#8211; Ozdobne przeszycia. &#8211; Ozdobne wyko\u0144czenia. &#8211; Model na podszewce. &#8211; Zapi\u0119cie na guzik. &#8211; D\u0142ugo\u015b\u0107 r\u0119kawa: 62 cm. &#8211; D\u0142ugo\u015b\u0107: 72 cm. &#8211; Szeroko\u015b\u0107 pod pachami: 46 cm. &#8211; Szeroko\u015b\u0107 w ramionach: 39 cm. &#8211; Wymiary podane dla rozmiaru: 36. Wz\u00f3r: g\u0142adkie Sk\u0142ad: Podszewka: 100 % Bawe\u0142na, Materia\u0142 zasadniczy: 3 % Elastan, 64 % Poliester, 33 % Wiskoza ID produktu: 4901-KZD00H Kod producenta: 20SWEW02<\/p>\n","protected":false},"excerpt":{"rendered":"<p>Parametry produktu: cena: 749.9 PLN marka: Desigual p\u0142e\u0107: Female kategoria: ONA \/ Odzie\u017c \/ Marynarki i kamizelki \/ Marynarki kolor: czarny Opis: \u017bakiet z kolekcji Desigual. Casualowy model wykonany z<\/p>\n","protected":false},"featured_media":11080,"comment_status":"closed","ping_status":"open","template":"","meta":[],"class_list":{"0":"post-11079","1":"product","2":"type-product","3":"status-publish","5":"hentry","6":"product_cat-marynarki","7":"product_cat-marynarki-i-kamizelki","8":"product_cat-odziez","9":"product_cat-ona","10":"product_tag-desigual","11":"product_tag-desigual-zakiet"},"yoast_head":"<!-- This site is optimized with the Yoast SEO plugin v15.6.2 - https:\/\/yoast.com\/wordpress\/plugins\/seo\/ -->\n<title>Desigual - \u017bakiet<\/title>\n<meta name=\"robots\" content=\"index, follow, max-snippet:-1, max-image-preview:large, max-video-preview:-1\" \/>\n<link rel=\"canonical\" href=\"https:\/\/torebunia.pl\/sklep\/produkt\/desigual-zakiet\/\" \/>\n<meta property=\"og:locale\" content=\"pl_PL\" \/>\n<meta property=\"og:type\" content=\"article\" \/>\n<meta property=\"og:title\" content=\"Desigual - \u017bakiet\" \/>\n<meta property=\"og:description\" content=\"Parametry produktu: cena: 749.9 PLN marka: Desigual p\u0142e\u0107: Female kategoria: ONA \/ Odzie\u017c \/ Marynarki i kamizelki \/ Marynarki kolor: czarny Opis: \u017bakiet z kolekcji Desigual. Casualowy model wykonany z\" \/>\n<meta property=\"og:url\" content=\"https:\/\/torebunia.pl\/sklep\/produkt\/desigual-zakiet\/\" \/>\n<meta property=\"og:site_name\" content=\"Moje Blog\" \/>\n<meta property=\"article:modified_time\" content=\"2021-01-25T18:47:32+00:00\" \/>\n<meta property=\"og:image\" content=\"https:\/\/torebunia.pl\/sklep\/wp-content\/uploads\/2021\/01\/a2f8234e44c2ea7c09156267d8216ba613e7fef7.jpg\" \/>\n\t<meta property=\"og:image:width\" content=\"855\" \/>\n\t<meta property=\"og:image:height\" content=\"1290\" \/>\n<meta name=\"twitter:card\" content=\"summary_large_image\" \/>\n<meta name=\"twitter:label1\" content=\"Est. reading time\">\n\t<meta name=\"twitter:data1\" content=\"1 minuta\">\n<script type=\"application\/ld+json\" class=\"yoast-schema-graph\">{\"@context\":\"https:\/\/schema.org\",\"@graph\":[{\"@type\":\"WebSite\",\"@id\":\"https:\/\/torebunia.pl\/sklep\/#website\",\"url\":\"https:\/\/torebunia.pl\/sklep\/\",\"name\":\"Moje Blog\",\"description\":\"Kolejna witryna WordPress\",\"potentialAction\":[{\"@type\":\"SearchAction\",\"target\":\"https:\/\/torebunia.pl\/sklep\/?s={search_term_string}\",\"query-input\":\"required name=search_term_string\"}],\"inLanguage\":\"pl-PL\"},{\"@type\":\"ImageObject\",\"@id\":\"https:\/\/torebunia.pl\/sklep\/produkt\/desigual-zakiet\/#primaryimage\",\"inLanguage\":\"pl-PL\",\"url\":\"https:\/\/torebunia.pl\/sklep\/wp-content\/uploads\/2021\/01\/a2f8234e44c2ea7c09156267d8216ba613e7fef7.jpg\",\"width\":855,\"height\":1290,\"caption\":\"Desigual - \\u017bakiet\"},{\"@type\":\"WebPage\",\"@id\":\"https:\/\/torebunia.pl\/sklep\/produkt\/desigual-zakiet\/#webpage\",\"url\":\"https:\/\/torebunia.pl\/sklep\/produkt\/desigual-zakiet\/\",\"name\":\"Desigual - \\u017bakiet\",\"isPartOf\":{\"@id\":\"https:\/\/torebunia.pl\/sklep\/#website\"},\"primaryImageOfPage\":{\"@id\":\"https:\/\/torebunia.pl\/sklep\/produkt\/desigual-zakiet\/#primaryimage\"},\"datePublished\":\"2020-08-20T01:45:52+00:00\",\"dateModified\":\"2021-01-25T18:47:32+00:00\",\"inLanguage\":\"pl-PL\",\"potentialAction\":[{\"@type\":\"ReadAction\",\"target\":[\"https:\/\/torebunia.pl\/sklep\/produkt\/desigual-zakiet\/\"]}]}]}<\/script>\n<!-- \/ Yoast SEO plugin. -->","_links":{"self":[{"href":"https:\/\/torebunia.pl\/sklep\/wp-json\/wp\/v2\/product\/11079","targetHints":{"allow":["GET"]}}],"collection":[{"href":"https:\/\/torebunia.pl\/sklep\/wp-json\/wp\/v2\/product"}],"about":[{"href":"https:\/\/torebunia.pl\/sklep\/wp-json\/wp\/v2\/types\/product"}],"replies":[{"embeddable":true,"href":"https:\/\/torebunia.pl\/sklep\/wp-json\/wp\/v2\/comments?post=11079"}],"wp:featuredmedia":[{"embeddable":true,"href":"https:\/\/torebunia.pl\/sklep\/wp-json\/wp\/v2\/media\/11080"}],"wp:attachment":[{"href":"https:\/\/torebunia.pl\/sklep\/wp-json\/wp\/v2\/media?parent=11079"}],"curies":[{"name":"wp","href":"https:\/\/api.w.org\/{rel}","templated":true}]}}