{"id":11057,"date":"2021-01-09T19:16:24","date_gmt":"2021-01-09T19:16:24","guid":{"rendered":"https:\/\/torebunia.pl\/sklep\/produkt\/jack-wolfskin-rekawiczki-5\/"},"modified":"2021-01-25T18:46:57","modified_gmt":"2021-01-25T18:46:57","slug":"jack-wolfskin-rekawiczki-5","status":"publish","type":"product","link":"https:\/\/torebunia.pl\/sklep\/produkt\/jack-wolfskin-rekawiczki-5\/","title":{"rendered":"Jack Wolfskin &#8211; R\u0119kawiczki"},"content":{"rendered":"<p>Parametry produktu:<\/p>\n<ul>\n<li>cena: <strong>169.9 PLN<\/strong><\/li>\n<li>marka: <strong>Jack Wolfskin<\/strong><\/li>\n<li>p\u0142e\u0107: <strong>Female<\/strong><\/li>\n<li>kategoria: <strong>ONA \/ Akcesoria \/ R\u0119kawiczki<\/strong><\/li>\n<li>kolor: <strong>r\u00f3\u017cowy<\/strong><\/li>\n<\/ul>\n<p>Opis:<br \/>\nJednopalcowe r\u0119kawiczki z kolekcji Jack Wolfskin. Model wykonany z grubej dzianiny. &#8211; Wewn\u0105trz dodatkowe ocieplenie. &#8211; \u00b0C NANUK to uniwersalna, wysokojako\u015bciowa tkanina. Ma bardzo dobre w\u0142a\u015bciwo\u015bci termoizoluj\u0105ce, jest wytrzyma\u0142a, mi\u0119kka w dotyku i szybkoschn\u0105ca. &#8211; Jednopalczasty model. Materia\u0142: tekstylny Sk\u0142ad: Wn\u0119trze: 100 % Poliester, Materia\u0142 zasadniczy: 100 % Akryl ID produktu: 4910-RED004 Kod producenta: 1908001<\/p>\n","protected":false},"excerpt":{"rendered":"<p>Parametry produktu: cena: 169.9 PLN marka: Jack Wolfskin p\u0142e\u0107: Female kategoria: ONA \/ Akcesoria \/ R\u0119kawiczki kolor: r\u00f3\u017cowy Opis: Jednopalcowe r\u0119kawiczki z kolekcji Jack Wolfskin. Model wykonany z grubej dzianiny.<\/p>\n","protected":false},"featured_media":11058,"comment_status":"closed","ping_status":"open","template":"","meta":[],"class_list":{"0":"post-11057","1":"product","2":"type-product","3":"status-publish","5":"hentry","6":"product_cat-akcesoria","7":"product_cat-ona","8":"product_cat-rekawiczki","9":"product_tag-jack-wolfskin","10":"product_tag-jack-wolfskin-rekawiczki"},"yoast_head":"<!-- This site is optimized with the Yoast SEO plugin v15.6.2 - https:\/\/yoast.com\/wordpress\/plugins\/seo\/ -->\n<title>Jack Wolfskin - R\u0119kawiczki<\/title>\n<meta name=\"robots\" content=\"index, follow, max-snippet:-1, max-image-preview:large, max-video-preview:-1\" \/>\n<link rel=\"canonical\" href=\"https:\/\/torebunia.pl\/sklep\/produkt\/jack-wolfskin-rekawiczki-5\/\" \/>\n<meta property=\"og:locale\" content=\"pl_PL\" \/>\n<meta property=\"og:type\" content=\"article\" \/>\n<meta property=\"og:title\" content=\"Jack Wolfskin - R\u0119kawiczki\" \/>\n<meta property=\"og:description\" content=\"Parametry produktu: cena: 169.9 PLN marka: Jack Wolfskin p\u0142e\u0107: Female kategoria: ONA \/ Akcesoria \/ R\u0119kawiczki kolor: r\u00f3\u017cowy Opis: Jednopalcowe r\u0119kawiczki z kolekcji Jack Wolfskin. Model wykonany z grubej dzianiny.\" \/>\n<meta property=\"og:url\" content=\"https:\/\/torebunia.pl\/sklep\/produkt\/jack-wolfskin-rekawiczki-5\/\" \/>\n<meta property=\"og:site_name\" content=\"Moje Blog\" \/>\n<meta property=\"article:modified_time\" content=\"2021-01-25T18:46:57+00:00\" \/>\n<meta property=\"og:image\" content=\"https:\/\/torebunia.pl\/sklep\/wp-content\/uploads\/2021\/01\/8ef7ab2c951d4a41cdcaf2b0c0326ece568bd72a.jpg\" \/>\n\t<meta property=\"og:image:width\" content=\"855\" \/>\n\t<meta property=\"og:image:height\" content=\"1290\" \/>\n<meta name=\"twitter:card\" content=\"summary_large_image\" \/>\n<script type=\"application\/ld+json\" class=\"yoast-schema-graph\">{\"@context\":\"https:\/\/schema.org\",\"@graph\":[{\"@type\":\"WebSite\",\"@id\":\"https:\/\/torebunia.pl\/sklep\/#website\",\"url\":\"https:\/\/torebunia.pl\/sklep\/\",\"name\":\"Moje Blog\",\"description\":\"Kolejna witryna WordPress\",\"potentialAction\":[{\"@type\":\"SearchAction\",\"target\":\"https:\/\/torebunia.pl\/sklep\/?s={search_term_string}\",\"query-input\":\"required name=search_term_string\"}],\"inLanguage\":\"pl-PL\"},{\"@type\":\"ImageObject\",\"@id\":\"https:\/\/torebunia.pl\/sklep\/produkt\/jack-wolfskin-rekawiczki-5\/#primaryimage\",\"inLanguage\":\"pl-PL\",\"url\":\"https:\/\/torebunia.pl\/sklep\/wp-content\/uploads\/2021\/01\/8ef7ab2c951d4a41cdcaf2b0c0326ece568bd72a.jpg\",\"width\":855,\"height\":1290,\"caption\":\"Jack Wolfskin - R\\u0119kawiczki\"},{\"@type\":\"WebPage\",\"@id\":\"https:\/\/torebunia.pl\/sklep\/produkt\/jack-wolfskin-rekawiczki-5\/#webpage\",\"url\":\"https:\/\/torebunia.pl\/sklep\/produkt\/jack-wolfskin-rekawiczki-5\/\",\"name\":\"Jack Wolfskin - R\\u0119kawiczki\",\"isPartOf\":{\"@id\":\"https:\/\/torebunia.pl\/sklep\/#website\"},\"primaryImageOfPage\":{\"@id\":\"https:\/\/torebunia.pl\/sklep\/produkt\/jack-wolfskin-rekawiczki-5\/#primaryimage\"},\"datePublished\":\"2021-01-09T19:16:24+00:00\",\"dateModified\":\"2021-01-25T18:46:57+00:00\",\"inLanguage\":\"pl-PL\",\"potentialAction\":[{\"@type\":\"ReadAction\",\"target\":[\"https:\/\/torebunia.pl\/sklep\/produkt\/jack-wolfskin-rekawiczki-5\/\"]}]}]}<\/script>\n<!-- \/ Yoast SEO plugin. -->","_links":{"self":[{"href":"https:\/\/torebunia.pl\/sklep\/wp-json\/wp\/v2\/product\/11057","targetHints":{"allow":["GET"]}}],"collection":[{"href":"https:\/\/torebunia.pl\/sklep\/wp-json\/wp\/v2\/product"}],"about":[{"href":"https:\/\/torebunia.pl\/sklep\/wp-json\/wp\/v2\/types\/product"}],"replies":[{"embeddable":true,"href":"https:\/\/torebunia.pl\/sklep\/wp-json\/wp\/v2\/comments?post=11057"}],"wp:featuredmedia":[{"embeddable":true,"href":"https:\/\/torebunia.pl\/sklep\/wp-json\/wp\/v2\/media\/11058"}],"wp:attachment":[{"href":"https:\/\/torebunia.pl\/sklep\/wp-json\/wp\/v2\/media?parent=11057"}],"curies":[{"name":"wp","href":"https:\/\/api.w.org\/{rel}","templated":true}]}}