{"id":11047,"date":"2021-01-03T23:07:50","date_gmt":"2021-01-03T23:07:50","guid":{"rendered":"https:\/\/torebunia.pl\/sklep\/produkt\/calvin-klein-jeans-torebka-4\/"},"modified":"2021-01-25T18:46:40","modified_gmt":"2021-01-25T18:46:40","slug":"calvin-klein-jeans-torebka-4","status":"publish","type":"product","link":"https:\/\/torebunia.pl\/sklep\/produkt\/calvin-klein-jeans-torebka-4\/","title":{"rendered":"Calvin Klein Jeans &#8211; Torebka"},"content":{"rendered":"<p>Parametry produktu:<\/p>\n<ul>\n<li>cena: <strong>539.9 PLN<\/strong><\/li>\n<li>marka: <strong>Calvin Klein Jeans<\/strong><\/li>\n<li>p\u0142e\u0107: <strong>Female<\/strong><\/li>\n<li>kategoria: <strong>ONA \/ Akcesoria \/ Torebki \/ Crossbody i listonoszki<\/strong><\/li>\n<li>kolor: <strong>srebrny<\/strong><\/li>\n<\/ul>\n<p>Opis:<br \/>\n\u015aredniej wielko\u015bci torebka z kolekcji Calvin Klein Jeans. Zapinany model wykonany z materia\u0142u syntetycznego. &#8211; Zapi\u0119cie na suwak. &#8211; Regulowana d\u0142ugo\u015b\u0107 pask\u00f3w. &#8211; Nie mie\u015bci formatu A4. &#8211; Torebka do noszenia na ramieniu. &#8211; G\u0142\u0119boko\u015b\u0107: 14 cm. &#8211; Wysoko\u015b\u0107: 20 cm. &#8211; Szeroko\u015b\u0107 u podstawy: 40 cm. Wz\u00f3r: nadruk Materia\u0142: syntetyczny Wielko\u015b\u0107: nie mie\u015bci A4 Sk\u0142ad: Materia\u0142 zasadniczy: Materia\u0142 syntetyczny ID produktu: 4910-TOD15Y Kod producenta: K60K605805<\/p>\n","protected":false},"excerpt":{"rendered":"<p>Parametry produktu: cena: 539.9 PLN marka: Calvin Klein Jeans p\u0142e\u0107: Female kategoria: ONA \/ Akcesoria \/ Torebki \/ Crossbody i listonoszki kolor: srebrny Opis: \u015aredniej wielko\u015bci torebka z kolekcji Calvin<\/p>\n","protected":false},"featured_media":11048,"comment_status":"closed","ping_status":"open","template":"","meta":[],"class_list":{"0":"post-11047","1":"product","2":"type-product","3":"status-publish","5":"hentry","6":"product_cat-akcesoria","7":"product_cat-crossbody-i-listonoszki","8":"product_cat-ona","9":"product_cat-torebki","10":"product_tag-calvin-klein-jeans","11":"product_tag-calvin-klein-jeans-torebka"},"yoast_head":"<!-- This site is optimized with the Yoast SEO plugin v15.6.2 - https:\/\/yoast.com\/wordpress\/plugins\/seo\/ -->\n<title>Calvin Klein Jeans - Torebka<\/title>\n<meta name=\"robots\" content=\"index, follow, max-snippet:-1, max-image-preview:large, max-video-preview:-1\" \/>\n<link rel=\"canonical\" href=\"https:\/\/torebunia.pl\/sklep\/produkt\/calvin-klein-jeans-torebka-4\/\" \/>\n<meta property=\"og:locale\" content=\"pl_PL\" \/>\n<meta property=\"og:type\" content=\"article\" \/>\n<meta property=\"og:title\" content=\"Calvin Klein Jeans - Torebka\" \/>\n<meta property=\"og:description\" content=\"Parametry produktu: cena: 539.9 PLN marka: Calvin Klein Jeans p\u0142e\u0107: Female kategoria: ONA \/ Akcesoria \/ Torebki \/ Crossbody i listonoszki kolor: srebrny Opis: \u015aredniej wielko\u015bci torebka z kolekcji Calvin\" \/>\n<meta property=\"og:url\" content=\"https:\/\/torebunia.pl\/sklep\/produkt\/calvin-klein-jeans-torebka-4\/\" \/>\n<meta property=\"og:site_name\" content=\"Moje Blog\" \/>\n<meta property=\"article:modified_time\" content=\"2021-01-25T18:46:40+00:00\" \/>\n<meta property=\"og:image\" content=\"https:\/\/torebunia.pl\/sklep\/wp-content\/uploads\/2021\/01\/fe641ec9dc86c80802edfe333038c41cb4942ba9.jpg\" \/>\n\t<meta property=\"og:image:width\" content=\"855\" \/>\n\t<meta property=\"og:image:height\" content=\"1290\" \/>\n<meta name=\"twitter:card\" content=\"summary_large_image\" \/>\n<script type=\"application\/ld+json\" class=\"yoast-schema-graph\">{\"@context\":\"https:\/\/schema.org\",\"@graph\":[{\"@type\":\"WebSite\",\"@id\":\"https:\/\/torebunia.pl\/sklep\/#website\",\"url\":\"https:\/\/torebunia.pl\/sklep\/\",\"name\":\"Moje Blog\",\"description\":\"Kolejna witryna WordPress\",\"potentialAction\":[{\"@type\":\"SearchAction\",\"target\":\"https:\/\/torebunia.pl\/sklep\/?s={search_term_string}\",\"query-input\":\"required name=search_term_string\"}],\"inLanguage\":\"pl-PL\"},{\"@type\":\"ImageObject\",\"@id\":\"https:\/\/torebunia.pl\/sklep\/produkt\/calvin-klein-jeans-torebka-4\/#primaryimage\",\"inLanguage\":\"pl-PL\",\"url\":\"https:\/\/torebunia.pl\/sklep\/wp-content\/uploads\/2021\/01\/fe641ec9dc86c80802edfe333038c41cb4942ba9.jpg\",\"width\":855,\"height\":1290,\"caption\":\"Calvin Klein Jeans - Torebka\"},{\"@type\":\"WebPage\",\"@id\":\"https:\/\/torebunia.pl\/sklep\/produkt\/calvin-klein-jeans-torebka-4\/#webpage\",\"url\":\"https:\/\/torebunia.pl\/sklep\/produkt\/calvin-klein-jeans-torebka-4\/\",\"name\":\"Calvin Klein Jeans - Torebka\",\"isPartOf\":{\"@id\":\"https:\/\/torebunia.pl\/sklep\/#website\"},\"primaryImageOfPage\":{\"@id\":\"https:\/\/torebunia.pl\/sklep\/produkt\/calvin-klein-jeans-torebka-4\/#primaryimage\"},\"datePublished\":\"2021-01-03T23:07:50+00:00\",\"dateModified\":\"2021-01-25T18:46:40+00:00\",\"inLanguage\":\"pl-PL\",\"potentialAction\":[{\"@type\":\"ReadAction\",\"target\":[\"https:\/\/torebunia.pl\/sklep\/produkt\/calvin-klein-jeans-torebka-4\/\"]}]}]}<\/script>\n<!-- \/ Yoast SEO plugin. -->","_links":{"self":[{"href":"https:\/\/torebunia.pl\/sklep\/wp-json\/wp\/v2\/product\/11047","targetHints":{"allow":["GET"]}}],"collection":[{"href":"https:\/\/torebunia.pl\/sklep\/wp-json\/wp\/v2\/product"}],"about":[{"href":"https:\/\/torebunia.pl\/sklep\/wp-json\/wp\/v2\/types\/product"}],"replies":[{"embeddable":true,"href":"https:\/\/torebunia.pl\/sklep\/wp-json\/wp\/v2\/comments?post=11047"}],"wp:featuredmedia":[{"embeddable":true,"href":"https:\/\/torebunia.pl\/sklep\/wp-json\/wp\/v2\/media\/11048"}],"wp:attachment":[{"href":"https:\/\/torebunia.pl\/sklep\/wp-json\/wp\/v2\/media?parent=11047"}],"curies":[{"name":"wp","href":"https:\/\/api.w.org\/{rel}","templated":true}]}}