{"id":10969,"date":"2020-05-27T07:21:13","date_gmt":"2020-05-27T07:21:13","guid":{"rendered":"https:\/\/torebunia.pl\/sklep\/produkt\/puma-top-2\/"},"modified":"2021-01-27T13:23:01","modified_gmt":"2021-01-27T13:23:01","slug":"puma-top-2","status":"publish","type":"product","link":"https:\/\/torebunia.pl\/sklep\/produkt\/puma-top-2\/","title":{"rendered":"Puma &#8211; Top"},"content":{"rendered":"<p>Parametry produktu:<\/p>\n<ul>\n<li>cena: <strong>99.9 PLN<\/strong><\/li>\n<li>marka: <strong>Puma<\/strong><\/li>\n<li>p\u0142e\u0107: <strong>Female<\/strong><\/li>\n<li>kategoria: <strong>ONA \/ Odzie\u017c \/ Topy i t-shirty \/ Bez r\u0119kaw\u00f3w<\/strong><\/li>\n<li>kolor: <strong>\u017c\u00f3\u0142to &#8211; zielony<\/strong><\/li>\n<\/ul>\n<p>Opis:<br \/>\nTop z kolekcji Puma. Model wykonany z cienkiej, elastycznej dzianiny. &#8211; Materia\u0142 dryCell zapewnia komfort oraz uczucie sucho\u015bci. &#8211; Okr\u0105g\u0142y dekolt. &#8211; Cienka, elastyczna dzianina. &#8211; Model z nadrukiem. &#8211; Prosty fason. &#8211; D\u0142ugo\u015b\u0107: 68 cm. &#8211; Szeroko\u015b\u0107 pod pachami: 44 cm. &#8211; Wymiary podane dla rozmiaru: S. Wz\u00f3r: nadruk Dekolt: okr\u0105g\u0142y Materia\u0142: z elastanem Okazje: sport Sk\u0142ad: 9 % Elastan, 91 % Poliester ID produktu: 4900-TSD0MK Kod producenta: 581478<\/p>\n","protected":false},"excerpt":{"rendered":"<p>Parametry produktu: cena: 99.9 PLN marka: Puma p\u0142e\u0107: Female kategoria: ONA \/ Odzie\u017c \/ Topy i t-shirty \/ Bez r\u0119kaw\u00f3w kolor: \u017c\u00f3\u0142to &#8211; zielony Opis: Top z kolekcji Puma. Model<\/p>\n","protected":false},"featured_media":10970,"comment_status":"closed","ping_status":"open","template":"","meta":[],"class_list":{"0":"post-10969","1":"product","2":"type-product","3":"status-publish","5":"hentry","6":"product_cat-bez-rekawow","7":"product_cat-odziez","8":"product_cat-ona","9":"product_cat-topy-i-t-shirty","10":"product_tag-puma","11":"product_tag-puma-top"},"yoast_head":"<!-- This site is optimized with the Yoast SEO plugin v15.6.2 - https:\/\/yoast.com\/wordpress\/plugins\/seo\/ -->\n<title>Puma - Top<\/title>\n<meta name=\"robots\" content=\"index, follow, max-snippet:-1, max-image-preview:large, max-video-preview:-1\" \/>\n<link rel=\"canonical\" href=\"https:\/\/torebunia.pl\/sklep\/produkt\/puma-top-2\/\" \/>\n<meta property=\"og:locale\" content=\"pl_PL\" \/>\n<meta property=\"og:type\" content=\"article\" \/>\n<meta property=\"og:title\" content=\"Puma - Top\" \/>\n<meta property=\"og:description\" content=\"Parametry produktu: cena: 99.9 PLN marka: Puma p\u0142e\u0107: Female kategoria: ONA \/ Odzie\u017c \/ Topy i t-shirty \/ Bez r\u0119kaw\u00f3w kolor: \u017c\u00f3\u0142to &#8211; zielony Opis: Top z kolekcji Puma. Model\" \/>\n<meta property=\"og:url\" content=\"https:\/\/torebunia.pl\/sklep\/produkt\/puma-top-2\/\" \/>\n<meta property=\"og:site_name\" content=\"Moje Blog\" \/>\n<meta property=\"article:modified_time\" content=\"2021-01-27T13:23:01+00:00\" \/>\n<meta property=\"og:image\" content=\"https:\/\/torebunia.pl\/sklep\/wp-content\/uploads\/2021\/01\/1e6e249695a9a30d491fd7a7b5c1bc83e42e5f7d.jpg\" \/>\n\t<meta property=\"og:image:width\" content=\"855\" \/>\n\t<meta property=\"og:image:height\" content=\"1290\" \/>\n<meta name=\"twitter:card\" content=\"summary_large_image\" \/>\n<script type=\"application\/ld+json\" class=\"yoast-schema-graph\">{\"@context\":\"https:\/\/schema.org\",\"@graph\":[{\"@type\":\"WebSite\",\"@id\":\"https:\/\/torebunia.pl\/sklep\/#website\",\"url\":\"https:\/\/torebunia.pl\/sklep\/\",\"name\":\"Moje Blog\",\"description\":\"Kolejna witryna WordPress\",\"potentialAction\":[{\"@type\":\"SearchAction\",\"target\":\"https:\/\/torebunia.pl\/sklep\/?s={search_term_string}\",\"query-input\":\"required name=search_term_string\"}],\"inLanguage\":\"pl-PL\"},{\"@type\":\"ImageObject\",\"@id\":\"https:\/\/torebunia.pl\/sklep\/produkt\/puma-top-2\/#primaryimage\",\"inLanguage\":\"pl-PL\",\"url\":\"https:\/\/torebunia.pl\/sklep\/wp-content\/uploads\/2021\/01\/1e6e249695a9a30d491fd7a7b5c1bc83e42e5f7d.jpg\",\"width\":855,\"height\":1290,\"caption\":\"Puma - Top\"},{\"@type\":\"WebPage\",\"@id\":\"https:\/\/torebunia.pl\/sklep\/produkt\/puma-top-2\/#webpage\",\"url\":\"https:\/\/torebunia.pl\/sklep\/produkt\/puma-top-2\/\",\"name\":\"Puma - Top\",\"isPartOf\":{\"@id\":\"https:\/\/torebunia.pl\/sklep\/#website\"},\"primaryImageOfPage\":{\"@id\":\"https:\/\/torebunia.pl\/sklep\/produkt\/puma-top-2\/#primaryimage\"},\"datePublished\":\"2020-05-27T07:21:13+00:00\",\"dateModified\":\"2021-01-27T13:23:01+00:00\",\"inLanguage\":\"pl-PL\",\"potentialAction\":[{\"@type\":\"ReadAction\",\"target\":[\"https:\/\/torebunia.pl\/sklep\/produkt\/puma-top-2\/\"]}]}]}<\/script>\n<!-- \/ Yoast SEO plugin. -->","_links":{"self":[{"href":"https:\/\/torebunia.pl\/sklep\/wp-json\/wp\/v2\/product\/10969","targetHints":{"allow":["GET"]}}],"collection":[{"href":"https:\/\/torebunia.pl\/sklep\/wp-json\/wp\/v2\/product"}],"about":[{"href":"https:\/\/torebunia.pl\/sklep\/wp-json\/wp\/v2\/types\/product"}],"replies":[{"embeddable":true,"href":"https:\/\/torebunia.pl\/sklep\/wp-json\/wp\/v2\/comments?post=10969"}],"wp:featuredmedia":[{"embeddable":true,"href":"https:\/\/torebunia.pl\/sklep\/wp-json\/wp\/v2\/media\/10970"}],"wp:attachment":[{"href":"https:\/\/torebunia.pl\/sklep\/wp-json\/wp\/v2\/media?parent=10969"}],"curies":[{"name":"wp","href":"https:\/\/api.w.org\/{rel}","templated":true}]}}