{"id":1093,"date":"2020-11-06T01:47:44","date_gmt":"2020-11-06T01:47:44","guid":{"rendered":"https:\/\/torebunia.pl\/sklep\/produkt\/levis-szorty-jeansowe\/"},"modified":"2021-01-25T13:51:18","modified_gmt":"2021-01-25T13:51:18","slug":"levis-szorty-jeansowe","status":"publish","type":"product","link":"https:\/\/torebunia.pl\/sklep\/produkt\/levis-szorty-jeansowe\/","title":{"rendered":"Levi&#8217;s &#8211; Szorty jeansowe"},"content":{"rendered":"<p>Parametry produktu:<\/p>\n<ul>\n<li>cena: <strong>279.9 PLN<\/strong><\/li>\n<li>marka: <strong>Levi&#8217;s<\/strong><\/li>\n<li>p\u0142e\u0107: <strong>Female<\/strong><\/li>\n<li>kategoria: <strong>ONA \/ Odzie\u017c \/ Szorty<\/strong><\/li>\n<li>kolor: <strong>czarny<\/strong><\/li>\n<\/ul>\n<p>Opis:<br \/>\nSzorty z kolekcji Levi&#8217;s. Model wykonany z denimu. Informujemy, i\u017c ze wzgl\u0119du na polityk\u0119 ochrony znak\u00f3w towarowych marki Levi&#8217;s oko\u0142o 10% asortymentu posiada &#8222;pust\u0105 wszywk\u0119&#8221; (w kolorze czerwonym, bez logo marki, wy\u0142\u0105cznie z mi\u0119dzynarodowym symbolem zarejestrowanego znaku towarowego). &#8222;Pusta wszywka&#8221; jest zarejestrowanym znakiem towarowym marki Levi&#8217;s i opatrzone ni\u0105 modele s\u0105 pe\u0142nowarto\u015bciowymi, oryginalnymi produktami. W razie w\u0105tpliwo\u015bci prosimy o kontakt z Biurem Obs\u0142ugi Klienta. &#8211; Podwy\u017cszony stan. &#8211; Prosty fason. &#8211; Zapi\u0119cie na guzik i suwak. &#8211; Wsuwane kieszenie. &#8211; Szeroko\u015b\u0107 w pasie: 39 cm. &#8211; Szeroko\u015b\u0107 w biodrach: 47 cm. &#8211; Wysoko\u015b\u0107 stanu: 30 cm. &#8211; Szeroko\u015b\u0107 nogawki na dole: 30 cm. &#8211; D\u0142ugo\u015b\u0107: 29 cm. &#8211; Wymiary podane dla rozmiaru: 27. Wz\u00f3r: g\u0142adkie Materia\u0142: tkanina Materia\u0142: jeans Materia\u0142: z domieszk\u0105 lnu Okazje: casual Talia: high Sk\u0142ad: 69 % Bawe\u0142na, 31 % Len ID produktu: 4901-SZD0CU Kod producenta: 17062.0000<\/p>\n","protected":false},"excerpt":{"rendered":"<p>Parametry produktu: cena: 279.9 PLN marka: Levi&#8217;s p\u0142e\u0107: Female kategoria: ONA \/ Odzie\u017c \/ Szorty kolor: czarny Opis: Szorty z kolekcji Levi&#8217;s. Model wykonany z denimu. Informujemy, i\u017c ze wzgl\u0119du<\/p>\n","protected":false},"featured_media":1094,"comment_status":"closed","ping_status":"open","template":"","meta":[],"class_list":{"0":"post-1093","1":"product","2":"type-product","3":"status-publish","5":"hentry","6":"product_cat-odziez","7":"product_cat-ona","8":"product_cat-szorty","9":"product_tag-levis","10":"product_tag-levis-szorty-jeansowe"},"yoast_head":"<!-- This site is optimized with the Yoast SEO plugin v15.6.2 - https:\/\/yoast.com\/wordpress\/plugins\/seo\/ -->\n<title>Levi&#039;s - Szorty jeansowe<\/title>\n<meta name=\"robots\" content=\"index, follow, max-snippet:-1, max-image-preview:large, max-video-preview:-1\" \/>\n<link rel=\"canonical\" href=\"https:\/\/torebunia.pl\/sklep\/produkt\/levis-szorty-jeansowe\/\" \/>\n<meta property=\"og:locale\" content=\"pl_PL\" \/>\n<meta property=\"og:type\" content=\"article\" \/>\n<meta property=\"og:title\" content=\"Levi&#039;s - Szorty jeansowe\" \/>\n<meta property=\"og:description\" content=\"Parametry produktu: cena: 279.9 PLN marka: Levi&#8217;s p\u0142e\u0107: Female kategoria: ONA \/ Odzie\u017c \/ Szorty kolor: czarny Opis: Szorty z kolekcji Levi&#8217;s. Model wykonany z denimu. Informujemy, i\u017c ze wzgl\u0119du\" \/>\n<meta property=\"og:url\" content=\"https:\/\/torebunia.pl\/sklep\/produkt\/levis-szorty-jeansowe\/\" \/>\n<meta property=\"og:site_name\" content=\"Moje Blog\" \/>\n<meta property=\"article:modified_time\" content=\"2021-01-25T13:51:18+00:00\" \/>\n<meta property=\"og:image\" content=\"https:\/\/torebunia.pl\/sklep\/wp-content\/uploads\/2021\/01\/67a12e189b3fee00ba9ed788214d4c5dbe954754.jpg\" \/>\n\t<meta property=\"og:image:width\" content=\"855\" \/>\n\t<meta property=\"og:image:height\" content=\"1290\" \/>\n<meta name=\"twitter:card\" content=\"summary_large_image\" \/>\n<meta name=\"twitter:label1\" content=\"Est. reading time\">\n\t<meta name=\"twitter:data1\" content=\"1 minuta\">\n<script type=\"application\/ld+json\" class=\"yoast-schema-graph\">{\"@context\":\"https:\/\/schema.org\",\"@graph\":[{\"@type\":\"WebSite\",\"@id\":\"https:\/\/torebunia.pl\/sklep\/#website\",\"url\":\"https:\/\/torebunia.pl\/sklep\/\",\"name\":\"Moje Blog\",\"description\":\"Kolejna witryna WordPress\",\"potentialAction\":[{\"@type\":\"SearchAction\",\"target\":\"https:\/\/torebunia.pl\/sklep\/?s={search_term_string}\",\"query-input\":\"required name=search_term_string\"}],\"inLanguage\":\"pl-PL\"},{\"@type\":\"ImageObject\",\"@id\":\"https:\/\/torebunia.pl\/sklep\/produkt\/levis-szorty-jeansowe\/#primaryimage\",\"inLanguage\":\"pl-PL\",\"url\":\"https:\/\/torebunia.pl\/sklep\/wp-content\/uploads\/2021\/01\/67a12e189b3fee00ba9ed788214d4c5dbe954754.jpg\",\"width\":855,\"height\":1290,\"caption\":\"Levi's - Szorty jeansowe\"},{\"@type\":\"WebPage\",\"@id\":\"https:\/\/torebunia.pl\/sklep\/produkt\/levis-szorty-jeansowe\/#webpage\",\"url\":\"https:\/\/torebunia.pl\/sklep\/produkt\/levis-szorty-jeansowe\/\",\"name\":\"Levi's - Szorty jeansowe\",\"isPartOf\":{\"@id\":\"https:\/\/torebunia.pl\/sklep\/#website\"},\"primaryImageOfPage\":{\"@id\":\"https:\/\/torebunia.pl\/sklep\/produkt\/levis-szorty-jeansowe\/#primaryimage\"},\"datePublished\":\"2020-11-06T01:47:44+00:00\",\"dateModified\":\"2021-01-25T13:51:18+00:00\",\"inLanguage\":\"pl-PL\",\"potentialAction\":[{\"@type\":\"ReadAction\",\"target\":[\"https:\/\/torebunia.pl\/sklep\/produkt\/levis-szorty-jeansowe\/\"]}]}]}<\/script>\n<!-- \/ Yoast SEO plugin. -->","_links":{"self":[{"href":"https:\/\/torebunia.pl\/sklep\/wp-json\/wp\/v2\/product\/1093","targetHints":{"allow":["GET"]}}],"collection":[{"href":"https:\/\/torebunia.pl\/sklep\/wp-json\/wp\/v2\/product"}],"about":[{"href":"https:\/\/torebunia.pl\/sklep\/wp-json\/wp\/v2\/types\/product"}],"replies":[{"embeddable":true,"href":"https:\/\/torebunia.pl\/sklep\/wp-json\/wp\/v2\/comments?post=1093"}],"wp:featuredmedia":[{"embeddable":true,"href":"https:\/\/torebunia.pl\/sklep\/wp-json\/wp\/v2\/media\/1094"}],"wp:attachment":[{"href":"https:\/\/torebunia.pl\/sklep\/wp-json\/wp\/v2\/media?parent=1093"}],"curies":[{"name":"wp","href":"https:\/\/api.w.org\/{rel}","templated":true}]}}