{"id":1078,"date":"2020-05-27T16:23:09","date_gmt":"2020-05-27T16:23:09","guid":{"rendered":"https:\/\/torebunia.pl\/sklep\/produkt\/cardio-bunny-top-rita\/"},"modified":"2021-01-25T13:50:51","modified_gmt":"2021-01-25T13:50:51","slug":"cardio-bunny-top-rita","status":"publish","type":"product","link":"https:\/\/torebunia.pl\/sklep\/produkt\/cardio-bunny-top-rita\/","title":{"rendered":"Cardio Bunny &#8211; Top Rita"},"content":{"rendered":"<p>Parametry produktu:<\/p>\n<ul>\n<li>cena: <strong>149.9 PLN<\/strong><\/li>\n<li>marka: <strong>Cardio Bunny<\/strong><\/li>\n<li>p\u0142e\u0107: <strong>Female<\/strong><\/li>\n<li>kategoria: <strong>ONA \/ Odzie\u017c \/ Topy i t-shirty \/ Bez r\u0119kaw\u00f3w<\/strong><\/li>\n<li>kolor: <strong>czerwony r\u00f3\u017c<\/strong><\/li>\n<\/ul>\n<p>Opis:<br \/>\nTop z kolekcji Cardio Bunny. Model wykonany z cienkiej, bardzo elastycznej dzianiny. &#8211; Dopasowany model. &#8211; Model na rami\u0105czkach. &#8211; Okr\u0105g\u0142y dekolt. &#8211; Szeroko\u015b\u0107 pod pachami: 34 cm. &#8211; D\u0142ugo\u015b\u0107: 58 cm. &#8211; Wymiary podane dla rozmiaru: S. Wz\u00f3r: nadruk Dekolt: okr\u0105g\u0142y Materia\u0142: z elastanem Okazje: sport Sk\u0142ad: 16 % Elastan, 84 % Poliester ID produktu: 4911-TSD0UC Kod producenta: RITA.TOP.BLACK.ROSE.GO<\/p>\n","protected":false},"excerpt":{"rendered":"<p>Parametry produktu: cena: 149.9 PLN marka: Cardio Bunny p\u0142e\u0107: Female kategoria: ONA \/ Odzie\u017c \/ Topy i t-shirty \/ Bez r\u0119kaw\u00f3w kolor: czerwony r\u00f3\u017c Opis: Top z kolekcji Cardio Bunny.<\/p>\n","protected":false},"featured_media":1079,"comment_status":"closed","ping_status":"open","template":"","meta":[],"class_list":{"0":"post-1078","1":"product","2":"type-product","3":"status-publish","5":"hentry","6":"product_cat-bez-rekawow","7":"product_cat-odziez","8":"product_cat-ona","9":"product_cat-topy-i-t-shirty","10":"product_tag-cardio-bunny","11":"product_tag-cardio-bunny-top-rita"},"yoast_head":"<!-- This site is optimized with the Yoast SEO plugin v15.6.2 - https:\/\/yoast.com\/wordpress\/plugins\/seo\/ -->\n<title>Cardio Bunny - Top Rita<\/title>\n<meta name=\"robots\" content=\"index, follow, max-snippet:-1, max-image-preview:large, max-video-preview:-1\" \/>\n<link rel=\"canonical\" href=\"https:\/\/torebunia.pl\/sklep\/produkt\/cardio-bunny-top-rita\/\" \/>\n<meta property=\"og:locale\" content=\"pl_PL\" \/>\n<meta property=\"og:type\" content=\"article\" \/>\n<meta property=\"og:title\" content=\"Cardio Bunny - Top Rita\" \/>\n<meta property=\"og:description\" content=\"Parametry produktu: cena: 149.9 PLN marka: Cardio Bunny p\u0142e\u0107: Female kategoria: ONA \/ Odzie\u017c \/ Topy i t-shirty \/ Bez r\u0119kaw\u00f3w kolor: czerwony r\u00f3\u017c Opis: Top z kolekcji Cardio Bunny.\" \/>\n<meta property=\"og:url\" content=\"https:\/\/torebunia.pl\/sklep\/produkt\/cardio-bunny-top-rita\/\" \/>\n<meta property=\"og:site_name\" content=\"Moje Blog\" \/>\n<meta property=\"article:modified_time\" content=\"2021-01-25T13:50:51+00:00\" \/>\n<meta property=\"og:image\" content=\"https:\/\/torebunia.pl\/sklep\/wp-content\/uploads\/2021\/01\/0c43806e7d91bfe7f7c5065ec2d08809406f6978.jpg\" \/>\n\t<meta property=\"og:image:width\" content=\"855\" \/>\n\t<meta property=\"og:image:height\" content=\"1290\" \/>\n<meta name=\"twitter:card\" content=\"summary_large_image\" \/>\n<script type=\"application\/ld+json\" class=\"yoast-schema-graph\">{\"@context\":\"https:\/\/schema.org\",\"@graph\":[{\"@type\":\"WebSite\",\"@id\":\"https:\/\/torebunia.pl\/sklep\/#website\",\"url\":\"https:\/\/torebunia.pl\/sklep\/\",\"name\":\"Moje Blog\",\"description\":\"Kolejna witryna WordPress\",\"potentialAction\":[{\"@type\":\"SearchAction\",\"target\":\"https:\/\/torebunia.pl\/sklep\/?s={search_term_string}\",\"query-input\":\"required name=search_term_string\"}],\"inLanguage\":\"pl-PL\"},{\"@type\":\"ImageObject\",\"@id\":\"https:\/\/torebunia.pl\/sklep\/produkt\/cardio-bunny-top-rita\/#primaryimage\",\"inLanguage\":\"pl-PL\",\"url\":\"https:\/\/torebunia.pl\/sklep\/wp-content\/uploads\/2021\/01\/0c43806e7d91bfe7f7c5065ec2d08809406f6978.jpg\",\"width\":855,\"height\":1290,\"caption\":\"Cardio Bunny - Top Rita\"},{\"@type\":\"WebPage\",\"@id\":\"https:\/\/torebunia.pl\/sklep\/produkt\/cardio-bunny-top-rita\/#webpage\",\"url\":\"https:\/\/torebunia.pl\/sklep\/produkt\/cardio-bunny-top-rita\/\",\"name\":\"Cardio Bunny - Top Rita\",\"isPartOf\":{\"@id\":\"https:\/\/torebunia.pl\/sklep\/#website\"},\"primaryImageOfPage\":{\"@id\":\"https:\/\/torebunia.pl\/sklep\/produkt\/cardio-bunny-top-rita\/#primaryimage\"},\"datePublished\":\"2020-05-27T16:23:09+00:00\",\"dateModified\":\"2021-01-25T13:50:51+00:00\",\"inLanguage\":\"pl-PL\",\"potentialAction\":[{\"@type\":\"ReadAction\",\"target\":[\"https:\/\/torebunia.pl\/sklep\/produkt\/cardio-bunny-top-rita\/\"]}]}]}<\/script>\n<!-- \/ Yoast SEO plugin. -->","_links":{"self":[{"href":"https:\/\/torebunia.pl\/sklep\/wp-json\/wp\/v2\/product\/1078","targetHints":{"allow":["GET"]}}],"collection":[{"href":"https:\/\/torebunia.pl\/sklep\/wp-json\/wp\/v2\/product"}],"about":[{"href":"https:\/\/torebunia.pl\/sklep\/wp-json\/wp\/v2\/types\/product"}],"replies":[{"embeddable":true,"href":"https:\/\/torebunia.pl\/sklep\/wp-json\/wp\/v2\/comments?post=1078"}],"wp:featuredmedia":[{"embeddable":true,"href":"https:\/\/torebunia.pl\/sklep\/wp-json\/wp\/v2\/media\/1079"}],"wp:attachment":[{"href":"https:\/\/torebunia.pl\/sklep\/wp-json\/wp\/v2\/media?parent=1078"}],"curies":[{"name":"wp","href":"https:\/\/api.w.org\/{rel}","templated":true}]}}