{"id":10767,"date":"2020-08-22T01:31:32","date_gmt":"2020-08-22T01:31:32","guid":{"rendered":"https:\/\/torebunia.pl\/sklep\/produkt\/under-armour-legginsy-2\/"},"modified":"2021-01-27T13:21:25","modified_gmt":"2021-01-27T13:21:25","slug":"under-armour-legginsy-2","status":"publish","type":"product","link":"https:\/\/torebunia.pl\/sklep\/produkt\/under-armour-legginsy-2\/","title":{"rendered":"Under Armour &#8211; Legginsy"},"content":{"rendered":"<p>Parametry produktu:<\/p>\n<ul>\n<li>cena: <strong>149.9 PLN<\/strong><\/li>\n<li>marka: <strong>Under Armour<\/strong><\/li>\n<li>p\u0142e\u0107: <strong>Female<\/strong><\/li>\n<li>kategoria: <strong>ONA \/ Odzie\u017c \/ Spodnie i legginsy \/ Legginsy<\/strong><\/li>\n<li>kolor: <strong>jasny szary<\/strong><\/li>\n<\/ul>\n<p>Opis:<br \/>\nLegginsy z kolekcji Under Armour. Model wykonany z g\u0142adkiej dzianiny. &#8211; Dopasowany model. &#8211; Elastyczna listwa w pasie. &#8211; Cienka, elastyczna dzianina. &#8211; Szeroko\u015b\u0107 w pasie: 31,5 cm. &#8211; Wysoko\u015b\u0107 stanu: 22 cm. &#8211; D\u0142ugo\u015b\u0107: 94 cm. &#8211; Wymiary podane dla rozmiaru: S. Wz\u00f3r: g\u0142adkie Sk\u0142ad: 58 % Bawe\u0142na, 42 % Poliester, ID produktu: 4911-LGD08O Kod producenta: 1342638<\/p>\n","protected":false},"excerpt":{"rendered":"<p>Parametry produktu: cena: 149.9 PLN marka: Under Armour p\u0142e\u0107: Female kategoria: ONA \/ Odzie\u017c \/ Spodnie i legginsy \/ Legginsy kolor: jasny szary Opis: Legginsy z kolekcji Under Armour. Model<\/p>\n","protected":false},"featured_media":10768,"comment_status":"closed","ping_status":"open","template":"","meta":[],"class_list":{"0":"post-10767","1":"product","2":"type-product","3":"status-publish","5":"hentry","6":"product_cat-legginsy","7":"product_cat-odziez","8":"product_cat-ona","9":"product_cat-spodnie-i-legginsy","10":"product_tag-under-armour","11":"product_tag-under-armour-legginsy"},"yoast_head":"<!-- This site is optimized with the Yoast SEO plugin v15.6.2 - https:\/\/yoast.com\/wordpress\/plugins\/seo\/ -->\n<title>Under Armour - Legginsy<\/title>\n<meta name=\"robots\" content=\"index, follow, max-snippet:-1, max-image-preview:large, max-video-preview:-1\" \/>\n<link rel=\"canonical\" href=\"https:\/\/torebunia.pl\/sklep\/produkt\/under-armour-legginsy-2\/\" \/>\n<meta property=\"og:locale\" content=\"pl_PL\" \/>\n<meta property=\"og:type\" content=\"article\" \/>\n<meta property=\"og:title\" content=\"Under Armour - Legginsy\" \/>\n<meta property=\"og:description\" content=\"Parametry produktu: cena: 149.9 PLN marka: Under Armour p\u0142e\u0107: Female kategoria: ONA \/ Odzie\u017c \/ Spodnie i legginsy \/ Legginsy kolor: jasny szary Opis: Legginsy z kolekcji Under Armour. Model\" \/>\n<meta property=\"og:url\" content=\"https:\/\/torebunia.pl\/sklep\/produkt\/under-armour-legginsy-2\/\" \/>\n<meta property=\"og:site_name\" content=\"Moje Blog\" \/>\n<meta property=\"article:modified_time\" content=\"2021-01-27T13:21:25+00:00\" \/>\n<meta property=\"og:image\" content=\"https:\/\/torebunia.pl\/sklep\/wp-content\/uploads\/2021\/01\/b66a4e56477656229f84e450e40a95b43ac0af52.jpg\" \/>\n\t<meta property=\"og:image:width\" content=\"855\" \/>\n\t<meta property=\"og:image:height\" content=\"1290\" \/>\n<meta name=\"twitter:card\" content=\"summary_large_image\" \/>\n<script type=\"application\/ld+json\" class=\"yoast-schema-graph\">{\"@context\":\"https:\/\/schema.org\",\"@graph\":[{\"@type\":\"WebSite\",\"@id\":\"https:\/\/torebunia.pl\/sklep\/#website\",\"url\":\"https:\/\/torebunia.pl\/sklep\/\",\"name\":\"Moje Blog\",\"description\":\"Kolejna witryna WordPress\",\"potentialAction\":[{\"@type\":\"SearchAction\",\"target\":\"https:\/\/torebunia.pl\/sklep\/?s={search_term_string}\",\"query-input\":\"required name=search_term_string\"}],\"inLanguage\":\"pl-PL\"},{\"@type\":\"ImageObject\",\"@id\":\"https:\/\/torebunia.pl\/sklep\/produkt\/under-armour-legginsy-2\/#primaryimage\",\"inLanguage\":\"pl-PL\",\"url\":\"https:\/\/torebunia.pl\/sklep\/wp-content\/uploads\/2021\/01\/b66a4e56477656229f84e450e40a95b43ac0af52.jpg\",\"width\":855,\"height\":1290,\"caption\":\"Under Armour - Legginsy\"},{\"@type\":\"WebPage\",\"@id\":\"https:\/\/torebunia.pl\/sklep\/produkt\/under-armour-legginsy-2\/#webpage\",\"url\":\"https:\/\/torebunia.pl\/sklep\/produkt\/under-armour-legginsy-2\/\",\"name\":\"Under Armour - Legginsy\",\"isPartOf\":{\"@id\":\"https:\/\/torebunia.pl\/sklep\/#website\"},\"primaryImageOfPage\":{\"@id\":\"https:\/\/torebunia.pl\/sklep\/produkt\/under-armour-legginsy-2\/#primaryimage\"},\"datePublished\":\"2020-08-22T01:31:32+00:00\",\"dateModified\":\"2021-01-27T13:21:25+00:00\",\"inLanguage\":\"pl-PL\",\"potentialAction\":[{\"@type\":\"ReadAction\",\"target\":[\"https:\/\/torebunia.pl\/sklep\/produkt\/under-armour-legginsy-2\/\"]}]}]}<\/script>\n<!-- \/ Yoast SEO plugin. -->","_links":{"self":[{"href":"https:\/\/torebunia.pl\/sklep\/wp-json\/wp\/v2\/product\/10767","targetHints":{"allow":["GET"]}}],"collection":[{"href":"https:\/\/torebunia.pl\/sklep\/wp-json\/wp\/v2\/product"}],"about":[{"href":"https:\/\/torebunia.pl\/sklep\/wp-json\/wp\/v2\/types\/product"}],"replies":[{"embeddable":true,"href":"https:\/\/torebunia.pl\/sklep\/wp-json\/wp\/v2\/comments?post=10767"}],"wp:featuredmedia":[{"embeddable":true,"href":"https:\/\/torebunia.pl\/sklep\/wp-json\/wp\/v2\/media\/10768"}],"wp:attachment":[{"href":"https:\/\/torebunia.pl\/sklep\/wp-json\/wp\/v2\/media?parent=10767"}],"curies":[{"name":"wp","href":"https:\/\/api.w.org\/{rel}","templated":true}]}}