{"id":10759,"date":"2020-11-22T20:34:20","date_gmt":"2020-11-22T20:34:20","guid":{"rendered":"https:\/\/torebunia.pl\/sklep\/produkt\/tamaris-botki-8\/"},"modified":"2021-01-27T13:21:19","modified_gmt":"2021-01-27T13:21:19","slug":"tamaris-botki-8","status":"publish","type":"product","link":"https:\/\/torebunia.pl\/sklep\/produkt\/tamaris-botki-8\/","title":{"rendered":"Tamaris &#8211; Botki"},"content":{"rendered":"<p>Parametry produktu:<\/p>\n<ul>\n<li>cena: <strong>329.9 PLN<\/strong><\/li>\n<li>marka: <strong>Tamaris<\/strong><\/li>\n<li>p\u0142e\u0107: <strong>Female<\/strong><\/li>\n<li>kategoria: <strong>ONA \/ Obuwie \/ Kozaki i botki \/ Botki<\/strong><\/li>\n<li>kolor: <strong>szary<\/strong><\/li>\n<\/ul>\n<p>Opis:<br \/>\nBotki z kolekcji Tamaris. Model wykonany ze sk\u00f3ry naturalnej. &#8211; Mocno usztywniony nosek. &#8211; Okr\u0105g\u0142y nosek. &#8211; Gumowa podeszwa. &#8211; Stabilna podeszwa. &#8211; \u017b\u0142obiona podeszwa. &#8211; Tekstylne wn\u0119trze. &#8211; Mocno usztywniony zapi\u0119tek. &#8211; D\u0142ugo\u015b\u0107 wk\u0142adki wynosi: 23,5 cm. &#8211; Wymiary podane dla rozmiaru: 37. Obcas: p\u0142aski Ocieplenie: nieocieplane Sk\u0142ad: Cholewka: Sk\u00f3ra naturalna, Wn\u0119trze: Materia\u0142 tekstylny, Podeszwa: Materia\u0142 syntetyczny ID produktu: 4910-OBD0NR Kod producenta: 1.1.25474.23.214<\/p>\n","protected":false},"excerpt":{"rendered":"<p>Parametry produktu: cena: 329.9 PLN marka: Tamaris p\u0142e\u0107: Female kategoria: ONA \/ Obuwie \/ Kozaki i botki \/ Botki kolor: szary Opis: Botki z kolekcji Tamaris. Model wykonany ze sk\u00f3ry<\/p>\n","protected":false},"featured_media":10760,"comment_status":"closed","ping_status":"open","template":"","meta":[],"class_list":{"0":"post-10759","1":"product","2":"type-product","3":"status-publish","5":"hentry","6":"product_cat-botki","7":"product_cat-kozaki-i-botki","8":"product_cat-obuwie","9":"product_cat-ona","10":"product_tag-tamaris","11":"product_tag-tamaris-botki"},"yoast_head":"<!-- This site is optimized with the Yoast SEO plugin v15.6.2 - https:\/\/yoast.com\/wordpress\/plugins\/seo\/ -->\n<title>Tamaris - Botki<\/title>\n<meta name=\"robots\" content=\"index, follow, max-snippet:-1, max-image-preview:large, max-video-preview:-1\" \/>\n<link rel=\"canonical\" href=\"https:\/\/torebunia.pl\/sklep\/produkt\/tamaris-botki-8\/\" \/>\n<meta property=\"og:locale\" content=\"pl_PL\" \/>\n<meta property=\"og:type\" content=\"article\" \/>\n<meta property=\"og:title\" content=\"Tamaris - Botki\" \/>\n<meta property=\"og:description\" content=\"Parametry produktu: cena: 329.9 PLN marka: Tamaris p\u0142e\u0107: Female kategoria: ONA \/ Obuwie \/ Kozaki i botki \/ Botki kolor: szary Opis: Botki z kolekcji Tamaris. Model wykonany ze sk\u00f3ry\" \/>\n<meta property=\"og:url\" content=\"https:\/\/torebunia.pl\/sklep\/produkt\/tamaris-botki-8\/\" \/>\n<meta property=\"og:site_name\" content=\"Moje Blog\" \/>\n<meta property=\"article:modified_time\" content=\"2021-01-27T13:21:19+00:00\" \/>\n<meta property=\"og:image\" content=\"https:\/\/torebunia.pl\/sklep\/wp-content\/uploads\/2021\/01\/ab7d429ccd445d01ba6a99e7dbd94b9ca52e86fb.jpg\" \/>\n\t<meta property=\"og:image:width\" content=\"855\" \/>\n\t<meta property=\"og:image:height\" content=\"1290\" \/>\n<meta name=\"twitter:card\" content=\"summary_large_image\" \/>\n<script type=\"application\/ld+json\" class=\"yoast-schema-graph\">{\"@context\":\"https:\/\/schema.org\",\"@graph\":[{\"@type\":\"WebSite\",\"@id\":\"https:\/\/torebunia.pl\/sklep\/#website\",\"url\":\"https:\/\/torebunia.pl\/sklep\/\",\"name\":\"Moje Blog\",\"description\":\"Kolejna witryna WordPress\",\"potentialAction\":[{\"@type\":\"SearchAction\",\"target\":\"https:\/\/torebunia.pl\/sklep\/?s={search_term_string}\",\"query-input\":\"required name=search_term_string\"}],\"inLanguage\":\"pl-PL\"},{\"@type\":\"ImageObject\",\"@id\":\"https:\/\/torebunia.pl\/sklep\/produkt\/tamaris-botki-8\/#primaryimage\",\"inLanguage\":\"pl-PL\",\"url\":\"https:\/\/torebunia.pl\/sklep\/wp-content\/uploads\/2021\/01\/ab7d429ccd445d01ba6a99e7dbd94b9ca52e86fb.jpg\",\"width\":855,\"height\":1290,\"caption\":\"Tamaris - Botki\"},{\"@type\":\"WebPage\",\"@id\":\"https:\/\/torebunia.pl\/sklep\/produkt\/tamaris-botki-8\/#webpage\",\"url\":\"https:\/\/torebunia.pl\/sklep\/produkt\/tamaris-botki-8\/\",\"name\":\"Tamaris - Botki\",\"isPartOf\":{\"@id\":\"https:\/\/torebunia.pl\/sklep\/#website\"},\"primaryImageOfPage\":{\"@id\":\"https:\/\/torebunia.pl\/sklep\/produkt\/tamaris-botki-8\/#primaryimage\"},\"datePublished\":\"2020-11-22T20:34:20+00:00\",\"dateModified\":\"2021-01-27T13:21:19+00:00\",\"inLanguage\":\"pl-PL\",\"potentialAction\":[{\"@type\":\"ReadAction\",\"target\":[\"https:\/\/torebunia.pl\/sklep\/produkt\/tamaris-botki-8\/\"]}]}]}<\/script>\n<!-- \/ Yoast SEO plugin. -->","_links":{"self":[{"href":"https:\/\/torebunia.pl\/sklep\/wp-json\/wp\/v2\/product\/10759","targetHints":{"allow":["GET"]}}],"collection":[{"href":"https:\/\/torebunia.pl\/sklep\/wp-json\/wp\/v2\/product"}],"about":[{"href":"https:\/\/torebunia.pl\/sklep\/wp-json\/wp\/v2\/types\/product"}],"replies":[{"embeddable":true,"href":"https:\/\/torebunia.pl\/sklep\/wp-json\/wp\/v2\/comments?post=10759"}],"wp:featuredmedia":[{"embeddable":true,"href":"https:\/\/torebunia.pl\/sklep\/wp-json\/wp\/v2\/media\/10760"}],"wp:attachment":[{"href":"https:\/\/torebunia.pl\/sklep\/wp-json\/wp\/v2\/media?parent=10759"}],"curies":[{"name":"wp","href":"https:\/\/api.w.org\/{rel}","templated":true}]}}