{"id":10675,"date":"2020-03-05T20:18:33","date_gmt":"2020-03-05T20:18:33","guid":{"rendered":"https:\/\/torebunia.pl\/sklep\/produkt\/emporio-armani-figi-3\/"},"modified":"2021-01-27T12:05:23","modified_gmt":"2021-01-27T12:05:23","slug":"emporio-armani-figi-3","status":"publish","type":"product","link":"https:\/\/torebunia.pl\/sklep\/produkt\/emporio-armani-figi-3\/","title":{"rendered":"Emporio Armani &#8211; Figi"},"content":{"rendered":"<p>Parametry produktu:<\/p>\n<ul>\n<li>cena: <strong>119.9 PLN<\/strong><\/li>\n<li>marka: <strong>Emporio Armani<\/strong><\/li>\n<li>p\u0142e\u0107: <strong>Female<\/strong><\/li>\n<li>kategoria: <strong>ONA \/ Odzie\u017c \/ Bielizna \/ Majtki<\/strong><\/li>\n<li>kolor: <strong>czarny<\/strong><\/li>\n<\/ul>\n<p>Opis:<br \/>\nFigi z kolekcji Emporio Armani. Model wykonany z elastycznej dzianiny. Rodzaj: figi Wz\u00f3r: nadruk Materia\u0142: dzianina Sk\u0142ad: 95 % Bawe\u0142na, 5 % Elastan ID produktu: 4901-BID1BB Kod producenta: CC317.162428<\/p>\n","protected":false},"excerpt":{"rendered":"<p>Parametry produktu: cena: 119.9 PLN marka: Emporio Armani p\u0142e\u0107: Female kategoria: ONA \/ Odzie\u017c \/ Bielizna \/ Majtki kolor: czarny Opis: Figi z kolekcji Emporio Armani. Model wykonany z elastycznej<\/p>\n","protected":false},"featured_media":10676,"comment_status":"closed","ping_status":"open","template":"","meta":[],"class_list":{"0":"post-10675","1":"product","2":"type-product","3":"status-publish","5":"hentry","6":"product_cat-bielizna","7":"product_cat-majtki","8":"product_cat-odziez","9":"product_cat-ona","10":"product_tag-emporio-armani","11":"product_tag-emporio-armani-figi"},"yoast_head":"<!-- This site is optimized with the Yoast SEO plugin v15.6.2 - https:\/\/yoast.com\/wordpress\/plugins\/seo\/ -->\n<title>Emporio Armani - Figi<\/title>\n<meta name=\"robots\" content=\"index, follow, max-snippet:-1, max-image-preview:large, max-video-preview:-1\" \/>\n<link rel=\"canonical\" href=\"https:\/\/torebunia.pl\/sklep\/produkt\/emporio-armani-figi-3\/\" \/>\n<meta property=\"og:locale\" content=\"pl_PL\" \/>\n<meta property=\"og:type\" content=\"article\" \/>\n<meta property=\"og:title\" content=\"Emporio Armani - Figi\" \/>\n<meta property=\"og:description\" content=\"Parametry produktu: cena: 119.9 PLN marka: Emporio Armani p\u0142e\u0107: Female kategoria: ONA \/ Odzie\u017c \/ Bielizna \/ Majtki kolor: czarny Opis: Figi z kolekcji Emporio Armani. Model wykonany z elastycznej\" \/>\n<meta property=\"og:url\" content=\"https:\/\/torebunia.pl\/sklep\/produkt\/emporio-armani-figi-3\/\" \/>\n<meta property=\"og:site_name\" content=\"Moje Blog\" \/>\n<meta property=\"article:modified_time\" content=\"2021-01-27T12:05:23+00:00\" \/>\n<meta property=\"og:image\" content=\"https:\/\/torebunia.pl\/sklep\/wp-content\/uploads\/2021\/01\/caab7034ba0ba6ff794b549daa21158c6082f300.jpg\" \/>\n\t<meta property=\"og:image:width\" content=\"855\" \/>\n\t<meta property=\"og:image:height\" content=\"1290\" \/>\n<meta name=\"twitter:card\" content=\"summary_large_image\" \/>\n<script type=\"application\/ld+json\" class=\"yoast-schema-graph\">{\"@context\":\"https:\/\/schema.org\",\"@graph\":[{\"@type\":\"WebSite\",\"@id\":\"https:\/\/torebunia.pl\/sklep\/#website\",\"url\":\"https:\/\/torebunia.pl\/sklep\/\",\"name\":\"Moje Blog\",\"description\":\"Kolejna witryna WordPress\",\"potentialAction\":[{\"@type\":\"SearchAction\",\"target\":\"https:\/\/torebunia.pl\/sklep\/?s={search_term_string}\",\"query-input\":\"required name=search_term_string\"}],\"inLanguage\":\"pl-PL\"},{\"@type\":\"ImageObject\",\"@id\":\"https:\/\/torebunia.pl\/sklep\/produkt\/emporio-armani-figi-3\/#primaryimage\",\"inLanguage\":\"pl-PL\",\"url\":\"https:\/\/torebunia.pl\/sklep\/wp-content\/uploads\/2021\/01\/caab7034ba0ba6ff794b549daa21158c6082f300.jpg\",\"width\":855,\"height\":1290,\"caption\":\"Emporio Armani - Figi\"},{\"@type\":\"WebPage\",\"@id\":\"https:\/\/torebunia.pl\/sklep\/produkt\/emporio-armani-figi-3\/#webpage\",\"url\":\"https:\/\/torebunia.pl\/sklep\/produkt\/emporio-armani-figi-3\/\",\"name\":\"Emporio Armani - Figi\",\"isPartOf\":{\"@id\":\"https:\/\/torebunia.pl\/sklep\/#website\"},\"primaryImageOfPage\":{\"@id\":\"https:\/\/torebunia.pl\/sklep\/produkt\/emporio-armani-figi-3\/#primaryimage\"},\"datePublished\":\"2020-03-05T20:18:33+00:00\",\"dateModified\":\"2021-01-27T12:05:23+00:00\",\"inLanguage\":\"pl-PL\",\"potentialAction\":[{\"@type\":\"ReadAction\",\"target\":[\"https:\/\/torebunia.pl\/sklep\/produkt\/emporio-armani-figi-3\/\"]}]}]}<\/script>\n<!-- \/ Yoast SEO plugin. -->","_links":{"self":[{"href":"https:\/\/torebunia.pl\/sklep\/wp-json\/wp\/v2\/product\/10675","targetHints":{"allow":["GET"]}}],"collection":[{"href":"https:\/\/torebunia.pl\/sklep\/wp-json\/wp\/v2\/product"}],"about":[{"href":"https:\/\/torebunia.pl\/sklep\/wp-json\/wp\/v2\/types\/product"}],"replies":[{"embeddable":true,"href":"https:\/\/torebunia.pl\/sklep\/wp-json\/wp\/v2\/comments?post=10675"}],"wp:featuredmedia":[{"embeddable":true,"href":"https:\/\/torebunia.pl\/sklep\/wp-json\/wp\/v2\/media\/10676"}],"wp:attachment":[{"href":"https:\/\/torebunia.pl\/sklep\/wp-json\/wp\/v2\/media?parent=10675"}],"curies":[{"name":"wp","href":"https:\/\/api.w.org\/{rel}","templated":true}]}}