{"id":10635,"date":"2020-08-06T18:26:04","date_gmt":"2020-08-06T18:26:04","guid":{"rendered":"https:\/\/torebunia.pl\/sklep\/produkt\/lauren-ralph-lauren-szlafrok-3\/"},"modified":"2021-01-27T12:04:53","modified_gmt":"2021-01-27T12:04:53","slug":"lauren-ralph-lauren-szlafrok-3","status":"publish","type":"product","link":"https:\/\/torebunia.pl\/sklep\/produkt\/lauren-ralph-lauren-szlafrok-3\/","title":{"rendered":"Lauren Ralph Lauren &#8211; Szlafrok"},"content":{"rendered":"<p>Parametry produktu:<\/p>\n<ul>\n<li>cena: <strong>459.9 PLN<\/strong><\/li>\n<li>marka: <strong>Lauren Ralph Lauren<\/strong><\/li>\n<li>p\u0142e\u0107: <strong>Female<\/strong><\/li>\n<li>kategoria: <strong>ONA \/ Odzie\u017c \/ Bielizna \/ Szlafroki<\/strong><\/li>\n<li>kolor: <strong>niebieski<\/strong><\/li>\n<\/ul>\n<p>Opis:<br \/>\nSzlafrok z kolekcji Lauren Ralph Lauren. Model wykonany z wzorzystego materia\u0142u. &#8211; Wsuwane kieszenie. &#8211; Wi\u0105zanie w talii. &#8211; Cienka, elastyczna dzianina. Wz\u00f3r: wzorzyste Wz\u00f3r: drobny wz\u00f3r Materia\u0142: dzianina Rodzaj: szlafrok Sk\u0142ad: 60 % Bawe\u0142na, 40 % Poliester ID produktu: 4900-BID0JD Kod producenta: ILN42007<\/p>\n","protected":false},"excerpt":{"rendered":"<p>Parametry produktu: cena: 459.9 PLN marka: Lauren Ralph Lauren p\u0142e\u0107: Female kategoria: ONA \/ Odzie\u017c \/ Bielizna \/ Szlafroki kolor: niebieski Opis: Szlafrok z kolekcji Lauren Ralph Lauren. Model wykonany<\/p>\n","protected":false},"featured_media":10636,"comment_status":"closed","ping_status":"open","template":"","meta":[],"class_list":{"0":"post-10635","1":"product","2":"type-product","3":"status-publish","5":"hentry","6":"product_cat-bielizna","7":"product_cat-odziez","8":"product_cat-ona","9":"product_cat-szlafroki","10":"product_tag-lauren-ralph-lauren","11":"product_tag-lauren-ralph-lauren-szlafrok"},"yoast_head":"<!-- This site is optimized with the Yoast SEO plugin v15.6.2 - https:\/\/yoast.com\/wordpress\/plugins\/seo\/ -->\n<title>Lauren Ralph Lauren - Szlafrok<\/title>\n<meta name=\"robots\" content=\"index, follow, max-snippet:-1, max-image-preview:large, max-video-preview:-1\" \/>\n<link rel=\"canonical\" href=\"https:\/\/torebunia.pl\/sklep\/produkt\/lauren-ralph-lauren-szlafrok-3\/\" \/>\n<meta property=\"og:locale\" content=\"pl_PL\" \/>\n<meta property=\"og:type\" content=\"article\" \/>\n<meta property=\"og:title\" content=\"Lauren Ralph Lauren - Szlafrok\" \/>\n<meta property=\"og:description\" content=\"Parametry produktu: cena: 459.9 PLN marka: Lauren Ralph Lauren p\u0142e\u0107: Female kategoria: ONA \/ Odzie\u017c \/ Bielizna \/ Szlafroki kolor: niebieski Opis: Szlafrok z kolekcji Lauren Ralph Lauren. Model wykonany\" \/>\n<meta property=\"og:url\" content=\"https:\/\/torebunia.pl\/sklep\/produkt\/lauren-ralph-lauren-szlafrok-3\/\" \/>\n<meta property=\"og:site_name\" content=\"Moje Blog\" \/>\n<meta property=\"article:modified_time\" content=\"2021-01-27T12:04:53+00:00\" \/>\n<meta property=\"og:image\" content=\"https:\/\/torebunia.pl\/sklep\/wp-content\/uploads\/2021\/01\/e7399c80e00a894623953a88d2754c1bafde8bb0.jpg\" \/>\n\t<meta property=\"og:image:width\" content=\"855\" \/>\n\t<meta property=\"og:image:height\" content=\"1290\" \/>\n<meta name=\"twitter:card\" content=\"summary_large_image\" \/>\n<script type=\"application\/ld+json\" class=\"yoast-schema-graph\">{\"@context\":\"https:\/\/schema.org\",\"@graph\":[{\"@type\":\"WebSite\",\"@id\":\"https:\/\/torebunia.pl\/sklep\/#website\",\"url\":\"https:\/\/torebunia.pl\/sklep\/\",\"name\":\"Moje Blog\",\"description\":\"Kolejna witryna WordPress\",\"potentialAction\":[{\"@type\":\"SearchAction\",\"target\":\"https:\/\/torebunia.pl\/sklep\/?s={search_term_string}\",\"query-input\":\"required name=search_term_string\"}],\"inLanguage\":\"pl-PL\"},{\"@type\":\"ImageObject\",\"@id\":\"https:\/\/torebunia.pl\/sklep\/produkt\/lauren-ralph-lauren-szlafrok-3\/#primaryimage\",\"inLanguage\":\"pl-PL\",\"url\":\"https:\/\/torebunia.pl\/sklep\/wp-content\/uploads\/2021\/01\/e7399c80e00a894623953a88d2754c1bafde8bb0.jpg\",\"width\":855,\"height\":1290,\"caption\":\"Lauren Ralph Lauren - Szlafrok\"},{\"@type\":\"WebPage\",\"@id\":\"https:\/\/torebunia.pl\/sklep\/produkt\/lauren-ralph-lauren-szlafrok-3\/#webpage\",\"url\":\"https:\/\/torebunia.pl\/sklep\/produkt\/lauren-ralph-lauren-szlafrok-3\/\",\"name\":\"Lauren Ralph Lauren - Szlafrok\",\"isPartOf\":{\"@id\":\"https:\/\/torebunia.pl\/sklep\/#website\"},\"primaryImageOfPage\":{\"@id\":\"https:\/\/torebunia.pl\/sklep\/produkt\/lauren-ralph-lauren-szlafrok-3\/#primaryimage\"},\"datePublished\":\"2020-08-06T18:26:04+00:00\",\"dateModified\":\"2021-01-27T12:04:53+00:00\",\"inLanguage\":\"pl-PL\",\"potentialAction\":[{\"@type\":\"ReadAction\",\"target\":[\"https:\/\/torebunia.pl\/sklep\/produkt\/lauren-ralph-lauren-szlafrok-3\/\"]}]}]}<\/script>\n<!-- \/ Yoast SEO plugin. -->","_links":{"self":[{"href":"https:\/\/torebunia.pl\/sklep\/wp-json\/wp\/v2\/product\/10635","targetHints":{"allow":["GET"]}}],"collection":[{"href":"https:\/\/torebunia.pl\/sklep\/wp-json\/wp\/v2\/product"}],"about":[{"href":"https:\/\/torebunia.pl\/sklep\/wp-json\/wp\/v2\/types\/product"}],"replies":[{"embeddable":true,"href":"https:\/\/torebunia.pl\/sklep\/wp-json\/wp\/v2\/comments?post=10635"}],"wp:featuredmedia":[{"embeddable":true,"href":"https:\/\/torebunia.pl\/sklep\/wp-json\/wp\/v2\/media\/10636"}],"wp:attachment":[{"href":"https:\/\/torebunia.pl\/sklep\/wp-json\/wp\/v2\/media?parent=10635"}],"curies":[{"name":"wp","href":"https:\/\/api.w.org\/{rel}","templated":true}]}}