{"id":10275,"date":"2020-03-15T08:26:52","date_gmt":"2020-03-15T08:26:52","guid":{"rendered":"https:\/\/torebunia.pl\/sklep\/produkt\/kappa-spodnie-3\/"},"modified":"2021-01-27T13:14:54","modified_gmt":"2021-01-27T13:14:54","slug":"kappa-spodnie-3","status":"publish","type":"product","link":"https:\/\/torebunia.pl\/sklep\/produkt\/kappa-spodnie-3\/","title":{"rendered":"Kappa &#8211; Spodnie"},"content":{"rendered":"<p>Parametry produktu:<\/p>\n<ul>\n<li>cena: <strong>119.9 PLN<\/strong><\/li>\n<li>marka: <strong>Kappa<\/strong><\/li>\n<li>p\u0142e\u0107: <strong>Female<\/strong><\/li>\n<li>kategoria: <strong>ONA \/ Odzie\u017c \/ Spodnie i legginsy \/ Dresowe<\/strong><\/li>\n<li>kolor: <strong>szary<\/strong><\/li>\n<\/ul>\n<p>Opis:<br \/>\nSpodnie z kolekcji Kappa. Model wykonany z cienkiej, elastycznej dzianiny. &#8211; Prosty fason. &#8211; Nogawki wyko\u0144czone \u015bci\u0105gaczem. &#8211; Wsuwane kieszenie. &#8211; W pasie troczki. &#8211; Elastyczna listwa w pasie. &#8211; Szeroko\u015b\u0107 w pasie: 36 cm. &#8211; Szeroko\u015b\u0107 w biodrach: 49 cm. &#8211; Wysoko\u015b\u0107 stanu: 24 cm. &#8211; Szeroko\u015b\u0107 nogawki na dole: 11 cm. &#8211; Szeroko\u015b\u0107 nogawki: 24,5 cm. &#8211; D\u0142ugo\u015b\u0107: 97 cm. &#8211; Wymiary podane dla rozmiaru: S. Wz\u00f3r: g\u0142adkie Materia\u0142: dzianina Sk\u0142ad: 20 % Poliester, 80 % Bawe\u0142na, Materia\u0142 zasadniczy: 2 % Wiskoza, 22 % Poliester, 76 % Bawe\u0142na ID produktu: 4920-SPD0AO Kod producenta: 705202<\/p>\n","protected":false},"excerpt":{"rendered":"<p>Parametry produktu: cena: 119.9 PLN marka: Kappa p\u0142e\u0107: Female kategoria: ONA \/ Odzie\u017c \/ Spodnie i legginsy \/ Dresowe kolor: szary Opis: Spodnie z kolekcji Kappa. Model wykonany z cienkiej,<\/p>\n","protected":false},"featured_media":10276,"comment_status":"closed","ping_status":"open","template":"","meta":[],"class_list":{"0":"post-10275","1":"product","2":"type-product","3":"status-publish","5":"hentry","6":"product_cat-dresowe","7":"product_cat-odziez","8":"product_cat-ona","9":"product_cat-spodnie-i-legginsy","10":"product_tag-kappa","11":"product_tag-kappa-spodnie"},"yoast_head":"<!-- This site is optimized with the Yoast SEO plugin v15.6.2 - https:\/\/yoast.com\/wordpress\/plugins\/seo\/ -->\n<title>Kappa - Spodnie<\/title>\n<meta name=\"robots\" content=\"index, follow, max-snippet:-1, max-image-preview:large, max-video-preview:-1\" \/>\n<link rel=\"canonical\" href=\"https:\/\/torebunia.pl\/sklep\/produkt\/kappa-spodnie-3\/\" \/>\n<meta property=\"og:locale\" content=\"pl_PL\" \/>\n<meta property=\"og:type\" content=\"article\" \/>\n<meta property=\"og:title\" content=\"Kappa - Spodnie\" \/>\n<meta property=\"og:description\" content=\"Parametry produktu: cena: 119.9 PLN marka: Kappa p\u0142e\u0107: Female kategoria: ONA \/ Odzie\u017c \/ Spodnie i legginsy \/ Dresowe kolor: szary Opis: Spodnie z kolekcji Kappa. Model wykonany z cienkiej,\" \/>\n<meta property=\"og:url\" content=\"https:\/\/torebunia.pl\/sklep\/produkt\/kappa-spodnie-3\/\" \/>\n<meta property=\"og:site_name\" content=\"Moje Blog\" \/>\n<meta property=\"article:modified_time\" content=\"2021-01-27T13:14:54+00:00\" \/>\n<meta property=\"og:image\" content=\"https:\/\/torebunia.pl\/sklep\/wp-content\/uploads\/2021\/01\/a8f3259a33a054a4f4af8e56e6c676537a0d0e25.jpg\" \/>\n\t<meta property=\"og:image:width\" content=\"855\" \/>\n\t<meta property=\"og:image:height\" content=\"1290\" \/>\n<meta name=\"twitter:card\" content=\"summary_large_image\" \/>\n<meta name=\"twitter:label1\" content=\"Est. reading time\">\n\t<meta name=\"twitter:data1\" content=\"1 minuta\">\n<script type=\"application\/ld+json\" class=\"yoast-schema-graph\">{\"@context\":\"https:\/\/schema.org\",\"@graph\":[{\"@type\":\"WebSite\",\"@id\":\"https:\/\/torebunia.pl\/sklep\/#website\",\"url\":\"https:\/\/torebunia.pl\/sklep\/\",\"name\":\"Moje Blog\",\"description\":\"Kolejna witryna WordPress\",\"potentialAction\":[{\"@type\":\"SearchAction\",\"target\":\"https:\/\/torebunia.pl\/sklep\/?s={search_term_string}\",\"query-input\":\"required name=search_term_string\"}],\"inLanguage\":\"pl-PL\"},{\"@type\":\"ImageObject\",\"@id\":\"https:\/\/torebunia.pl\/sklep\/produkt\/kappa-spodnie-3\/#primaryimage\",\"inLanguage\":\"pl-PL\",\"url\":\"https:\/\/torebunia.pl\/sklep\/wp-content\/uploads\/2021\/01\/a8f3259a33a054a4f4af8e56e6c676537a0d0e25.jpg\",\"width\":855,\"height\":1290,\"caption\":\"Kappa - Spodnie\"},{\"@type\":\"WebPage\",\"@id\":\"https:\/\/torebunia.pl\/sklep\/produkt\/kappa-spodnie-3\/#webpage\",\"url\":\"https:\/\/torebunia.pl\/sklep\/produkt\/kappa-spodnie-3\/\",\"name\":\"Kappa - Spodnie\",\"isPartOf\":{\"@id\":\"https:\/\/torebunia.pl\/sklep\/#website\"},\"primaryImageOfPage\":{\"@id\":\"https:\/\/torebunia.pl\/sklep\/produkt\/kappa-spodnie-3\/#primaryimage\"},\"datePublished\":\"2020-03-15T08:26:52+00:00\",\"dateModified\":\"2021-01-27T13:14:54+00:00\",\"inLanguage\":\"pl-PL\",\"potentialAction\":[{\"@type\":\"ReadAction\",\"target\":[\"https:\/\/torebunia.pl\/sklep\/produkt\/kappa-spodnie-3\/\"]}]}]}<\/script>\n<!-- \/ Yoast SEO plugin. -->","_links":{"self":[{"href":"https:\/\/torebunia.pl\/sklep\/wp-json\/wp\/v2\/product\/10275","targetHints":{"allow":["GET"]}}],"collection":[{"href":"https:\/\/torebunia.pl\/sklep\/wp-json\/wp\/v2\/product"}],"about":[{"href":"https:\/\/torebunia.pl\/sklep\/wp-json\/wp\/v2\/types\/product"}],"replies":[{"embeddable":true,"href":"https:\/\/torebunia.pl\/sklep\/wp-json\/wp\/v2\/comments?post=10275"}],"wp:featuredmedia":[{"embeddable":true,"href":"https:\/\/torebunia.pl\/sklep\/wp-json\/wp\/v2\/media\/10276"}],"wp:attachment":[{"href":"https:\/\/torebunia.pl\/sklep\/wp-json\/wp\/v2\/media?parent=10275"}],"curies":[{"name":"wp","href":"https:\/\/api.w.org\/{rel}","templated":true}]}}