{"id":10125,"date":"2020-10-11T11:54:41","date_gmt":"2020-10-11T11:54:41","guid":{"rendered":"https:\/\/torebunia.pl\/sklep\/produkt\/tommy-jeans-sniegowce-2\/"},"modified":"2021-01-27T13:13:46","modified_gmt":"2021-01-27T13:13:46","slug":"tommy-jeans-sniegowce-2","status":"publish","type":"product","link":"https:\/\/torebunia.pl\/sklep\/produkt\/tommy-jeans-sniegowce-2\/","title":{"rendered":"Tommy Jeans &#8211; \u015aniegowce"},"content":{"rendered":"<p>Parametry produktu:<\/p>\n<ul>\n<li>cena: <strong>639.9 PLN<\/strong><\/li>\n<li>marka: <strong>Tommy Jeans<\/strong><\/li>\n<li>p\u0142e\u0107: <strong>Female<\/strong><\/li>\n<li>kategoria: <strong>ONA \/ Obuwie \/ \u015aniegowce<\/strong><\/li>\n<li>kolor: <strong>granatowy<\/strong><\/li>\n<\/ul>\n<p>Opis:<br \/>\n\u015aniegowce z kolekcji Tommy Jeans. Model wykonany z po\u0142\u0105czenia materia\u0142u tekstylnego i syntetycznego. &#8211; Ocieplony model. &#8211; Lekko usztywniony nosek. &#8211; \u017b\u0142obiona podeszwa. &#8211; Usztywniony zapi\u0119tek. &#8211; Tekstylne wn\u0119trze. &#8211; Sznurowany model. &#8211; D\u0142ugo\u015b\u0107 wk\u0142adki wynosi: 24 cm. &#8211; Wymiary podane dla rozmiaru: 37. Materia\u0142: tekstylny Materia\u0142: syntetyczny Obcas: p\u0142aski Ocieplenie: ocieplane Zapi\u0119cie: sznurowanie Sk\u0142ad: Cholewka: Materia\u0142 syntetyczny, Materia\u0142 tekstylny, Wn\u0119trze: Materia\u0142 tekstylny, Podeszwa: Materia\u0142 syntetyczny ID produktu: 4910-OBD2FJ Kod producenta: EN0EN00702<\/p>\n","protected":false},"excerpt":{"rendered":"<p>Parametry produktu: cena: 639.9 PLN marka: Tommy Jeans p\u0142e\u0107: Female kategoria: ONA \/ Obuwie \/ \u015aniegowce kolor: granatowy Opis: \u015aniegowce z kolekcji Tommy Jeans. Model wykonany z po\u0142\u0105czenia materia\u0142u tekstylnego<\/p>\n","protected":false},"featured_media":10126,"comment_status":"closed","ping_status":"open","template":"","meta":[],"class_list":{"0":"post-10125","1":"product","2":"type-product","3":"status-publish","5":"hentry","6":"product_cat-obuwie","7":"product_cat-ona","8":"product_cat-sniegowce","9":"product_tag-tommy-jeans","10":"product_tag-tommy-jeans-sniegowce"},"yoast_head":"<!-- This site is optimized with the Yoast SEO plugin v15.6.2 - https:\/\/yoast.com\/wordpress\/plugins\/seo\/ -->\n<title>Tommy Jeans - \u015aniegowce<\/title>\n<meta name=\"robots\" content=\"index, follow, max-snippet:-1, max-image-preview:large, max-video-preview:-1\" \/>\n<link rel=\"canonical\" href=\"https:\/\/torebunia.pl\/sklep\/produkt\/tommy-jeans-sniegowce-2\/\" \/>\n<meta property=\"og:locale\" content=\"pl_PL\" \/>\n<meta property=\"og:type\" content=\"article\" \/>\n<meta property=\"og:title\" content=\"Tommy Jeans - \u015aniegowce\" \/>\n<meta property=\"og:description\" content=\"Parametry produktu: cena: 639.9 PLN marka: Tommy Jeans p\u0142e\u0107: Female kategoria: ONA \/ Obuwie \/ \u015aniegowce kolor: granatowy Opis: \u015aniegowce z kolekcji Tommy Jeans. Model wykonany z po\u0142\u0105czenia materia\u0142u tekstylnego\" \/>\n<meta property=\"og:url\" content=\"https:\/\/torebunia.pl\/sklep\/produkt\/tommy-jeans-sniegowce-2\/\" \/>\n<meta property=\"og:site_name\" content=\"Moje Blog\" \/>\n<meta property=\"article:modified_time\" content=\"2021-01-27T13:13:46+00:00\" \/>\n<meta property=\"og:image\" content=\"https:\/\/torebunia.pl\/sklep\/wp-content\/uploads\/2021\/01\/803e2f8b06e2abf06560b4521eb015eac1e114dc-1.jpg\" \/>\n\t<meta property=\"og:image:width\" content=\"855\" \/>\n\t<meta property=\"og:image:height\" content=\"1290\" \/>\n<meta name=\"twitter:card\" content=\"summary_large_image\" \/>\n<script type=\"application\/ld+json\" class=\"yoast-schema-graph\">{\"@context\":\"https:\/\/schema.org\",\"@graph\":[{\"@type\":\"WebSite\",\"@id\":\"https:\/\/torebunia.pl\/sklep\/#website\",\"url\":\"https:\/\/torebunia.pl\/sklep\/\",\"name\":\"Moje Blog\",\"description\":\"Kolejna witryna WordPress\",\"potentialAction\":[{\"@type\":\"SearchAction\",\"target\":\"https:\/\/torebunia.pl\/sklep\/?s={search_term_string}\",\"query-input\":\"required name=search_term_string\"}],\"inLanguage\":\"pl-PL\"},{\"@type\":\"ImageObject\",\"@id\":\"https:\/\/torebunia.pl\/sklep\/produkt\/tommy-jeans-sniegowce-2\/#primaryimage\",\"inLanguage\":\"pl-PL\",\"url\":\"https:\/\/torebunia.pl\/sklep\/wp-content\/uploads\/2021\/01\/803e2f8b06e2abf06560b4521eb015eac1e114dc-1.jpg\",\"width\":855,\"height\":1290,\"caption\":\"Tommy Jeans - \\u015aniegowce\"},{\"@type\":\"WebPage\",\"@id\":\"https:\/\/torebunia.pl\/sklep\/produkt\/tommy-jeans-sniegowce-2\/#webpage\",\"url\":\"https:\/\/torebunia.pl\/sklep\/produkt\/tommy-jeans-sniegowce-2\/\",\"name\":\"Tommy Jeans - \\u015aniegowce\",\"isPartOf\":{\"@id\":\"https:\/\/torebunia.pl\/sklep\/#website\"},\"primaryImageOfPage\":{\"@id\":\"https:\/\/torebunia.pl\/sklep\/produkt\/tommy-jeans-sniegowce-2\/#primaryimage\"},\"datePublished\":\"2020-10-11T11:54:41+00:00\",\"dateModified\":\"2021-01-27T13:13:46+00:00\",\"inLanguage\":\"pl-PL\",\"potentialAction\":[{\"@type\":\"ReadAction\",\"target\":[\"https:\/\/torebunia.pl\/sklep\/produkt\/tommy-jeans-sniegowce-2\/\"]}]}]}<\/script>\n<!-- \/ Yoast SEO plugin. -->","_links":{"self":[{"href":"https:\/\/torebunia.pl\/sklep\/wp-json\/wp\/v2\/product\/10125","targetHints":{"allow":["GET"]}}],"collection":[{"href":"https:\/\/torebunia.pl\/sklep\/wp-json\/wp\/v2\/product"}],"about":[{"href":"https:\/\/torebunia.pl\/sklep\/wp-json\/wp\/v2\/types\/product"}],"replies":[{"embeddable":true,"href":"https:\/\/torebunia.pl\/sklep\/wp-json\/wp\/v2\/comments?post=10125"}],"wp:featuredmedia":[{"embeddable":true,"href":"https:\/\/torebunia.pl\/sklep\/wp-json\/wp\/v2\/media\/10126"}],"wp:attachment":[{"href":"https:\/\/torebunia.pl\/sklep\/wp-json\/wp\/v2\/media?parent=10125"}],"curies":[{"name":"wp","href":"https:\/\/api.w.org\/{rel}","templated":true}]}}