{"id":10121,"date":"2020-08-13T07:30:33","date_gmt":"2020-08-13T07:30:33","guid":{"rendered":"https:\/\/torebunia.pl\/sklep\/produkt\/reebok-biustonosz-sportowy-2\/"},"modified":"2021-01-27T13:13:42","modified_gmt":"2021-01-27T13:13:42","slug":"reebok-biustonosz-sportowy-2","status":"publish","type":"product","link":"https:\/\/torebunia.pl\/sklep\/produkt\/reebok-biustonosz-sportowy-2\/","title":{"rendered":"Reebok &#8211; Biustonosz sportowy"},"content":{"rendered":"<p>Parametry produktu:<\/p>\n<ul>\n<li>cena: <strong>89.9 PLN<\/strong><\/li>\n<li>marka: <strong>Reebok<\/strong><\/li>\n<li>p\u0142e\u0107: <strong>Female<\/strong><\/li>\n<li>kategoria: <strong>ONA \/ Odzie\u017c \/ Bielizna \/ Biustonosze sportowe<\/strong><\/li>\n<li>kolor: <strong>ostry r\u00f3\u017cowy<\/strong><\/li>\n<\/ul>\n<p>Opis:<br \/>\nBiustonosz sportowy z kolekcji Reebok. Model wykonany z komfortowego materia\u0142u. &#8211; Technologia SpeedWick poch\u0142ania pot z powierzchni sk\u00f3ry, zapewniaj\u0105c komfortowe poczucie sucho\u015bci &#8211; Lekko usztywniona miseczka. &#8211; Nieregulowane, nieodpinane rami\u0105czka. &#8211; Model wyko\u0144czony elastyczn\u0105 listw\u0105. &#8211; Miseczka z wyjmowanymi wk\u0142adkami. Wz\u00f3r: g\u0142adkie Miseczka: lekko usztywniana Miseczka: bez fiszbin\u00f3w Sk\u0142ad: 9 % Elastan, 91 % Poliester ID produktu: 4900-BID0FU Kod producenta: FU2291<\/p>\n","protected":false},"excerpt":{"rendered":"<p>Parametry produktu: cena: 89.9 PLN marka: Reebok p\u0142e\u0107: Female kategoria: ONA \/ Odzie\u017c \/ Bielizna \/ Biustonosze sportowe kolor: ostry r\u00f3\u017cowy Opis: Biustonosz sportowy z kolekcji Reebok. Model wykonany z<\/p>\n","protected":false},"featured_media":10122,"comment_status":"closed","ping_status":"open","template":"","meta":[],"class_list":{"0":"post-10121","1":"product","2":"type-product","3":"status-publish","5":"hentry","6":"product_cat-bielizna","7":"product_cat-biustonosze-sportowe","8":"product_cat-odziez","9":"product_cat-ona","10":"product_tag-reebok","11":"product_tag-reebok-biustonosz-sportowy"},"yoast_head":"<!-- This site is optimized with the Yoast SEO plugin v15.6.2 - https:\/\/yoast.com\/wordpress\/plugins\/seo\/ -->\n<title>Reebok - Biustonosz sportowy<\/title>\n<meta name=\"robots\" content=\"index, follow, max-snippet:-1, max-image-preview:large, max-video-preview:-1\" \/>\n<link rel=\"canonical\" href=\"https:\/\/torebunia.pl\/sklep\/produkt\/reebok-biustonosz-sportowy-2\/\" \/>\n<meta property=\"og:locale\" content=\"pl_PL\" \/>\n<meta property=\"og:type\" content=\"article\" \/>\n<meta property=\"og:title\" content=\"Reebok - Biustonosz sportowy\" \/>\n<meta property=\"og:description\" content=\"Parametry produktu: cena: 89.9 PLN marka: Reebok p\u0142e\u0107: Female kategoria: ONA \/ Odzie\u017c \/ Bielizna \/ Biustonosze sportowe kolor: ostry r\u00f3\u017cowy Opis: Biustonosz sportowy z kolekcji Reebok. Model wykonany z\" \/>\n<meta property=\"og:url\" content=\"https:\/\/torebunia.pl\/sklep\/produkt\/reebok-biustonosz-sportowy-2\/\" \/>\n<meta property=\"og:site_name\" content=\"Moje Blog\" \/>\n<meta property=\"article:modified_time\" content=\"2021-01-27T13:13:42+00:00\" \/>\n<meta property=\"og:image\" content=\"https:\/\/torebunia.pl\/sklep\/wp-content\/uploads\/2021\/01\/929760fe1e4146152c7699a0aeb501e250e9acda.jpg\" \/>\n\t<meta property=\"og:image:width\" content=\"855\" \/>\n\t<meta property=\"og:image:height\" content=\"1290\" \/>\n<meta name=\"twitter:card\" content=\"summary_large_image\" \/>\n<script type=\"application\/ld+json\" class=\"yoast-schema-graph\">{\"@context\":\"https:\/\/schema.org\",\"@graph\":[{\"@type\":\"WebSite\",\"@id\":\"https:\/\/torebunia.pl\/sklep\/#website\",\"url\":\"https:\/\/torebunia.pl\/sklep\/\",\"name\":\"Moje Blog\",\"description\":\"Kolejna witryna WordPress\",\"potentialAction\":[{\"@type\":\"SearchAction\",\"target\":\"https:\/\/torebunia.pl\/sklep\/?s={search_term_string}\",\"query-input\":\"required name=search_term_string\"}],\"inLanguage\":\"pl-PL\"},{\"@type\":\"ImageObject\",\"@id\":\"https:\/\/torebunia.pl\/sklep\/produkt\/reebok-biustonosz-sportowy-2\/#primaryimage\",\"inLanguage\":\"pl-PL\",\"url\":\"https:\/\/torebunia.pl\/sklep\/wp-content\/uploads\/2021\/01\/929760fe1e4146152c7699a0aeb501e250e9acda.jpg\",\"width\":855,\"height\":1290,\"caption\":\"Reebok - Biustonosz sportowy\"},{\"@type\":\"WebPage\",\"@id\":\"https:\/\/torebunia.pl\/sklep\/produkt\/reebok-biustonosz-sportowy-2\/#webpage\",\"url\":\"https:\/\/torebunia.pl\/sklep\/produkt\/reebok-biustonosz-sportowy-2\/\",\"name\":\"Reebok - Biustonosz sportowy\",\"isPartOf\":{\"@id\":\"https:\/\/torebunia.pl\/sklep\/#website\"},\"primaryImageOfPage\":{\"@id\":\"https:\/\/torebunia.pl\/sklep\/produkt\/reebok-biustonosz-sportowy-2\/#primaryimage\"},\"datePublished\":\"2020-08-13T07:30:33+00:00\",\"dateModified\":\"2021-01-27T13:13:42+00:00\",\"inLanguage\":\"pl-PL\",\"potentialAction\":[{\"@type\":\"ReadAction\",\"target\":[\"https:\/\/torebunia.pl\/sklep\/produkt\/reebok-biustonosz-sportowy-2\/\"]}]}]}<\/script>\n<!-- \/ Yoast SEO plugin. -->","_links":{"self":[{"href":"https:\/\/torebunia.pl\/sklep\/wp-json\/wp\/v2\/product\/10121","targetHints":{"allow":["GET"]}}],"collection":[{"href":"https:\/\/torebunia.pl\/sklep\/wp-json\/wp\/v2\/product"}],"about":[{"href":"https:\/\/torebunia.pl\/sklep\/wp-json\/wp\/v2\/types\/product"}],"replies":[{"embeddable":true,"href":"https:\/\/torebunia.pl\/sklep\/wp-json\/wp\/v2\/comments?post=10121"}],"wp:featuredmedia":[{"embeddable":true,"href":"https:\/\/torebunia.pl\/sklep\/wp-json\/wp\/v2\/media\/10122"}],"wp:attachment":[{"href":"https:\/\/torebunia.pl\/sklep\/wp-json\/wp\/v2\/media?parent=10121"}],"curies":[{"name":"wp","href":"https:\/\/api.w.org\/{rel}","templated":true}]}}