{"id":10101,"date":"2020-09-21T06:05:19","date_gmt":"2020-09-21T06:05:19","guid":{"rendered":"https:\/\/torebunia.pl\/sklep\/produkt\/fila-kurtka-10\/"},"modified":"2021-01-27T13:10:36","modified_gmt":"2021-01-27T13:10:36","slug":"fila-kurtka-10","status":"publish","type":"product","link":"https:\/\/torebunia.pl\/sklep\/produkt\/fila-kurtka-10\/","title":{"rendered":"Fila &#8211; Kurtka"},"content":{"rendered":"<p>Parametry produktu:<\/p>\n<ul>\n<li>cena: <strong>559.9 PLN<\/strong><\/li>\n<li>marka: <strong>Fila<\/strong><\/li>\n<li>p\u0142e\u0107: <strong>Female<\/strong><\/li>\n<li>kategoria: <strong>ONA \/ Odzie\u017c \/ Kurtki i p\u0142aszcze \/ Kurtki d\u0142ugie<\/strong><\/li>\n<li>kolor: <strong>fioletowy<\/strong><\/li>\n<\/ul>\n<p>Opis:<br \/>\nKurtka z kolekcji Fila. Ocieplony model wykonany ze wzorzystego materia\u0142u. &#8211; Ocieplony model na podszewce. &#8211; Prosty fason. &#8211; Zapi\u0119cie na suwak. &#8211; Zapinane kieszenie. &#8211; Model z kapturem. &#8211; Wzorzysta tkanina. &#8211; D\u0142ugo\u015b\u0107 r\u0119kawa: 58 cm. &#8211; D\u0142ugo\u015b\u0107: 86 cm. &#8211; Szeroko\u015b\u0107 pod pachami: 61 cm. &#8211; Szeroko\u015b\u0107 w ramionach: 50 cm. &#8211; Wymiary podane dla rozmiaru: S. Podszewka: z podszewk\u0105 Kaptur: z kapturem Ocieplenie: ocieplane Sk\u0142ad: 100 % Poliester ID produktu: 4900-KUD0KN Kod producenta: 687978<\/p>\n","protected":false},"excerpt":{"rendered":"<p>Parametry produktu: cena: 559.9 PLN marka: Fila p\u0142e\u0107: Female kategoria: ONA \/ Odzie\u017c \/ Kurtki i p\u0142aszcze \/ Kurtki d\u0142ugie kolor: fioletowy Opis: Kurtka z kolekcji Fila. Ocieplony model wykonany<\/p>\n","protected":false},"featured_media":10102,"comment_status":"closed","ping_status":"open","template":"","meta":[],"class_list":{"0":"post-10101","1":"product","2":"type-product","3":"status-publish","5":"hentry","6":"product_cat-kurtki-dlugie","7":"product_cat-kurtki-i-plaszcze","8":"product_cat-odziez","9":"product_cat-ona","10":"product_tag-fila","11":"product_tag-fila-kurtka"},"yoast_head":"<!-- This site is optimized with the Yoast SEO plugin v15.6.2 - https:\/\/yoast.com\/wordpress\/plugins\/seo\/ -->\n<title>Fila - Kurtka<\/title>\n<meta name=\"robots\" content=\"index, follow, max-snippet:-1, max-image-preview:large, max-video-preview:-1\" \/>\n<link rel=\"canonical\" href=\"https:\/\/torebunia.pl\/sklep\/produkt\/fila-kurtka-10\/\" \/>\n<meta property=\"og:locale\" content=\"pl_PL\" \/>\n<meta property=\"og:type\" content=\"article\" \/>\n<meta property=\"og:title\" content=\"Fila - Kurtka\" \/>\n<meta property=\"og:description\" content=\"Parametry produktu: cena: 559.9 PLN marka: Fila p\u0142e\u0107: Female kategoria: ONA \/ Odzie\u017c \/ Kurtki i p\u0142aszcze \/ Kurtki d\u0142ugie kolor: fioletowy Opis: Kurtka z kolekcji Fila. Ocieplony model wykonany\" \/>\n<meta property=\"og:url\" content=\"https:\/\/torebunia.pl\/sklep\/produkt\/fila-kurtka-10\/\" \/>\n<meta property=\"og:site_name\" content=\"Moje Blog\" \/>\n<meta property=\"article:modified_time\" content=\"2021-01-27T13:10:36+00:00\" \/>\n<meta property=\"og:image\" content=\"https:\/\/torebunia.pl\/sklep\/wp-content\/uploads\/2021\/01\/b8fbfd139772be96f52a07414452d0d8d812e4b7.jpg\" \/>\n\t<meta property=\"og:image:width\" content=\"855\" \/>\n\t<meta property=\"og:image:height\" content=\"1290\" \/>\n<meta name=\"twitter:card\" content=\"summary_large_image\" \/>\n<script type=\"application\/ld+json\" class=\"yoast-schema-graph\">{\"@context\":\"https:\/\/schema.org\",\"@graph\":[{\"@type\":\"WebSite\",\"@id\":\"https:\/\/torebunia.pl\/sklep\/#website\",\"url\":\"https:\/\/torebunia.pl\/sklep\/\",\"name\":\"Moje Blog\",\"description\":\"Kolejna witryna WordPress\",\"potentialAction\":[{\"@type\":\"SearchAction\",\"target\":\"https:\/\/torebunia.pl\/sklep\/?s={search_term_string}\",\"query-input\":\"required name=search_term_string\"}],\"inLanguage\":\"pl-PL\"},{\"@type\":\"ImageObject\",\"@id\":\"https:\/\/torebunia.pl\/sklep\/produkt\/fila-kurtka-10\/#primaryimage\",\"inLanguage\":\"pl-PL\",\"url\":\"https:\/\/torebunia.pl\/sklep\/wp-content\/uploads\/2021\/01\/b8fbfd139772be96f52a07414452d0d8d812e4b7.jpg\",\"width\":855,\"height\":1290,\"caption\":\"Fila - Kurtka\"},{\"@type\":\"WebPage\",\"@id\":\"https:\/\/torebunia.pl\/sklep\/produkt\/fila-kurtka-10\/#webpage\",\"url\":\"https:\/\/torebunia.pl\/sklep\/produkt\/fila-kurtka-10\/\",\"name\":\"Fila - Kurtka\",\"isPartOf\":{\"@id\":\"https:\/\/torebunia.pl\/sklep\/#website\"},\"primaryImageOfPage\":{\"@id\":\"https:\/\/torebunia.pl\/sklep\/produkt\/fila-kurtka-10\/#primaryimage\"},\"datePublished\":\"2020-09-21T06:05:19+00:00\",\"dateModified\":\"2021-01-27T13:10:36+00:00\",\"inLanguage\":\"pl-PL\",\"potentialAction\":[{\"@type\":\"ReadAction\",\"target\":[\"https:\/\/torebunia.pl\/sklep\/produkt\/fila-kurtka-10\/\"]}]}]}<\/script>\n<!-- \/ Yoast SEO plugin. -->","_links":{"self":[{"href":"https:\/\/torebunia.pl\/sklep\/wp-json\/wp\/v2\/product\/10101","targetHints":{"allow":["GET"]}}],"collection":[{"href":"https:\/\/torebunia.pl\/sklep\/wp-json\/wp\/v2\/product"}],"about":[{"href":"https:\/\/torebunia.pl\/sklep\/wp-json\/wp\/v2\/types\/product"}],"replies":[{"embeddable":true,"href":"https:\/\/torebunia.pl\/sklep\/wp-json\/wp\/v2\/comments?post=10101"}],"wp:featuredmedia":[{"embeddable":true,"href":"https:\/\/torebunia.pl\/sklep\/wp-json\/wp\/v2\/media\/10102"}],"wp:attachment":[{"href":"https:\/\/torebunia.pl\/sklep\/wp-json\/wp\/v2\/media?parent=10101"}],"curies":[{"name":"wp","href":"https:\/\/api.w.org\/{rel}","templated":true}]}}