{"id":1010,"date":"2020-10-12T00:32:05","date_gmt":"2020-10-12T00:32:05","guid":{"rendered":"https:\/\/torebunia.pl\/sklep\/produkt\/columbia-komin\/"},"modified":"2021-01-25T13:47:33","modified_gmt":"2021-01-25T13:47:33","slug":"columbia-komin","status":"publish","type":"product","link":"https:\/\/torebunia.pl\/sklep\/produkt\/columbia-komin\/","title":{"rendered":"Columbia &#8211; Komin"},"content":{"rendered":"<p>Parametry produktu:<\/p>\n<ul>\n<li>cena: <strong>69.9 PLN<\/strong><\/li>\n<li>marka: <strong>Columbia<\/strong><\/li>\n<li>p\u0142e\u0107: <strong>Female<\/strong><\/li>\n<li>kategoria: <strong>ONA \/ Akcesoria \/ Szaliki i chusty \/ Kominy<\/strong><\/li>\n<li>kolor: <strong>brudny r\u00f3\u017c<\/strong><\/li>\n<\/ul>\n<p>Opis:<br \/>\nKomin z kolekcji Columbia. Model wykonany z g\u0142adkiej dzianiny. &#8211; Wymiary: 27 x 23 cm. Wz\u00f3r: g\u0142adkie Materia\u0142: dzianina Sk\u0142ad: 100 % Poliester ID produktu: 4900-SAD06C Kod producenta: 1911181<\/p>\n","protected":false},"excerpt":{"rendered":"<p>Parametry produktu: cena: 69.9 PLN marka: Columbia p\u0142e\u0107: Female kategoria: ONA \/ Akcesoria \/ Szaliki i chusty \/ Kominy kolor: brudny r\u00f3\u017c Opis: Komin z kolekcji Columbia. Model wykonany z<\/p>\n","protected":false},"featured_media":1011,"comment_status":"closed","ping_status":"open","template":"","meta":[],"class_list":{"0":"post-1010","1":"product","2":"type-product","3":"status-publish","5":"hentry","6":"product_cat-akcesoria","7":"product_cat-kominy","8":"product_cat-ona","9":"product_cat-szaliki-i-chusty","10":"product_tag-columbia","11":"product_tag-columbia-komin"},"yoast_head":"<!-- This site is optimized with the Yoast SEO plugin v15.6.2 - https:\/\/yoast.com\/wordpress\/plugins\/seo\/ -->\n<title>Columbia - Komin<\/title>\n<meta name=\"robots\" content=\"index, follow, max-snippet:-1, max-image-preview:large, max-video-preview:-1\" \/>\n<link rel=\"canonical\" href=\"https:\/\/torebunia.pl\/sklep\/produkt\/columbia-komin\/\" \/>\n<meta property=\"og:locale\" content=\"pl_PL\" \/>\n<meta property=\"og:type\" content=\"article\" \/>\n<meta property=\"og:title\" content=\"Columbia - Komin\" \/>\n<meta property=\"og:description\" content=\"Parametry produktu: cena: 69.9 PLN marka: Columbia p\u0142e\u0107: Female kategoria: ONA \/ Akcesoria \/ Szaliki i chusty \/ Kominy kolor: brudny r\u00f3\u017c Opis: Komin z kolekcji Columbia. Model wykonany z\" \/>\n<meta property=\"og:url\" content=\"https:\/\/torebunia.pl\/sklep\/produkt\/columbia-komin\/\" \/>\n<meta property=\"og:site_name\" content=\"Moje Blog\" \/>\n<meta property=\"article:modified_time\" content=\"2021-01-25T13:47:33+00:00\" \/>\n<meta property=\"og:image\" content=\"https:\/\/torebunia.pl\/sklep\/wp-content\/uploads\/2021\/01\/ee74b4af5959693be4a670e1fe76b8b2274c6f6d.jpg\" \/>\n\t<meta property=\"og:image:width\" content=\"855\" \/>\n\t<meta property=\"og:image:height\" content=\"1290\" \/>\n<meta name=\"twitter:card\" content=\"summary_large_image\" \/>\n<script type=\"application\/ld+json\" class=\"yoast-schema-graph\">{\"@context\":\"https:\/\/schema.org\",\"@graph\":[{\"@type\":\"WebSite\",\"@id\":\"https:\/\/torebunia.pl\/sklep\/#website\",\"url\":\"https:\/\/torebunia.pl\/sklep\/\",\"name\":\"Moje Blog\",\"description\":\"Kolejna witryna WordPress\",\"potentialAction\":[{\"@type\":\"SearchAction\",\"target\":\"https:\/\/torebunia.pl\/sklep\/?s={search_term_string}\",\"query-input\":\"required name=search_term_string\"}],\"inLanguage\":\"pl-PL\"},{\"@type\":\"ImageObject\",\"@id\":\"https:\/\/torebunia.pl\/sklep\/produkt\/columbia-komin\/#primaryimage\",\"inLanguage\":\"pl-PL\",\"url\":\"https:\/\/torebunia.pl\/sklep\/wp-content\/uploads\/2021\/01\/ee74b4af5959693be4a670e1fe76b8b2274c6f6d.jpg\",\"width\":855,\"height\":1290,\"caption\":\"Columbia - Komin\"},{\"@type\":\"WebPage\",\"@id\":\"https:\/\/torebunia.pl\/sklep\/produkt\/columbia-komin\/#webpage\",\"url\":\"https:\/\/torebunia.pl\/sklep\/produkt\/columbia-komin\/\",\"name\":\"Columbia - Komin\",\"isPartOf\":{\"@id\":\"https:\/\/torebunia.pl\/sklep\/#website\"},\"primaryImageOfPage\":{\"@id\":\"https:\/\/torebunia.pl\/sklep\/produkt\/columbia-komin\/#primaryimage\"},\"datePublished\":\"2020-10-12T00:32:05+00:00\",\"dateModified\":\"2021-01-25T13:47:33+00:00\",\"inLanguage\":\"pl-PL\",\"potentialAction\":[{\"@type\":\"ReadAction\",\"target\":[\"https:\/\/torebunia.pl\/sklep\/produkt\/columbia-komin\/\"]}]}]}<\/script>\n<!-- \/ Yoast SEO plugin. -->","_links":{"self":[{"href":"https:\/\/torebunia.pl\/sklep\/wp-json\/wp\/v2\/product\/1010","targetHints":{"allow":["GET"]}}],"collection":[{"href":"https:\/\/torebunia.pl\/sklep\/wp-json\/wp\/v2\/product"}],"about":[{"href":"https:\/\/torebunia.pl\/sklep\/wp-json\/wp\/v2\/types\/product"}],"replies":[{"embeddable":true,"href":"https:\/\/torebunia.pl\/sklep\/wp-json\/wp\/v2\/comments?post=1010"}],"wp:featuredmedia":[{"embeddable":true,"href":"https:\/\/torebunia.pl\/sklep\/wp-json\/wp\/v2\/media\/1011"}],"wp:attachment":[{"href":"https:\/\/torebunia.pl\/sklep\/wp-json\/wp\/v2\/media?parent=1010"}],"curies":[{"name":"wp","href":"https:\/\/api.w.org\/{rel}","templated":true}]}}