{"id":10095,"date":"2020-03-13T09:33:21","date_gmt":"2020-03-13T09:33:21","guid":{"rendered":"https:\/\/torebunia.pl\/sklep\/produkt\/liu-jo-japonki\/"},"modified":"2021-01-27T13:09:21","modified_gmt":"2021-01-27T13:09:21","slug":"liu-jo-japonki","status":"publish","type":"product","link":"https:\/\/torebunia.pl\/sklep\/produkt\/liu-jo-japonki\/","title":{"rendered":"Liu Jo &#8211; Japonki"},"content":{"rendered":"<p>Parametry produktu:<\/p>\n<ul>\n<li>cena: <strong>269.9 PLN<\/strong><\/li>\n<li>marka: <strong>Liu Jo<\/strong><\/li>\n<li>p\u0142e\u0107: <strong>Female<\/strong><\/li>\n<li>kategoria: <strong>ONA \/ Obuwie \/ Klapki i sanda\u0142y \/ Japonki<\/strong><\/li>\n<li>kolor: <strong>turkusowy<\/strong><\/li>\n<\/ul>\n<p>Opis:<br \/>\nJaponki z kolekcji Liu Jo. Model wykonany z materia\u0142u syntetycznego. Uwaga: oryginalna rozmiar\u00f3wka produkt\u00f3w tej marki jest rozmiar\u00f3wk\u0105 w\u0142osk\u0105. Informujemy, \u017ce rozmiary na metkach mog\u0105 r\u00f3\u017cni\u0107 si\u0119 od zamawianych ze wzgl\u0119du na zastosowany przelicznik. &#8211; Wzorzysty materia\u0142. &#8211; Stabilna podeszwa. &#8211; Model na koturnie. &#8211; Wysoko\u015b\u0107 koturna: 4,5 cm. &#8211; D\u0142ugo\u015b\u0107 wk\u0142adki wynosi: 23 cm. &#8211; Wymiary podane dla rozmiaru: 37. Materia\u0142: syntetyczny Obcas: koturn Wysoko\u015b\u0107 obcasa: do 5 cm Sk\u0142ad: Materia\u0142 syntetyczny ID produktu: 4901-KLD0B2 Kod producenta: VA0186.E0396<\/p>\n","protected":false},"excerpt":{"rendered":"<p>Parametry produktu: cena: 269.9 PLN marka: Liu Jo p\u0142e\u0107: Female kategoria: ONA \/ Obuwie \/ Klapki i sanda\u0142y \/ Japonki kolor: turkusowy Opis: Japonki z kolekcji Liu Jo. Model wykonany<\/p>\n","protected":false},"featured_media":10096,"comment_status":"closed","ping_status":"open","template":"","meta":[],"class_list":{"0":"post-10095","1":"product","2":"type-product","3":"status-publish","5":"hentry","6":"product_cat-japonki","7":"product_cat-klapki-i-sandaly","8":"product_cat-obuwie","9":"product_cat-ona","10":"product_tag-liu-jo","11":"product_tag-liu-jo-japonki"},"yoast_head":"<!-- This site is optimized with the Yoast SEO plugin v15.6.2 - https:\/\/yoast.com\/wordpress\/plugins\/seo\/ -->\n<title>Liu Jo - Japonki<\/title>\n<meta name=\"robots\" content=\"index, follow, max-snippet:-1, max-image-preview:large, max-video-preview:-1\" \/>\n<link rel=\"canonical\" href=\"https:\/\/torebunia.pl\/sklep\/produkt\/liu-jo-japonki\/\" \/>\n<meta property=\"og:locale\" content=\"pl_PL\" \/>\n<meta property=\"og:type\" content=\"article\" \/>\n<meta property=\"og:title\" content=\"Liu Jo - Japonki\" \/>\n<meta property=\"og:description\" content=\"Parametry produktu: cena: 269.9 PLN marka: Liu Jo p\u0142e\u0107: Female kategoria: ONA \/ Obuwie \/ Klapki i sanda\u0142y \/ Japonki kolor: turkusowy Opis: Japonki z kolekcji Liu Jo. Model wykonany\" \/>\n<meta property=\"og:url\" content=\"https:\/\/torebunia.pl\/sklep\/produkt\/liu-jo-japonki\/\" \/>\n<meta property=\"og:site_name\" content=\"Moje Blog\" \/>\n<meta property=\"article:modified_time\" content=\"2021-01-27T13:09:21+00:00\" \/>\n<meta property=\"og:image\" content=\"https:\/\/torebunia.pl\/sklep\/wp-content\/uploads\/2021\/01\/fc9f4310cc486bf79efae7028ea0020c0310f196.jpg\" \/>\n\t<meta property=\"og:image:width\" content=\"855\" \/>\n\t<meta property=\"og:image:height\" content=\"1290\" \/>\n<meta name=\"twitter:card\" content=\"summary_large_image\" \/>\n<meta name=\"twitter:label1\" content=\"Est. reading time\">\n\t<meta name=\"twitter:data1\" content=\"1 minuta\">\n<script type=\"application\/ld+json\" class=\"yoast-schema-graph\">{\"@context\":\"https:\/\/schema.org\",\"@graph\":[{\"@type\":\"WebSite\",\"@id\":\"https:\/\/torebunia.pl\/sklep\/#website\",\"url\":\"https:\/\/torebunia.pl\/sklep\/\",\"name\":\"Moje Blog\",\"description\":\"Kolejna witryna WordPress\",\"potentialAction\":[{\"@type\":\"SearchAction\",\"target\":\"https:\/\/torebunia.pl\/sklep\/?s={search_term_string}\",\"query-input\":\"required name=search_term_string\"}],\"inLanguage\":\"pl-PL\"},{\"@type\":\"ImageObject\",\"@id\":\"https:\/\/torebunia.pl\/sklep\/produkt\/liu-jo-japonki\/#primaryimage\",\"inLanguage\":\"pl-PL\",\"url\":\"https:\/\/torebunia.pl\/sklep\/wp-content\/uploads\/2021\/01\/fc9f4310cc486bf79efae7028ea0020c0310f196.jpg\",\"width\":855,\"height\":1290,\"caption\":\"Liu Jo - Japonki\"},{\"@type\":\"WebPage\",\"@id\":\"https:\/\/torebunia.pl\/sklep\/produkt\/liu-jo-japonki\/#webpage\",\"url\":\"https:\/\/torebunia.pl\/sklep\/produkt\/liu-jo-japonki\/\",\"name\":\"Liu Jo - Japonki\",\"isPartOf\":{\"@id\":\"https:\/\/torebunia.pl\/sklep\/#website\"},\"primaryImageOfPage\":{\"@id\":\"https:\/\/torebunia.pl\/sklep\/produkt\/liu-jo-japonki\/#primaryimage\"},\"datePublished\":\"2020-03-13T09:33:21+00:00\",\"dateModified\":\"2021-01-27T13:09:21+00:00\",\"inLanguage\":\"pl-PL\",\"potentialAction\":[{\"@type\":\"ReadAction\",\"target\":[\"https:\/\/torebunia.pl\/sklep\/produkt\/liu-jo-japonki\/\"]}]}]}<\/script>\n<!-- \/ Yoast SEO plugin. -->","_links":{"self":[{"href":"https:\/\/torebunia.pl\/sklep\/wp-json\/wp\/v2\/product\/10095","targetHints":{"allow":["GET"]}}],"collection":[{"href":"https:\/\/torebunia.pl\/sklep\/wp-json\/wp\/v2\/product"}],"about":[{"href":"https:\/\/torebunia.pl\/sklep\/wp-json\/wp\/v2\/types\/product"}],"replies":[{"embeddable":true,"href":"https:\/\/torebunia.pl\/sklep\/wp-json\/wp\/v2\/comments?post=10095"}],"wp:featuredmedia":[{"embeddable":true,"href":"https:\/\/torebunia.pl\/sklep\/wp-json\/wp\/v2\/media\/10096"}],"wp:attachment":[{"href":"https:\/\/torebunia.pl\/sklep\/wp-json\/wp\/v2\/media?parent=10095"}],"curies":[{"name":"wp","href":"https:\/\/api.w.org\/{rel}","templated":true}]}}